{"id":638479,"date":"2025-03-22T03:51:21","date_gmt":"2025-03-22T02:51:21","guid":{"rendered":"https:\/\/shop.kustom.ch\/?post_type=product&#038;p=638479"},"modified":"2026-04-16T08:28:40","modified_gmt":"2026-04-16T07:28:40","slug":"evolve-2-0-full-zip-jacket-jr","status":"publish","type":"product","link":"https:\/\/shop.kustom.ch\/it\/prodotto\/evolve-2-0-full-zip-jacket-jr\/","title":{"rendered":"Giacca con zip integrale Evolve 2.0 JR"},"content":{"rendered":"<p>Evolve 2.0 Full Zip \u00e8 una resistente giacca a strato medio in materiale elasticizzato che offre un eccellente trasporto dell'umidit\u00e0 durante gli allenamenti intensivi. La giacca con zip \u00e8 realizzata con materiali riciclati per ridurre l'impatto ambientale.<\/p>\n<p>Materiale: poliestere riciclato 100%<\/p>","protected":false},"excerpt":{"rendered":"<p>Evolve 2.0 Full Zip ist eine strapazierf\u00e4hige Mid-Layer-Jacke aus Stretchmaterial, die bei intensivem Training einen hervorragenden Feuchtigkeitstransport bietet. Die Jacke mit Reissverschluss ist aus Recycling-Materialien hergestellt, um unseren \u00f6kologischen Fussabdruck zu verringern. Material: 100% Recycling-Polyester<\/p>","protected":false},"featured_media":479554,"template":"","meta":[],"product_brand":[],"product_cat":[4186],"product_tag":[],"class_list":{"0":"post-638479","1":"product","2":"type-product","3":"status-publish","4":"has-post-thumbnail","6":"product_cat-jacken","7":"pa_brand-craft-teamwear","8":"pa_brand-type-sportswear","9":"pa_filter-color-blau","10":"pa_filter-color-gruen","11":"pa_filter-color-rot","12":"pa_filter-color-schwarz","14":"first","15":"instock","16":"sale","17":"taxable","18":"shipping-taxable","19":"purchasable","20":"product-type-variable","21":"add-to-wishlist-before_image"},"exclude_global_add_ons":[],"addons":[],"acf":[],"_links":{"self":[{"href":"https:\/\/shop.kustom.ch\/it\/wp-json\/wp\/v2\/product\/638479"}],"collection":[{"href":"https:\/\/shop.kustom.ch\/it\/wp-json\/wp\/v2\/product"}],"about":[{"href":"https:\/\/shop.kustom.ch\/it\/wp-json\/wp\/v2\/types\/product"}],"wp:featuredmedia":[{"embeddable":true,"href":"https:\/\/shop.kustom.ch\/it\/wp-json\/wp\/v2\/media\/479554"}],"wp:attachment":[{"href":"https:\/\/shop.kustom.ch\/it\/wp-json\/wp\/v2\/media?parent=638479"}],"wp:term":[{"taxonomy":"product_brand","embeddable":true,"href":"https:\/\/shop.kustom.ch\/it\/wp-json\/wp\/v2\/product_brand?post=638479"},{"taxonomy":"product_cat","embeddable":true,"href":"https:\/\/shop.kustom.ch\/it\/wp-json\/wp\/v2\/product_cat?post=638479"},{"taxonomy":"product_tag","embeddable":true,"href":"https:\/\/shop.kustom.ch\/it\/wp-json\/wp\/v2\/product_tag?post=638479"}],"curies":[{"name":"wp","href":"https:\/\/api.w.org\/{rel}","templated":true}]}}