{"id":638421,"date":"2025-03-22T03:50:54","date_gmt":"2025-03-22T02:50:54","guid":{"rendered":"https:\/\/shop.kustom.ch\/?post_type=product&#038;p=638421"},"modified":"2026-03-27T14:30:51","modified_gmt":"2026-03-27T13:30:51","slug":"evolve-2-0-crewneck-w","status":"publish","type":"product","link":"https:\/\/shop.kustom.ch\/it\/prodotto\/evolve-2-0-crewneck-w\/","title":{"rendered":"Evolve 2.0 Girocollo W"},"content":{"rendered":"<p>L'Evolve 2.0 Crewneck \u00e8 una maglia a strato medio elastica e resistente che garantisce un eccellente trasporto dell'umidit\u00e0 anche durante gli allenamenti pi\u00f9 intensi. Realizzata in poliestere riciclato, questo capo fa parte della nuova generazione di abbigliamento sportivo a basso impatto ambientale. Oltre al nuovo materiale, la maglia a girocollo \u00e8 stata aggiornata con un nuovo design pulito dallo stile senza tempo e con ampio spazio per stemmi e loghi.<\/p>\n<p>- Tessuto elastico e resistente realizzato in poliestere riciclato<br \/>\n- Perfetto per il branding con i loghi di club e sponsor<br \/>\n- Vestibilit\u00e0 normale<\/p>\n<p>Materiale: poliestere riciclato 100%<\/p>","protected":false},"excerpt":{"rendered":"<p>Das Evolve 2.0 Crewneck ist ein dehnbares und strapazierf\u00e4higes Midlayer-Trikot, das auch bei intensivem Training einen hervorragenden Feuchtigkeitstransport gew\u00e4hrleistet. Dieses aus recyceltem Polyester gefertigte Kleidungsst\u00fcck geh\u00f6rt zur neuen Generation von Sportbekleidung mit einem geringeren \u00f6kologischen Fussabdruck. Neben einem neuen Material wurde das Trikot mit Rundhalsausschnitt auch durch ein neues, klares Design mit zeitlosem Stil und [&hellip;]<\/p>\n","protected":false},"featured_media":482508,"template":"","meta":[],"product_brand":[],"product_cat":[4191],"product_tag":[],"class_list":{"0":"post-638421","1":"product","2":"type-product","3":"status-publish","4":"has-post-thumbnail","6":"product_cat-longsleeves-sweatshirts","7":"pa_brand-craft-teamwear","8":"pa_brand-type-sportswear","9":"pa_filter-color-orange","10":"pa_filter-color-violet","12":"first","13":"instock","14":"sale","15":"taxable","16":"shipping-taxable","17":"purchasable","18":"product-type-variable","19":"add-to-wishlist-before_image"},"exclude_global_add_ons":[],"addons":[],"acf":[],"_links":{"self":[{"href":"https:\/\/shop.kustom.ch\/it\/wp-json\/wp\/v2\/product\/638421"}],"collection":[{"href":"https:\/\/shop.kustom.ch\/it\/wp-json\/wp\/v2\/product"}],"about":[{"href":"https:\/\/shop.kustom.ch\/it\/wp-json\/wp\/v2\/types\/product"}],"wp:featuredmedia":[{"embeddable":true,"href":"https:\/\/shop.kustom.ch\/it\/wp-json\/wp\/v2\/media\/482508"}],"wp:attachment":[{"href":"https:\/\/shop.kustom.ch\/it\/wp-json\/wp\/v2\/media?parent=638421"}],"wp:term":[{"taxonomy":"product_brand","embeddable":true,"href":"https:\/\/shop.kustom.ch\/it\/wp-json\/wp\/v2\/product_brand?post=638421"},{"taxonomy":"product_cat","embeddable":true,"href":"https:\/\/shop.kustom.ch\/it\/wp-json\/wp\/v2\/product_cat?post=638421"},{"taxonomy":"product_tag","embeddable":true,"href":"https:\/\/shop.kustom.ch\/it\/wp-json\/wp\/v2\/product_tag?post=638421"}],"curies":[{"name":"wp","href":"https:\/\/api.w.org\/{rel}","templated":true}]}}