{"id":638365,"date":"2025-03-22T03:50:35","date_gmt":"2025-03-22T02:50:35","guid":{"rendered":"https:\/\/shop.kustom.ch\/?post_type=product&#038;p=638365"},"modified":"2026-03-27T13:51:48","modified_gmt":"2026-03-27T12:51:48","slug":"evolve-2-0-brushed-hood-jacket-m","status":"publish","type":"product","link":"https:\/\/shop.kustom.ch\/it\/prodotto\/evolve-2-0-brushed-hood-jacket-m\/","title":{"rendered":"Evolve 2.0 Giacca con cappuccio spazzolato M"},"content":{"rendered":"<p>La Evolve 2.0 Hood Jacket \u00e8 una giacca a strato medio elastica e resistente che offre un eccellente trasporto dell'umidit\u00e0 durante gli allenamenti intensivi.<\/p>\n<p>Questa versatile giacca con cappuccio \u00e8 realizzata in un morbido e funzionale tessuto di poliestere con interno spazzolato per un maggiore comfort. Il cappuccio a doppio strato e i polsini a coste nella parte inferiore della schiena conferiscono alla giacca un look casual. Realizzato con fibre riciclate, questo capo rappresenta la nuova generazione di abbigliamento da squadra progettato per ridurre l'impronta ecologica. La giacca con cappuccio colpisce anche per il suo design pulito, che garantisce un look senza tempo e offre ampio spazio per loghi e stemmi.<\/p>\n<p>- Realizzato in poliestere riciclato<br \/>\n- Interno spazzolato per un maggiore comfort<br \/>\n- Polsini a coste sulla parte inferiore della schiena<br \/>\n- Cappuccio a doppio strato<br \/>\n- Zip frontale a tutta lunghezza<br \/>\n- Due tasche laterali con zip<\/p>\n<p>Materiale: poliestere riciclato 100%<\/p>","protected":false},"excerpt":{"rendered":"<p>Die Evolve 2.0 Hood Jacket ist eine dehnbare und strapazierf\u00e4hige Mittelschichtjacke, die bei intensiven Trainingseinheiten einen hervorragenden Feuchtigkeitstransport bietet. Diese vielseitige Kapuzenjacke besteht aus einem weichen und funktionalen Polyestergewebe mit geb\u00fcrsteter Innenseite f\u00fcr mehr Tragekomfort. Die doppellagige Kapuze und das Rippb\u00fcndchen am unteren R\u00fcckenbereich verleihen der Jacke ihren l\u00e4ssigen Ausdruck. Dieses aus recycelten Fasern hergestellte [&hellip;]<\/p>\n","protected":false},"featured_media":627840,"template":"","meta":[],"product_brand":[],"product_cat":[4184],"product_tag":[],"class_list":{"0":"post-638365","1":"product","2":"type-product","3":"status-publish","4":"has-post-thumbnail","6":"product_cat-hoodies-pullover","7":"pa_brand-craft-teamwear","8":"pa_brand-type-sportswear","9":"pa_filter-color-blau","10":"pa_filter-color-gruen","11":"pa_filter-color-rot","12":"pa_filter-color-schwarz","14":"first","15":"instock","16":"sale","17":"taxable","18":"shipping-taxable","19":"purchasable","20":"product-type-variable","21":"add-to-wishlist-before_image"},"exclude_global_add_ons":[],"addons":[],"acf":[],"_links":{"self":[{"href":"https:\/\/shop.kustom.ch\/it\/wp-json\/wp\/v2\/product\/638365"}],"collection":[{"href":"https:\/\/shop.kustom.ch\/it\/wp-json\/wp\/v2\/product"}],"about":[{"href":"https:\/\/shop.kustom.ch\/it\/wp-json\/wp\/v2\/types\/product"}],"wp:featuredmedia":[{"embeddable":true,"href":"https:\/\/shop.kustom.ch\/it\/wp-json\/wp\/v2\/media\/627840"}],"wp:attachment":[{"href":"https:\/\/shop.kustom.ch\/it\/wp-json\/wp\/v2\/media?parent=638365"}],"wp:term":[{"taxonomy":"product_brand","embeddable":true,"href":"https:\/\/shop.kustom.ch\/it\/wp-json\/wp\/v2\/product_brand?post=638365"},{"taxonomy":"product_cat","embeddable":true,"href":"https:\/\/shop.kustom.ch\/it\/wp-json\/wp\/v2\/product_cat?post=638365"},{"taxonomy":"product_tag","embeddable":true,"href":"https:\/\/shop.kustom.ch\/it\/wp-json\/wp\/v2\/product_tag?post=638365"}],"curies":[{"name":"wp","href":"https:\/\/api.w.org\/{rel}","templated":true}]}}