{"id":638188,"date":"2025-03-22T03:49:51","date_gmt":"2025-03-22T02:49:51","guid":{"rendered":"https:\/\/shop.kustom.ch\/?post_type=product&#038;p=638188"},"modified":"2026-03-27T16:05:32","modified_gmt":"2026-03-27T15:05:32","slug":"endurance-2-m","status":"publish","type":"product","link":"https:\/\/shop.kustom.ch\/it\/prodotto\/endurance-2-m\/","title":{"rendered":"Resistenza 2 M"},"content":{"rendered":"<p>La versatile Endurance 2 \u00e8 caratterizzata da una maggiore traspirabilit\u00e0 e da caratteristiche di velocit\u00e0 migliorate e offre un comfort e prestazioni eccellenti, che la rendono la scarpa ideale per una variet\u00e0 di runner e per le corse quotidiane su terreni e condizioni diverse.<\/p>\n<p>Questa scarpa da corsa ad alte prestazioni \u00e8 dotata di un'intersuola Px-Foam\u2122 a tutta lunghezza ottimizzata per una partenza dinamica e un atterraggio morbido, che favorisce una falcata pi\u00f9 efficiente. Inoltre, la nuova e pi\u00f9 veloce tomaia in mesh si modella sul piede per garantire un comfort e un sostegno senza pari a ogni passo agile. Con il suo design elegante e aerodinamico, questa scarpa versatile \u00e8 caratterizzata da velocit\u00e0 e agilit\u00e0, per aiutarvi a raggiungere pi\u00f9 velocemente i vostri obiettivi. Progettata per le strade e i sentieri leggeri, la Endurance 2 offre un comfort eccezionale fin dalla partenza. Questo la rende la scelta migliore per gli atleti d'\u00e9lite e gli appassionati di corsa che cercano un compagno affidabile per le sessioni di corsa quotidiane.<\/p>\n<p>Xx Schiuma\u2122<br \/>\nPx Foam\u2122 \u00e8 un materiale ultraleggero per l'intersuola caratterizzato da un eccellente ritorno di energia, assorbimento degli urti e flessibilit\u00e0. Questo materiale innovativo \u00e8 realizzato con un unico agente schiumogeno naturale e non contiene agenti chimici di reticolazione, garantendo un processo atossico. Inoltre, i materiali grezzi e finiti sono completamente riciclabili. La schiuma ad alte prestazioni ha una densit\u00e0 estremamente bassa, che la rende fino a 20 % pi\u00f9 leggera dell'EVA convenzionale. Il peso ridotto, unito al rimbalzo esplosivo, rende la Px Foam\u2122 perfetta per qualsiasi corsa.<\/p>\n<p>Craft Endurance Fit\u00ae<br \/>\nLa calzata Craft Endurance Fit\u00ae \u00e8 caratterizzata da un contrafforte del tallone stretto, un ponte di sostegno nella parte centrale del piede e un avampiede spazioso. Il contrafforte del tallone stretto assicura una calzata aderente senza slittamenti e una stabilit\u00e0 impareggiabile su qualsiasi terreno. Il ponte sul mesopiede offre una calzata sicura che aumenta la fiducia ad ogni passo. L'ampia zona dell'avampiede consente il movimento naturale delle dita e dei metatarsi per un comfort ancora maggiore.<\/p>\n<p>Vincitore del premio<br \/>\nIl predecessore PRO Endurance \u00e8 stato nominato la migliore scarpa per la corsa su lunga distanza da Outside Magazine. \u00abSar\u00e0 difficile trovare una scarpa neutra pi\u00f9 comoda e ammortizzata che dia la sensazione di essere cos\u00ec viva\u00bb.\u00bb<\/p>\n<p>- Nuova tomaia in mesh monopezzo pi\u00f9 traspirante e flessibile<br \/>\n- Intersuola in Px-Foam\u2122: ritorno di energia superiore<br \/>\n- Design sagomato per un peso ridotto e un comfort di prima classe<br \/>\n- Suola con elevata trazione per strade e sentieri leggeri<br \/>\n- Il materiale della tomaia e dei lacci \u00e8 realizzato con materiali riciclati 55 %<br \/>\nCraft Endurance Fit\u00ae<br \/>\n- Peso: 260 g nella taglia UK8<br \/>\n- Tacco 38 mm, avampiede 29 mm incl. soletta<br \/>\n- Svasatura: 9 mm<\/p>\n<p>Materiale: Tomaia 42% poliestere riciclato, 32% poliestere, 22% uretani termoplastici, 4% nylon, imbottitura 100% poliestere, fodera 100% poliestere, soletta 75% poliestere riciclato, 25% Poliestere, Soletta 50% Poliestere riciclato, 50% Poliestere, Lacci 100% Poliestere riciclato, Intersuola 100% Schiuma ETPU, Suola 100% Gomma<\/p>","protected":false},"excerpt":{"rendered":"<p>Der vielseitige Endurance 2 zeichnet sich durch verbesserte Atmungsaktivit\u00e4t und verbesserte Geschwindigkeitsmerkmale aus und bietet exzellenten Komfort und Leistung, was ihn zum idealen Schuh f\u00fcr eine Vielzahl von L\u00e4ufern und Alltagsl\u00e4ufen auf unterschiedlichem Terrain und bei verschiedenen Bedingungen macht. Dieser High-Performance-Laufschuh verf\u00fcgt \u00fcber eine durchgehende Px-Foam\u2122-Zwischensohle, die f\u00fcr einen dynamischen Zehenabdruck und eine weiche Landung [&hellip;]<\/p>\n","protected":false},"featured_media":706430,"template":"","meta":[],"product_brand":[],"product_cat":[4197],"product_tag":[],"class_list":{"0":"post-638188","1":"product","2":"type-product","3":"status-publish","4":"has-post-thumbnail","6":"product_cat-schuhe-sandalen","7":"pa_brand-craft","8":"pa_brand-type-sportswear","9":"pa_filter-color-blau","10":"pa_filter-color-grau","11":"pa_filter-color-schwarz","13":"first","14":"instock","15":"sale","16":"taxable","17":"shipping-taxable","18":"purchasable","19":"product-type-variable","20":"add-to-wishlist-before_image"},"exclude_global_add_ons":[],"addons":[],"acf":[],"_links":{"self":[{"href":"https:\/\/shop.kustom.ch\/it\/wp-json\/wp\/v2\/product\/638188"}],"collection":[{"href":"https:\/\/shop.kustom.ch\/it\/wp-json\/wp\/v2\/product"}],"about":[{"href":"https:\/\/shop.kustom.ch\/it\/wp-json\/wp\/v2\/types\/product"}],"wp:featuredmedia":[{"embeddable":true,"href":"https:\/\/shop.kustom.ch\/it\/wp-json\/wp\/v2\/media\/706430"}],"wp:attachment":[{"href":"https:\/\/shop.kustom.ch\/it\/wp-json\/wp\/v2\/media?parent=638188"}],"wp:term":[{"taxonomy":"product_brand","embeddable":true,"href":"https:\/\/shop.kustom.ch\/it\/wp-json\/wp\/v2\/product_brand?post=638188"},{"taxonomy":"product_cat","embeddable":true,"href":"https:\/\/shop.kustom.ch\/it\/wp-json\/wp\/v2\/product_cat?post=638188"},{"taxonomy":"product_tag","embeddable":true,"href":"https:\/\/shop.kustom.ch\/it\/wp-json\/wp\/v2\/product_tag?post=638188"}],"curies":[{"name":"wp","href":"https:\/\/api.w.org\/{rel}","templated":true}]}}