{"id":638171,"date":"2025-03-22T03:49:15","date_gmt":"2025-03-22T02:49:15","guid":{"rendered":"https:\/\/shop.kustom.ch\/?post_type=product&#038;p=638171"},"modified":"2026-03-27T13:24:46","modified_gmt":"2026-03-27T12:24:46","slug":"core-nordic-training-pants-w","status":"publish","type":"product","link":"https:\/\/shop.kustom.ch\/it\/prodotto\/core-nordic-training-pants-w\/","title":{"rendered":"Pantaloni da allenamento Core Nordic W"},"content":{"rendered":"<p>I CORE Nordic Training Pants sono pantaloni da allenamento versatili realizzati in materiale softshell a 3 strati con membrana antivento integrata e supporto Bird-Eye, che offrono il perfetto equilibrio tra protezione, calore e ventilazione. La maglia elastica sul retro delle ginocchia assicura un'eccellente ventilazione e libert\u00e0 di movimento.<\/p>\n<p>- Materiale softshell a 3 strati con membrana antivento sul davanti (WP 8.000\/MVP 8.000)<br \/>\n- Materiale softshell nella zona della seduta per un maggiore calore<br \/>\n- Maglia elastica sul retro delle ginocchia<br \/>\n- Ginocchia preformate<br \/>\n- Vita regolabile<br \/>\n- Una tasca con cerniera per riporre il tutto in modo sicuro<br \/>\n- Zip alle estremit\u00e0 delle gambe per facilitare la vestizione e la svestizione<br \/>\n- Polsini elasticizzati per una vestibilit\u00e0 aderente<br \/>\n- Vestibilit\u00e0 regolare<\/p>\n<p>Materiale: Corpo: parte anteriore: poliestere riciclato 100%. Centro: poliuretano 100%. Retro: poliestere 100%. Parte inferiore della schiena: poliestere riciclato 100%.<\/p>","protected":false},"excerpt":{"rendered":"<p>Die CORE Nordic Training Pants sind vielseitige Trainingshosen aus einem 3-Lagen-Softshell-Material mit integrierter winddichter Membran und Bird-Eye-R\u00fcckseite, die einen perfekten Ausgleich zwischen Schutz, W\u00e4rme und Bel\u00fcftung bieten. Elastischer Jersey an der R\u00fcckseite der Knie sorgt f\u00fcr hervorragende Bel\u00fcftung und Bewegungsfreiheit. \u2022 3-Lagen-Softshell-Material mit winddichter Membran vorne (WP 8.000\/MVP 8.000) \u2022 Softshell-Material im Sitzbereich f\u00fcr zus\u00e4tzliche [&hellip;]<\/p>\n","protected":false},"featured_media":627528,"template":"","meta":[],"product_brand":[],"product_cat":[4185],"product_tag":[],"class_list":{"0":"post-638171","1":"product","2":"type-product","3":"status-publish","4":"has-post-thumbnail","6":"product_cat-hosen","7":"pa_brand-craft-retail-sportswear","8":"pa_brand-type-sportswear","9":"pa_filter-color-schwarz","11":"first","12":"instock","13":"sale","14":"taxable","15":"shipping-taxable","16":"purchasable","17":"product-type-variable","18":"add-to-wishlist-before_image"},"exclude_global_add_ons":[],"addons":[],"acf":[],"_links":{"self":[{"href":"https:\/\/shop.kustom.ch\/it\/wp-json\/wp\/v2\/product\/638171"}],"collection":[{"href":"https:\/\/shop.kustom.ch\/it\/wp-json\/wp\/v2\/product"}],"about":[{"href":"https:\/\/shop.kustom.ch\/it\/wp-json\/wp\/v2\/types\/product"}],"wp:featuredmedia":[{"embeddable":true,"href":"https:\/\/shop.kustom.ch\/it\/wp-json\/wp\/v2\/media\/627528"}],"wp:attachment":[{"href":"https:\/\/shop.kustom.ch\/it\/wp-json\/wp\/v2\/media?parent=638171"}],"wp:term":[{"taxonomy":"product_brand","embeddable":true,"href":"https:\/\/shop.kustom.ch\/it\/wp-json\/wp\/v2\/product_brand?post=638171"},{"taxonomy":"product_cat","embeddable":true,"href":"https:\/\/shop.kustom.ch\/it\/wp-json\/wp\/v2\/product_cat?post=638171"},{"taxonomy":"product_tag","embeddable":true,"href":"https:\/\/shop.kustom.ch\/it\/wp-json\/wp\/v2\/product_tag?post=638171"}],"curies":[{"name":"wp","href":"https:\/\/api.w.org\/{rel}","templated":true}]}}