{"id":638166,"date":"2025-03-22T03:49:06","date_gmt":"2025-03-22T02:49:06","guid":{"rendered":"https:\/\/shop.kustom.ch\/?post_type=product&#038;p=638166"},"modified":"2026-03-27T13:44:28","modified_gmt":"2026-03-27T12:44:28","slug":"core-hydro-bootie-2","status":"publish","type":"product","link":"https:\/\/shop.kustom.ch\/it\/prodotto\/core-hydro-bootie-2\/","title":{"rendered":"Scarpetta Core Hydro"},"content":{"rendered":"<p>CORE Hydro Bootie \u00e8 una calzatura antivento e impermeabile con cuciture nastrate che protegge i piedi in caso di pioggia e vento. Il tessuto elasticizzato assicura una vestibilit\u00e0 flessibile e aderente. Tallone e punta rinforzati. <\/p>\n<p>- Tessuto elasticizzato, antivento e impermeabile<br \/>\n- Tutte le cuciture sono coperte con nastro impermeabile.<br \/>\n- Zip impermeabile e resistente sul retro<br \/>\n- Rinforzi sul tallone e sul naso<br \/>\n- Dettagli riflettenti<br \/>\n- Vestibilit\u00e0 stretta<\/p>\n<p>Materiale: Corpo: poliuretano 100%. Fodera del corpo: 95% poliestere riciclato, 5% elastan. Suola: 100% poliestere<\/p>","protected":false},"excerpt":{"rendered":"<p>CORE Hydro Bootie ist ein wind- und wasserdichter \u00dcberschuh mit getapten N\u00e4hten, der die F\u00fcsse bei nassem und windigem Wetter sch\u00fctzt. Elastischer Stoff sorgt f\u00fcr eine flexible, eng anliegende Passform. Verst\u00e4rkung an Ferse und Spitze. \u2022 Elastisches, wind\u2022 und wasserdichtes Gewebe \u2022 Alle N\u00e4hte sind mit wasserdichtem Tape abgedeckt. \u2022 Langlebiger wasserdichter Reissverschluss hinten \u2022 [&hellip;]<\/p>\n","protected":false},"featured_media":627522,"template":"","meta":[],"product_brand":[],"product_cat":[4209],"product_tag":[],"class_list":{"0":"post-638166","1":"product","2":"type-product","3":"status-publish","4":"has-post-thumbnail","6":"product_cat-zubehoer","7":"pa_brand-craft-retail-sportswear","8":"pa_brand-type-sportswear","9":"pa_filter-color-schwarz","11":"first","12":"instock","13":"sale","14":"taxable","15":"shipping-taxable","16":"purchasable","17":"product-type-variable","18":"add-to-wishlist-before_image"},"exclude_global_add_ons":[],"addons":[],"acf":[],"_links":{"self":[{"href":"https:\/\/shop.kustom.ch\/it\/wp-json\/wp\/v2\/product\/638166"}],"collection":[{"href":"https:\/\/shop.kustom.ch\/it\/wp-json\/wp\/v2\/product"}],"about":[{"href":"https:\/\/shop.kustom.ch\/it\/wp-json\/wp\/v2\/types\/product"}],"wp:featuredmedia":[{"embeddable":true,"href":"https:\/\/shop.kustom.ch\/it\/wp-json\/wp\/v2\/media\/627522"}],"wp:attachment":[{"href":"https:\/\/shop.kustom.ch\/it\/wp-json\/wp\/v2\/media?parent=638166"}],"wp:term":[{"taxonomy":"product_brand","embeddable":true,"href":"https:\/\/shop.kustom.ch\/it\/wp-json\/wp\/v2\/product_brand?post=638166"},{"taxonomy":"product_cat","embeddable":true,"href":"https:\/\/shop.kustom.ch\/it\/wp-json\/wp\/v2\/product_cat?post=638166"},{"taxonomy":"product_tag","embeddable":true,"href":"https:\/\/shop.kustom.ch\/it\/wp-json\/wp\/v2\/product_tag?post=638166"}],"curies":[{"name":"wp","href":"https:\/\/api.w.org\/{rel}","templated":true}]}}