{"id":638147,"date":"2025-03-22T03:48:50","date_gmt":"2025-03-22T02:48:50","guid":{"rendered":"https:\/\/shop.kustom.ch\/?post_type=product&#038;p=638147"},"modified":"2026-03-27T13:18:37","modified_gmt":"2026-03-27T12:18:37","slug":"core-gain-thermal-midlayer-w","status":"publish","type":"product","link":"https:\/\/shop.kustom.ch\/it\/prodotto\/core-gain-thermal-midlayer-w\/","title":{"rendered":"Strato intermedio termico CORE Gain W"},"content":{"rendered":"<p>Il CORE Gain Thermal Midlayer \u00e8 un caldo maglione in pile che pu\u00f2 essere utilizzato come strato intermedio in condizioni di freddo o come strato esterno in condizioni climatiche pi\u00f9 miti. Il suo stile casual lo rende adatto anche alle avventure all'aperto e all'uso quotidiano.<\/p>\n<p>Questo versatile maglione con mezza zip \u00e8 realizzato in un tessuto termico in pile con una griglia esagonale che intrappola efficacemente l'aria calda, garantendo un eccellente isolamento. Il motivo a griglia migliora anche la traspirazione, creando canali attraverso i quali l'umidit\u00e0 e il calore in eccesso possono fuoriuscire. In questo modo si evita il surriscaldamento durante l'attivit\u00e0 fisica e ci si mantiene asciutti, rendendola adatta a diverse attivit\u00e0 all'aperto come l'escursionismo, lo sci o il power walking.<\/p>\n<p>- Pile dobby in poliestere con supporto a griglia esagonale<br \/>\n- Dolcevita con zip a spirale corta<br \/>\n- Garage con zip per evitare sfregamenti<br \/>\n- Polsini a coste in jersey plissettato con asole per il pollice all'estremit\u00e0 delle maniche<br \/>\n- Vestibilit\u00e0 normale<\/p>\n<p>Materiale: poliestere riciclato 100%<\/p>","protected":false},"excerpt":{"rendered":"<p>Der CORE Gain Thermal Midlayer ist ein warmer Fleecepullover, der als mittlere Schicht bei kalten Bedingungen oder als \u00e4ussere Schicht bei milderem Wetter verwendet werden kann. Sein l\u00e4ssiger Stil macht ihn auch f\u00fcr Abenteuer in der freien Natur und den t\u00e4glichen Gebrauch geeignet. Dieser vielseitige Halbreissverschluss-Pullover besteht aus einem Thermofleece-Stoff mit einer sechseckigen Gitterr\u00fcckseite, die [&hellip;]<\/p>\n","protected":false},"featured_media":480636,"template":"","meta":[],"product_brand":[],"product_cat":[4191],"product_tag":[],"class_list":{"0":"post-638147","1":"product","2":"type-product","3":"status-publish","4":"has-post-thumbnail","6":"product_cat-longsleeves-sweatshirts","7":"pa_brand-craft-retail-sportswear","8":"pa_brand-type-sportswear","9":"pa_filter-color-rot","10":"pa_filter-color-violet","12":"first","13":"instock","14":"sale","15":"taxable","16":"shipping-taxable","17":"purchasable","18":"product-type-variable","19":"add-to-wishlist-before_image"},"exclude_global_add_ons":[],"addons":[],"acf":[],"_links":{"self":[{"href":"https:\/\/shop.kustom.ch\/it\/wp-json\/wp\/v2\/product\/638147"}],"collection":[{"href":"https:\/\/shop.kustom.ch\/it\/wp-json\/wp\/v2\/product"}],"about":[{"href":"https:\/\/shop.kustom.ch\/it\/wp-json\/wp\/v2\/types\/product"}],"wp:featuredmedia":[{"embeddable":true,"href":"https:\/\/shop.kustom.ch\/it\/wp-json\/wp\/v2\/media\/480636"}],"wp:attachment":[{"href":"https:\/\/shop.kustom.ch\/it\/wp-json\/wp\/v2\/media?parent=638147"}],"wp:term":[{"taxonomy":"product_brand","embeddable":true,"href":"https:\/\/shop.kustom.ch\/it\/wp-json\/wp\/v2\/product_brand?post=638147"},{"taxonomy":"product_cat","embeddable":true,"href":"https:\/\/shop.kustom.ch\/it\/wp-json\/wp\/v2\/product_cat?post=638147"},{"taxonomy":"product_tag","embeddable":true,"href":"https:\/\/shop.kustom.ch\/it\/wp-json\/wp\/v2\/product_tag?post=638147"}],"curies":[{"name":"wp","href":"https:\/\/api.w.org\/{rel}","templated":true}]}}