{"id":638104,"date":"2025-03-22T03:48:30","date_gmt":"2025-03-22T02:48:30","guid":{"rendered":"https:\/\/shop.kustom.ch\/?post_type=product&#038;p=638104"},"modified":"2026-03-27T14:03:01","modified_gmt":"2026-03-27T13:03:01","slug":"core-explore-softshell-jacket-2-w","status":"publish","type":"product","link":"https:\/\/shop.kustom.ch\/it\/prodotto\/core-explore-softshell-jacket-2-w\/","title":{"rendered":"CORE Explore Giacca Softshell 2 W"},"content":{"rendered":"<p>La CORE Explore Softshell Jacket 2 \u00e8 una giacca softshell versatile, adatta sia alle attivit\u00e0 all'aperto che all'abbigliamento quotidiano.<\/p>\n<p>Questa comoda giacca outdoor \u00e8 realizzata in tessuto softshell antivento e idrorepellente, con interno spazzolato e alto contenuto di elasticizzato per migliorare l'isolamento e ottimizzare la libert\u00e0 di movimento. La giacca \u00e8 dotata di cappuccio staccabile, schiena leggermente inclinata e coulisse sull'orlo inferiore per una vestibilit\u00e0 personalizzata. Dispone inoltre di due tasche laterali con cerniera e di una tasca interna con cerniera per riporre in modo sicuro cartina, bussola, chiavi, telefono, barretta energetica, ecc. <\/p>\n<p>- Materiale softshell antivento e idrorepellente realizzato in poliestere riciclato<br \/>\n- Interno spazzolato<br \/>\n- Cappuccio staccabile con bottoni a pressione e coulisse<br \/>\n- Coulisse sull'orlo<br \/>\n- Due tasche laterali con zip<br \/>\n- Tasca interna con zip<br \/>\n- Vestibilit\u00e0 normale<\/p>\n<p>Materiale: Parte anteriore: poliestere riciclato 100%. Centro: poliuretano 100%. Retro: poliestere 100%<\/p>","protected":false},"excerpt":{"rendered":"<p>Das CORE Explore Softshell Jacket 2 ist eine vielseitige Softshell-Jacke, die sowohl f\u00fcr Outdoor-Aktivit\u00e4ten als auch f\u00fcr den Alltag geeignet ist. Diese bequeme Outdoor-Jacke besteht aus einem wind- und wasserabweisenden Softshell-Gewebe mit geb\u00fcrsteter Innenseite und hohem Stretchanteil f\u00fcr verbesserte Isolierung sowie optimale Bewegungsfreiheit. Ausserdem verf\u00fcgt die Jacke \u00fcber eine abnehmbare Kapuze, einen leicht abfallenden R\u00fccken [&hellip;]<\/p>\n","protected":false},"featured_media":480888,"template":"","meta":[],"product_brand":[],"product_cat":[4186],"product_tag":[],"class_list":{"0":"post-638104","1":"product","2":"type-product","3":"status-publish","4":"has-post-thumbnail","6":"product_cat-jacken","7":"pa_brand-craft-retail-sportswear","8":"pa_brand-type-sportswear","9":"pa_filter-color-blau","10":"pa_filter-color-gruen","11":"pa_filter-color-schwarz","13":"first","14":"instock","15":"sale","16":"taxable","17":"shipping-taxable","18":"purchasable","19":"product-type-variable","20":"add-to-wishlist-before_image"},"exclude_global_add_ons":[],"addons":[],"acf":[],"_links":{"self":[{"href":"https:\/\/shop.kustom.ch\/it\/wp-json\/wp\/v2\/product\/638104"}],"collection":[{"href":"https:\/\/shop.kustom.ch\/it\/wp-json\/wp\/v2\/product"}],"about":[{"href":"https:\/\/shop.kustom.ch\/it\/wp-json\/wp\/v2\/types\/product"}],"wp:featuredmedia":[{"embeddable":true,"href":"https:\/\/shop.kustom.ch\/it\/wp-json\/wp\/v2\/media\/480888"}],"wp:attachment":[{"href":"https:\/\/shop.kustom.ch\/it\/wp-json\/wp\/v2\/media?parent=638104"}],"wp:term":[{"taxonomy":"product_brand","embeddable":true,"href":"https:\/\/shop.kustom.ch\/it\/wp-json\/wp\/v2\/product_brand?post=638104"},{"taxonomy":"product_cat","embeddable":true,"href":"https:\/\/shop.kustom.ch\/it\/wp-json\/wp\/v2\/product_cat?post=638104"},{"taxonomy":"product_tag","embeddable":true,"href":"https:\/\/shop.kustom.ch\/it\/wp-json\/wp\/v2\/product_tag?post=638104"}],"curies":[{"name":"wp","href":"https:\/\/api.w.org\/{rel}","templated":true}]}}