{"id":638078,"date":"2025-03-22T03:48:18","date_gmt":"2025-03-22T02:48:18","guid":{"rendered":"https:\/\/shop.kustom.ch\/?post_type=product&#038;p=638078"},"modified":"2026-04-20T12:13:25","modified_gmt":"2026-04-20T11:13:25","slug":"core-explore-lt-insulation-jkt-m","status":"publish","type":"product","link":"https:\/\/shop.kustom.ch\/it\/prodotto\/core-explore-lt-insulation-jkt-m\/","title":{"rendered":"Core Explore Lt. Isolamento Jkt M"},"content":{"rendered":"<p>La giacca CORE Explore Light Insulation \u00e8 un'aggiunta versatile al guardaroba degli appassionati di outdoor. Garantisce calore e si riduce per risparmiare spazio per una serie di avventure e per l'uso quotidiano.<\/p>\n<p>Questa giacca calda e funzionale \u00e8 dotata di un leggero isolamento in poliestere soffiato che offre un notevole calore e trattiene efficacemente il calore corporeo per mantenervi caldi e accoglienti in condizioni di freddo. L'imbottitura in poliestere \u00e8 altamente funzionale e ad asciugatura rapida, quindi il sudore e la pioggia improvvisa non sono un problema. Grazie alla sua leggerezza, pu\u00f2 essere riposta in una piccola borsa o in uno zaino, in modo da potersi adattare rapidamente a un rapido calo della temperatura quando si \u00e8 in giro. La giacca \u00e8 inoltre dotata di un cappuccio staccabile, di una tasca sul petto con cerniera e di due tasche laterali con cerniera per riporre in modo sicuro gli oggetti essenziali come chiavi, telefono e barrette energetiche. Sia che stiate esplorando il backcountry o semplicemente facendo la vostra vita quotidiana, questa giacca \u00e8 una scelta affidabile per rimanere caldi e protetti in una variet\u00e0 di ambienti esterni. \u00c8 estremamente versatile ed \u00e8 perfetta come giacca da indossare in condizioni di freddo o come capo indipendente nelle giornate pi\u00f9 miti.<\/p>\n<p>- Materiale esterno in poliestere riciclato<br \/>\n- Isolamento leggero in poliestere soffiato<br \/>\n- Design trapuntato su corpo, maniche e cappuccio<br \/>\n- Cappuccio staccabile con chiusura a bottoni a pressione<br \/>\n- Due tasche laterali con zip<br \/>\n- Tasca sul petto con zip<br \/>\n- Vita elastica con coulisse<br \/>\n- Vestibilit\u00e0 normale<\/p>\n<p>Materiale: Corpo: poliammide riciclata 100%. Fodera: poliestere 100%<\/p>","protected":false},"excerpt":{"rendered":"<p>Das CORE Explore Light Insulation Jacket ist eine vielseitige Erg\u00e4nzung f\u00fcr die Garderobe von Outdoor-Enthusiasten. Sie bietet W\u00e4rme und ist besonders raumsparend verpackbar f\u00fcr eine Vielzahl von Abenteuern und den t\u00e4glichen Gebrauch. Diese warme und funktionelle Jacke verf\u00fcgt \u00fcber eine leichte, eingeblasene Polyester-Isolierung, die f\u00fcr bemerkenswerte W\u00e4rme sorgt und die K\u00f6rperw\u00e4rme effektiv einf\u00e4ngt, damit es [&hellip;]<\/p>\n","protected":false},"featured_media":480809,"template":"","meta":[],"product_brand":[],"product_cat":[4186],"product_tag":[],"class_list":{"0":"post-638078","1":"product","2":"type-product","3":"status-publish","4":"has-post-thumbnail","6":"product_cat-jacken","7":"pa_brand-craft-retail-sportswear","8":"pa_brand-type-sportswear","9":"pa_filter-color-blau","10":"pa_filter-color-gruen","11":"pa_filter-color-schwarz","13":"first","14":"instock","15":"sale","16":"taxable","17":"shipping-taxable","18":"purchasable","19":"product-type-variable","20":"add-to-wishlist-before_image"},"exclude_global_add_ons":[],"addons":[],"acf":[],"_links":{"self":[{"href":"https:\/\/shop.kustom.ch\/it\/wp-json\/wp\/v2\/product\/638078"}],"collection":[{"href":"https:\/\/shop.kustom.ch\/it\/wp-json\/wp\/v2\/product"}],"about":[{"href":"https:\/\/shop.kustom.ch\/it\/wp-json\/wp\/v2\/types\/product"}],"wp:featuredmedia":[{"embeddable":true,"href":"https:\/\/shop.kustom.ch\/it\/wp-json\/wp\/v2\/media\/480809"}],"wp:attachment":[{"href":"https:\/\/shop.kustom.ch\/it\/wp-json\/wp\/v2\/media?parent=638078"}],"wp:term":[{"taxonomy":"product_brand","embeddable":true,"href":"https:\/\/shop.kustom.ch\/it\/wp-json\/wp\/v2\/product_brand?post=638078"},{"taxonomy":"product_cat","embeddable":true,"href":"https:\/\/shop.kustom.ch\/it\/wp-json\/wp\/v2\/product_cat?post=638078"},{"taxonomy":"product_tag","embeddable":true,"href":"https:\/\/shop.kustom.ch\/it\/wp-json\/wp\/v2\/product_tag?post=638078"}],"curies":[{"name":"wp","href":"https:\/\/api.w.org\/{rel}","templated":true}]}}