{"id":638043,"date":"2025-03-22T03:48:00","date_gmt":"2025-03-22T02:48:00","guid":{"rendered":"https:\/\/shop.kustom.ch\/?post_type=product&#038;p=638043"},"modified":"2026-03-27T14:46:55","modified_gmt":"2026-03-27T13:46:55","slug":"core-explore-fleece-midlayer-w","status":"publish","type":"product","link":"https:\/\/shop.kustom.ch\/it\/prodotto\/core-explore-fleece-midlayer-w\/","title":{"rendered":"CORE Explore Midlayer in pile W"},"content":{"rendered":"<p>Il CORE Explore Fleece Midlayer \u00e8 un pullover isolante in pile con mezza zip che vi terr\u00e0 al caldo durante le escursioni all'aperto.<\/p>\n<p>Questo caldo maglione a collo alto \u00e8 realizzato in un tessuto termico in micropile spazzolato su entrambi i lati per un isolamento ottimale. Il capo \u00e8 inoltre dotato di fori per i pollici all'estremit\u00e0 delle maniche e di un garage con zip sul colletto per un comfort ottimale. Il maglione a collo alto pu\u00f2 essere utilizzato come capo autonomo a temperature pi\u00f9 miti o come strato intermedio sotto una giacca shell nelle fredde giornate invernali.<\/p>\n<p>- Micropile termico in poliestere riciclato<br \/>\n- Spazzolato su entrambi i lati<br \/>\n- Maglia dolcevita con mezza zip sul retro<br \/>\n- Garage con zip sul colletto<br \/>\n- Foro per il pollice sui polsini<br \/>\n- Vestibilit\u00e0 normale<\/p>\n<p>Materiale: poliestere riciclato 100%<\/p>","protected":false},"excerpt":{"rendered":"<p>Der CORE Explore Fleece Midlayer ist ein isolierender Fleece-Pullover mit halbem Reissverschluss, der Sie bei k\u00fchlen Outdoor-Ausfl\u00fcgen warm und gem\u00fctlich h\u00e4lt. Dieser warme Rollkragenpullover besteht aus einem thermischen Mikrofleece-Stoff, der f\u00fcr optimale Isolierung beidseitig aufgeraut ist. Das Kleidungsst\u00fcck verf\u00fcgt ausserdem \u00fcber Daumenl\u00f6cher an den \u00c4rmelenden und eine Reissverschlussgarage am Kragen f\u00fcr optimalen Komfort. De Rollkragenpullover [&hellip;]<\/p>\n","protected":false},"featured_media":480616,"template":"","meta":[],"product_brand":[],"product_cat":[4184],"product_tag":[],"class_list":{"0":"post-638043","1":"product","2":"type-product","3":"status-publish","4":"has-post-thumbnail","6":"product_cat-hoodies-pullover","7":"pa_brand-craft-retail-sportswear","8":"pa_brand-type-sportswear","9":"pa_filter-color-blau","10":"pa_filter-color-gruen","11":"pa_filter-color-schwarz","13":"first","14":"instock","15":"sale","16":"taxable","17":"shipping-taxable","18":"purchasable","19":"product-type-variable","20":"add-to-wishlist-before_image"},"exclude_global_add_ons":[],"addons":[],"acf":[],"_links":{"self":[{"href":"https:\/\/shop.kustom.ch\/it\/wp-json\/wp\/v2\/product\/638043"}],"collection":[{"href":"https:\/\/shop.kustom.ch\/it\/wp-json\/wp\/v2\/product"}],"about":[{"href":"https:\/\/shop.kustom.ch\/it\/wp-json\/wp\/v2\/types\/product"}],"wp:featuredmedia":[{"embeddable":true,"href":"https:\/\/shop.kustom.ch\/it\/wp-json\/wp\/v2\/media\/480616"}],"wp:attachment":[{"href":"https:\/\/shop.kustom.ch\/it\/wp-json\/wp\/v2\/media?parent=638043"}],"wp:term":[{"taxonomy":"product_brand","embeddable":true,"href":"https:\/\/shop.kustom.ch\/it\/wp-json\/wp\/v2\/product_brand?post=638043"},{"taxonomy":"product_cat","embeddable":true,"href":"https:\/\/shop.kustom.ch\/it\/wp-json\/wp\/v2\/product_cat?post=638043"},{"taxonomy":"product_tag","embeddable":true,"href":"https:\/\/shop.kustom.ch\/it\/wp-json\/wp\/v2\/product_tag?post=638043"}],"curies":[{"name":"wp","href":"https:\/\/api.w.org\/{rel}","templated":true}]}}