{"id":638031,"date":"2025-03-22T03:47:44","date_gmt":"2025-03-22T02:47:44","guid":{"rendered":"https:\/\/shop.kustom.ch\/?post_type=product&#038;p=638031"},"modified":"2026-04-20T12:15:09","modified_gmt":"2026-04-20T11:15:09","slug":"core-essence-fleece-neck-tube","status":"publish","type":"product","link":"https:\/\/shop.kustom.ch\/it\/prodotto\/core-essence-fleece-neck-tube\/","title":{"rendered":"Tubo per il collo in pile Core Essence"},"content":{"rendered":"<p>CORE Essence Fleece Neck Tube \u00e8 una sciarpa morbida e multifunzionale che tiene il collo o la testa al caldo quando fa freddo. Questo versatile accessorio multi-sport pu\u00f2 essere facilmente trasformato in un cappello o in una fascia per capelli.<\/p>\n<p>- Pile di poliestere morbido e funzionale<br \/>\n- Accessori multifunzionali per lo sport<br \/>\n- Mantiene il collo o la testa al caldo<\/p>\n<p>Materiale: poliestere riciclato 100%<\/p>","protected":false},"excerpt":{"rendered":"<p>CORE Essence Fleece Neck Tube ist ein weicher, multifunktionaler Schal, der den Hals oder Kopf bei kaltem Wetter warm h\u00e4lt. Dieses vielseitige Multi-Sport-Accessoire l\u00e4sst sich leicht in eine M\u00fctze oder ein Stirnband verwandeln. \u2022 Weiches und funktionelles Polyesterfleece \u2022 Multifunktionales Multisport-Zubeh\u00f6r \u2022 H\u00e4lt Hals oder Kopf warm Material: 100% Recycling-Polyester<\/p>","protected":false},"featured_media":481447,"template":"","meta":[],"product_brand":[],"product_cat":[4209],"product_tag":[],"class_list":{"0":"post-638031","1":"product","2":"type-product","3":"status-publish","4":"has-post-thumbnail","6":"product_cat-zubehoer","7":"pa_brand-craft-retail-sportswear","8":"pa_brand-type-sportswear","9":"pa_filter-color-blau","11":"first","12":"instock","13":"sale","14":"taxable","15":"shipping-taxable","16":"purchasable","17":"product-type-variable","18":"add-to-wishlist-before_image"},"exclude_global_add_ons":[],"addons":[],"acf":[],"_links":{"self":[{"href":"https:\/\/shop.kustom.ch\/it\/wp-json\/wp\/v2\/product\/638031"}],"collection":[{"href":"https:\/\/shop.kustom.ch\/it\/wp-json\/wp\/v2\/product"}],"about":[{"href":"https:\/\/shop.kustom.ch\/it\/wp-json\/wp\/v2\/types\/product"}],"wp:featuredmedia":[{"embeddable":true,"href":"https:\/\/shop.kustom.ch\/it\/wp-json\/wp\/v2\/media\/481447"}],"wp:attachment":[{"href":"https:\/\/shop.kustom.ch\/it\/wp-json\/wp\/v2\/media?parent=638031"}],"wp:term":[{"taxonomy":"product_brand","embeddable":true,"href":"https:\/\/shop.kustom.ch\/it\/wp-json\/wp\/v2\/product_brand?post=638031"},{"taxonomy":"product_cat","embeddable":true,"href":"https:\/\/shop.kustom.ch\/it\/wp-json\/wp\/v2\/product_cat?post=638031"},{"taxonomy":"product_tag","embeddable":true,"href":"https:\/\/shop.kustom.ch\/it\/wp-json\/wp\/v2\/product_tag?post=638031"}],"curies":[{"name":"wp","href":"https:\/\/api.w.org\/{rel}","templated":true}]}}