{"id":638011,"date":"2025-03-22T03:47:19","date_gmt":"2025-03-22T02:47:19","guid":{"rendered":"https:\/\/shop.kustom.ch\/?post_type=product&#038;p=638011"},"modified":"2026-03-27T13:49:19","modified_gmt":"2026-03-27T12:49:19","slug":"core-endur-hydro-pants-w","status":"publish","type":"product","link":"https:\/\/shop.kustom.ch\/it\/prodotto\/core-endur-hydro-pants-w\/","title":{"rendered":"Pantaloni Core Endur Hydro W"},"content":{"rendered":"<p>Pantaloncini da ciclismo antivento e idrorepellenti con inserto elasticizzato sul retro e chiusura in velcro regolabile e riflettente all'estremit\u00e0 delle gambe per una vestibilit\u00e0 ottimale. Seduta rinforzata. 5 000 WP\/5 000 MVP.<br \/>\n- Materiale antivento e idrorepellente<br \/>\n- Inserto elasticizzato sul retro<br \/>\n- Chiusura in velcro regolabile e riflettente<br \/>\n- Morbido tessuto misto jersey non spazzolato<br \/>\n- Materiale morbido ed elastico<br \/>\n- Sedile rinforzato<br \/>\n- Coulisse piatta in vita<br \/>\n- 5 000 WP\/5 000 MVP<\/p>\n<p>Materiale: Corpo: Viso 100% poliestere, Schienale 100% poliuretano, Sedile anteriore\/schienale: 94% poliammide, 6% elastane<\/p>","protected":false},"excerpt":{"rendered":"<p>Wind- und wasserabweisende Radhose mit elastischem Einsatz auf der R\u00fcckseite und verstellbarem, verstellbarem, reflektierendem Klettverschluss an den Beinenden f\u00fcr einen optimalen Sitz. Verst\u00e4rkte Sitzfl\u00e4che. 5\u00a0000\u00a0WP\/5\u00a0000\u00a0MVP. \u2022 Wind- und wasserabweisendes Material \u2022 Elastischer Einsatz hinten \u2022 Verstellbarer, reflektierender Klettverschluss \u2022 Weiches, nicht angerautes Jersey-Mischgewebe \u2022 Weiches Stretchmaterial \u2022 Verst\u00e4rkte Sitzfl\u00e4che \u2022 Flacher Kordelzug im Bund \u2022 [&hellip;]<\/p>\n","protected":false},"featured_media":627315,"template":"","meta":[],"product_brand":[],"product_cat":[4185],"product_tag":[],"class_list":{"0":"post-638011","1":"product","2":"type-product","3":"status-publish","4":"has-post-thumbnail","6":"product_cat-hosen","7":"pa_brand-craft-retail-sportswear","8":"pa_brand-type-sportswear","9":"pa_filter-color-schwarz","11":"first","12":"instock","13":"sale","14":"taxable","15":"shipping-taxable","16":"purchasable","17":"product-type-variable","18":"add-to-wishlist-before_image"},"exclude_global_add_ons":[],"addons":[],"acf":[],"_links":{"self":[{"href":"https:\/\/shop.kustom.ch\/it\/wp-json\/wp\/v2\/product\/638011"}],"collection":[{"href":"https:\/\/shop.kustom.ch\/it\/wp-json\/wp\/v2\/product"}],"about":[{"href":"https:\/\/shop.kustom.ch\/it\/wp-json\/wp\/v2\/types\/product"}],"wp:featuredmedia":[{"embeddable":true,"href":"https:\/\/shop.kustom.ch\/it\/wp-json\/wp\/v2\/media\/627315"}],"wp:attachment":[{"href":"https:\/\/shop.kustom.ch\/it\/wp-json\/wp\/v2\/media?parent=638011"}],"wp:term":[{"taxonomy":"product_brand","embeddable":true,"href":"https:\/\/shop.kustom.ch\/it\/wp-json\/wp\/v2\/product_brand?post=638011"},{"taxonomy":"product_cat","embeddable":true,"href":"https:\/\/shop.kustom.ch\/it\/wp-json\/wp\/v2\/product_cat?post=638011"},{"taxonomy":"product_tag","embeddable":true,"href":"https:\/\/shop.kustom.ch\/it\/wp-json\/wp\/v2\/product_tag?post=638011"}],"curies":[{"name":"wp","href":"https:\/\/api.w.org\/{rel}","templated":true}]}}