{"id":638003,"date":"2025-03-22T03:47:13","date_gmt":"2025-03-22T02:47:13","guid":{"rendered":"https:\/\/shop.kustom.ch\/?post_type=product&#038;p=638003"},"modified":"2026-03-27T14:13:05","modified_gmt":"2026-03-27T13:13:05","slug":"core-endur-bib-shorts-m","status":"publish","type":"product","link":"https:\/\/shop.kustom.ch\/it\/prodotto\/core-endur-bib-shorts-m\/","title":{"rendered":"Pantaloncini Core Endur M"},"content":{"rendered":"<p>Pantaloncini da ciclismo elastici, flessibili ed ergonomici con imbottitura C4 per un elevato comfort. Realizzati in poliammide resistente e funzionale, sono dotati di ampi polsini elasticizzati con stampa in silicone per mantenere i pantaloncini in posizione.<\/p>\n<p>Materiale: 80% poliammide, 20% elastan<\/p>","protected":false},"excerpt":{"rendered":"<p>Elastische, flexible und ergonomische Radhose mit C4-Polster f\u00fcr hohen Komfort. Hergestellt aus strapazierf\u00e4higem und funktionalem Polyamid, verf\u00fcgt sie \u00fcber breite elastische Beinabschl\u00fcsse mit Silikonaufdruck, der die Hose an ihrem Platz h\u00e4lt. Material: 80% Polyamide, 20% Elastane<\/p>","protected":false},"featured_media":627301,"template":"","meta":[],"product_brand":[],"product_cat":[4198],"product_tag":[],"class_list":{"0":"post-638003","1":"product","2":"type-product","3":"status-publish","4":"has-post-thumbnail","6":"product_cat-shorts","7":"pa_brand-craft-retail-sportswear","8":"pa_brand-type-sportswear","9":"pa_filter-color-schwarz","11":"first","12":"instock","13":"sale","14":"taxable","15":"shipping-taxable","16":"purchasable","17":"product-type-variable","18":"add-to-wishlist-before_image"},"exclude_global_add_ons":[],"addons":[],"acf":[],"_links":{"self":[{"href":"https:\/\/shop.kustom.ch\/it\/wp-json\/wp\/v2\/product\/638003"}],"collection":[{"href":"https:\/\/shop.kustom.ch\/it\/wp-json\/wp\/v2\/product"}],"about":[{"href":"https:\/\/shop.kustom.ch\/it\/wp-json\/wp\/v2\/types\/product"}],"wp:featuredmedia":[{"embeddable":true,"href":"https:\/\/shop.kustom.ch\/it\/wp-json\/wp\/v2\/media\/627301"}],"wp:attachment":[{"href":"https:\/\/shop.kustom.ch\/it\/wp-json\/wp\/v2\/media?parent=638003"}],"wp:term":[{"taxonomy":"product_brand","embeddable":true,"href":"https:\/\/shop.kustom.ch\/it\/wp-json\/wp\/v2\/product_brand?post=638003"},{"taxonomy":"product_cat","embeddable":true,"href":"https:\/\/shop.kustom.ch\/it\/wp-json\/wp\/v2\/product_cat?post=638003"},{"taxonomy":"product_tag","embeddable":true,"href":"https:\/\/shop.kustom.ch\/it\/wp-json\/wp\/v2\/product_tag?post=638003"}],"curies":[{"name":"wp","href":"https:\/\/api.w.org\/{rel}","templated":true}]}}