{"id":637979,"date":"2025-03-22T03:46:56","date_gmt":"2025-03-22T02:46:56","guid":{"rendered":"https:\/\/shop.kustom.ch\/?post_type=product&#038;p=637979"},"modified":"2026-03-27T13:51:51","modified_gmt":"2026-03-27T12:51:51","slug":"core-dry-mid-sock-5-pack","status":"publish","type":"product","link":"https:\/\/shop.kustom.ch\/it\/prodotto\/core-dry-mid-sock-5-pack\/","title":{"rendered":"CORE Dry Mid Calzino 5 pezzi"},"content":{"rendered":"<p>CORE Dry Mid Sock \u00e8 un calzino da allenamento funzionale con eccellente trasporto dell'umidit\u00e0, ventilazione e supporto dell'arco plantare. Punta e tallone rinforzati.<\/p>\n<p>- Supporto per l'arco plantare<br \/>\n- Cucitura piatta in punta<br \/>\n- Punta e tallone rinforzati<br \/>\n- Confezione da 5 pezzi<\/p>\n<p>Materiale: 58% poliammide riciclata, 40% poliammide, 2% elastan<\/p>","protected":false},"excerpt":{"rendered":"<p>CORE Dry Mid Sock ist eine funktionelle Trainingssocke mit hervorragendem Feuchtigkeitstransport, Bel\u00fcftung und Fussgew\u00f6lbeunterst\u00fctzung. Verst\u00e4rkte Zehen- und Fersenpartie. \u2022 Unterst\u00fctzung des Fussgew\u00f6lbes \u2022 Flache Zehennaht \u2022 Verst\u00e4rkte Zehen- und Fersenpartie \u2022 5er-Pack Material: 58% Recycling-Polyamide, 40% Polyamid, 2% Elasthan<\/p>","protected":false},"featured_media":627274,"template":"","meta":[],"product_brand":[],"product_cat":[4199],"product_tag":[],"class_list":{"0":"post-637979","1":"product","2":"type-product","3":"status-publish","4":"has-post-thumbnail","6":"product_cat-socken","7":"pa_brand-craft-retail-sportswear","8":"pa_brand-type-sportswear","9":"pa_filter-color-schwarz","10":"pa_filter-color-weiss","12":"first","13":"instock","14":"sale","15":"taxable","16":"shipping-taxable","17":"purchasable","18":"product-type-variable","19":"add-to-wishlist-before_image"},"exclude_global_add_ons":[],"addons":[],"acf":[],"_links":{"self":[{"href":"https:\/\/shop.kustom.ch\/it\/wp-json\/wp\/v2\/product\/637979"}],"collection":[{"href":"https:\/\/shop.kustom.ch\/it\/wp-json\/wp\/v2\/product"}],"about":[{"href":"https:\/\/shop.kustom.ch\/it\/wp-json\/wp\/v2\/types\/product"}],"wp:featuredmedia":[{"embeddable":true,"href":"https:\/\/shop.kustom.ch\/it\/wp-json\/wp\/v2\/media\/627274"}],"wp:attachment":[{"href":"https:\/\/shop.kustom.ch\/it\/wp-json\/wp\/v2\/media?parent=637979"}],"wp:term":[{"taxonomy":"product_brand","embeddable":true,"href":"https:\/\/shop.kustom.ch\/it\/wp-json\/wp\/v2\/product_brand?post=637979"},{"taxonomy":"product_cat","embeddable":true,"href":"https:\/\/shop.kustom.ch\/it\/wp-json\/wp\/v2\/product_cat?post=637979"},{"taxonomy":"product_tag","embeddable":true,"href":"https:\/\/shop.kustom.ch\/it\/wp-json\/wp\/v2\/product_tag?post=637979"}],"curies":[{"name":"wp","href":"https:\/\/api.w.org\/{rel}","templated":true}]}}