{"id":637932,"date":"2025-03-22T03:46:14","date_gmt":"2025-03-22T02:46:14","guid":{"rendered":"https:\/\/shop.kustom.ch\/?post_type=product&#038;p=637932"},"modified":"2026-03-27T13:44:33","modified_gmt":"2026-03-27T12:44:33","slug":"core-bike-subz-lumen-jacket-2-w","status":"publish","type":"product","link":"https:\/\/shop.kustom.ch\/it\/prodotto\/core-bike-subz-lumen-jacket-2-w\/","title":{"rendered":"Core Bike SubZ Giacca Lumen 2 W"},"content":{"rendered":"<p>La giacca CORE SubZ Lumen 2 \u00e8 una giacca da ciclismo calda, antivento e idrorepellente con dettagli riflettenti che offre un grande comfort quando si pedala in condizioni di freddo.<\/p>\n<p>La giacca \u00e8 realizzata in un tessuto softshell a 3 strati che offre un'eccellente protezione dalle intemperie ed \u00e8 spazzolato all'interno per garantire un migliore isolamento nelle fredde giornate autunnali e invernali. La giacca da ciclismo presenta anche numerose stampe e dettagli riflettenti, oltre a quattro tasche posteriori che offrono ampio spazio per barrette energetiche, telefoni cellulari, chiavi, ecc.<\/p>\n<p>- Tessuto softshell idrorepellente e antivento (WP 8.000\/MVP 8.000)<br \/>\n- Interno spazzolato per un maggiore calore e comfort<br \/>\n- Stampe e dettagli riflettenti<br \/>\n- Quattro tasche posteriori (una con zip)<br \/>\n- La pinza in silicone sul retro mantiene la giacca al suo posto<br \/>\n- Vestibilit\u00e0 normale<\/p>\n<p>Materiale: Corpo: poliestere riciclato 100%<\/p>","protected":false},"excerpt":{"rendered":"<p>Die CORE SubZ Lumen 2 Jacke ist eine warme, winddichte und wasserabweisende Fahrradjacke mit reflektierenden Details, die bei Fahrten unter kalten Bedingungen grossen Komfort bietet. Die Jacke besteht aus einem 3-lagigen Softshell-Gewebe, das einen hervorragenden Wetterschutz bietet, und ist innen geb\u00fcrstet, um an kalten Herbst- und Wintertagen eine bessere Isolierung zu gew\u00e4hrleisten. Die Fahrradjacke verf\u00fcgt [&hellip;]<\/p>\n","protected":false},"featured_media":480349,"template":"","meta":[],"product_brand":[],"product_cat":[4186],"product_tag":[],"class_list":{"0":"post-637932","1":"product","2":"type-product","3":"status-publish","4":"has-post-thumbnail","6":"product_cat-jacken","7":"pa_brand-craft-retail-sportswear","8":"pa_brand-type-sportswear","9":"pa_filter-color-grau","11":"first","12":"instock","13":"sale","14":"taxable","15":"shipping-taxable","16":"purchasable","17":"product-type-variable","18":"add-to-wishlist-before_image"},"exclude_global_add_ons":[],"addons":[],"acf":[],"_links":{"self":[{"href":"https:\/\/shop.kustom.ch\/it\/wp-json\/wp\/v2\/product\/637932"}],"collection":[{"href":"https:\/\/shop.kustom.ch\/it\/wp-json\/wp\/v2\/product"}],"about":[{"href":"https:\/\/shop.kustom.ch\/it\/wp-json\/wp\/v2\/types\/product"}],"wp:featuredmedia":[{"embeddable":true,"href":"https:\/\/shop.kustom.ch\/it\/wp-json\/wp\/v2\/media\/480349"}],"wp:attachment":[{"href":"https:\/\/shop.kustom.ch\/it\/wp-json\/wp\/v2\/media?parent=637932"}],"wp:term":[{"taxonomy":"product_brand","embeddable":true,"href":"https:\/\/shop.kustom.ch\/it\/wp-json\/wp\/v2\/product_brand?post=637932"},{"taxonomy":"product_cat","embeddable":true,"href":"https:\/\/shop.kustom.ch\/it\/wp-json\/wp\/v2\/product_cat?post=637932"},{"taxonomy":"product_tag","embeddable":true,"href":"https:\/\/shop.kustom.ch\/it\/wp-json\/wp\/v2\/product_tag?post=637932"}],"curies":[{"name":"wp","href":"https:\/\/api.w.org\/{rel}","templated":true}]}}