{"id":637891,"date":"2025-03-22T03:45:42","date_gmt":"2025-03-22T02:45:42","guid":{"rendered":"https:\/\/shop.kustom.ch\/?post_type=product&#038;p=637891"},"modified":"2026-03-27T13:39:07","modified_gmt":"2026-03-27T12:39:07","slug":"community-2-0-zip-jacket-w","status":"publish","type":"product","link":"https:\/\/shop.kustom.ch\/it\/prodotto\/community-2-0-zip-jacket-w\/","title":{"rendered":"Giacca Community 2.0 Zip W"},"content":{"rendered":"<p>La Community 2.0 Zip Jacket \u00e8 una giacca in felpa classica per i momenti di relax e gli eventi di team building. Questa giacca casual \u00e8 realizzata in una morbida miscela di poliestere riciclato e cotone organico e presenta un interno spazzolato. Garantisce una sensazione di morbidezza e un elevato livello di comfort durante le attivit\u00e0 quotidiane. La giacca si distingue per il suo design chiaro e offre ampio spazio per i loghi.<\/p>\n<p>- Morbido tessuto in poliestere riciclato e cotone biologico<br \/>\n- Interno spazzolato<br \/>\n- Polsini e orlo a coste<br \/>\n- Due tasche laterali<br \/>\n- Design chiaro per i loghi<br \/>\n- Vestibilit\u00e0 normale<\/p>\n<p>Materiale: Tinta unita: 60% Cotone organico 40% Poliestere riciclato<br \/>\nColori melange: 63% cotone organico 31% poliestere riciclato 6% viscosa<\/p>","protected":false},"excerpt":{"rendered":"<p>Die Community 2.0 Zip Jacket ist eine klassische Sweatshirt-Jacke f\u00fcr entspannte Momente und Teambuilding-Events. Diese l\u00e4ssige Jacke besteht aus einer weichen Mischung aus recyceltem Polyester und Bio-Baumwolle und verf\u00fcgt \u00fcber eine geb\u00fcrstete Innenseite. Sie sorgt f\u00fcr ein geschmeidiges Tragegef\u00fchl sowie hohen Komfort bei allt\u00e4glichen Aktivit\u00e4ten. Die Jacke besticht durch ihr klares Design und bietet ausreichend [&hellip;]<\/p>\n","protected":false},"featured_media":481039,"template":"","meta":[],"product_brand":[],"product_cat":[4191],"product_tag":[],"class_list":{"0":"post-637891","1":"product","2":"type-product","3":"status-publish","4":"has-post-thumbnail","6":"product_cat-longsleeves-sweatshirts","7":"pa_brand-craft-teamwear","8":"pa_brand-type-sportswear","9":"pa_filter-color-blau","10":"pa_filter-color-grau","11":"pa_filter-color-schwarz","13":"first","14":"instock","15":"sale","16":"taxable","17":"shipping-taxable","18":"purchasable","19":"product-type-variable","20":"add-to-wishlist-before_image"},"exclude_global_add_ons":[],"addons":[],"acf":[],"_links":{"self":[{"href":"https:\/\/shop.kustom.ch\/it\/wp-json\/wp\/v2\/product\/637891"}],"collection":[{"href":"https:\/\/shop.kustom.ch\/it\/wp-json\/wp\/v2\/product"}],"about":[{"href":"https:\/\/shop.kustom.ch\/it\/wp-json\/wp\/v2\/types\/product"}],"wp:featuredmedia":[{"embeddable":true,"href":"https:\/\/shop.kustom.ch\/it\/wp-json\/wp\/v2\/media\/481039"}],"wp:attachment":[{"href":"https:\/\/shop.kustom.ch\/it\/wp-json\/wp\/v2\/media?parent=637891"}],"wp:term":[{"taxonomy":"product_brand","embeddable":true,"href":"https:\/\/shop.kustom.ch\/it\/wp-json\/wp\/v2\/product_brand?post=637891"},{"taxonomy":"product_cat","embeddable":true,"href":"https:\/\/shop.kustom.ch\/it\/wp-json\/wp\/v2\/product_cat?post=637891"},{"taxonomy":"product_tag","embeddable":true,"href":"https:\/\/shop.kustom.ch\/it\/wp-json\/wp\/v2\/product_tag?post=637891"}],"curies":[{"name":"wp","href":"https:\/\/api.w.org\/{rel}","templated":true}]}}