{"id":637824,"date":"2025-03-22T03:45:22","date_gmt":"2025-03-22T02:45:22","guid":{"rendered":"https:\/\/shop.kustom.ch\/?post_type=product&#038;p=637824"},"modified":"2026-03-27T14:00:12","modified_gmt":"2026-03-27T13:00:12","slug":"community-2-0-tee-m","status":"publish","type":"product","link":"https:\/\/shop.kustom.ch\/it\/prodotto\/community-2-0-tee-m\/","title":{"rendered":"Comunit\u00e0 2.0 Tee M"},"content":{"rendered":"<p>La Community 2.0 Tee \u00e8 una maglietta estremamente comoda per le attivit\u00e0 quotidiane. Questo capo versatile \u00e8 realizzato in una morbida miscela di cotone organico e poliestere riciclato e garantisce una sensazione di comfort e un efficiente trasporto dell'umidit\u00e0, con effetti positivi sullo spirito di squadra. La t-shirt si distingue per il suo design chiaro e offre ampio spazio per emblemi e loghi degli sponsor.<\/p>\n<p>- Morbido tessuto in cotone organico e poliestere riciclato<br \/>\n- Collo rotondo<br \/>\n- Logo Craft ricamato sulla manica<br \/>\n- Design chiaro per stemmi e loghi<br \/>\n- Vestibilit\u00e0 normale<\/p>\n<p>Materiale: Tinta unita: 60% Cotone organico 40% Poliestere riciclato<br \/>\nColori melange: 85% cotone-organico 15% viscosa<\/p>","protected":false},"excerpt":{"rendered":"<p>Das Community 2.0 Tee ist ein \u00e4usserst bequemes T-Shirt f\u00fcr allt\u00e4gliche Aktivit\u00e4ten. Dieses vielseitige Kleidungsst\u00fcck besteht aus einer weichen Mischung aus Bio-Baumwolle und recyceltem Polyester und sorgt f\u00fcr ein angenehmes Tragegef\u00fchl sowie einen effizienten Feuchtigkeitstransport, was sich positiv auf den Teamgeist auswirkt. Das T-Shirt besticht durch sein klares Design und bietet ausreichend Platz f\u00fcr Wappen [&hellip;]<\/p>\n","protected":false},"featured_media":481140,"template":"","meta":[],"product_brand":[],"product_cat":[4201],"product_tag":[],"class_list":{"0":"post-637824","1":"product","2":"type-product","3":"status-publish","4":"has-post-thumbnail","6":"product_cat-t-shirts","7":"pa_brand-craft-teamwear","8":"pa_brand-type-sportswear","9":"pa_filter-color-blau","10":"pa_filter-color-grau","11":"pa_filter-color-gruen","12":"pa_filter-color-rot","13":"pa_filter-color-schwarz","14":"pa_filter-color-weiss","16":"first","17":"instock","18":"sale","19":"taxable","20":"shipping-taxable","21":"purchasable","22":"product-type-variable","23":"add-to-wishlist-before_image"},"exclude_global_add_ons":[],"addons":[],"acf":[],"_links":{"self":[{"href":"https:\/\/shop.kustom.ch\/it\/wp-json\/wp\/v2\/product\/637824"}],"collection":[{"href":"https:\/\/shop.kustom.ch\/it\/wp-json\/wp\/v2\/product"}],"about":[{"href":"https:\/\/shop.kustom.ch\/it\/wp-json\/wp\/v2\/types\/product"}],"wp:featuredmedia":[{"embeddable":true,"href":"https:\/\/shop.kustom.ch\/it\/wp-json\/wp\/v2\/media\/481140"}],"wp:attachment":[{"href":"https:\/\/shop.kustom.ch\/it\/wp-json\/wp\/v2\/media?parent=637824"}],"wp:term":[{"taxonomy":"product_brand","embeddable":true,"href":"https:\/\/shop.kustom.ch\/it\/wp-json\/wp\/v2\/product_brand?post=637824"},{"taxonomy":"product_cat","embeddable":true,"href":"https:\/\/shop.kustom.ch\/it\/wp-json\/wp\/v2\/product_cat?post=637824"},{"taxonomy":"product_tag","embeddable":true,"href":"https:\/\/shop.kustom.ch\/it\/wp-json\/wp\/v2\/product_tag?post=637824"}],"curies":[{"name":"wp","href":"https:\/\/api.w.org\/{rel}","templated":true}]}}