{"id":637770,"date":"2025-03-22T03:44:56","date_gmt":"2025-03-22T02:44:56","guid":{"rendered":"https:\/\/shop.kustom.ch\/?post_type=product&#038;p=637770"},"modified":"2026-03-27T14:13:51","modified_gmt":"2026-03-27T13:13:51","slug":"community-2-0-shorts-m","status":"publish","type":"product","link":"https:\/\/shop.kustom.ch\/it\/prodotto\/community-2-0-shorts-m\/","title":{"rendered":"Comunit\u00e0 2.0 Pantaloncini M"},"content":{"rendered":"<p>I pantaloncini Community 2.0 combinano una vestibilit\u00e0 rilassata ma atletica con uno stile sportivo, ideale per i momenti di relax fuori dal campo. Questi pantaloncini casual sono realizzati in una morbida miscela di poliestere riciclato e cotone organico e presentano un interno spazzolato. Garantiscono una sensazione di morbidezza e un elevato livello di comfort e ravvivano lo spirito di squadra. I pantaloncini sono caratterizzati da un design chiaro e offrono ampio spazio per emblemi e loghi degli sponsor.<\/p>\n<p>- Morbido tessuto in poliestere riciclato e cotone biologico<br \/>\n- Interno spazzolato<br \/>\n- Coulisse in vita<br \/>\n- Due tasche laterali<br \/>\n- Design chiaro per stemmi e loghi<br \/>\n- Vestibilit\u00e0 normale<\/p>\n<p>Materiale: Tinta unita: 60% Cotone organico 40% Poliestere riciclato<br \/>\nColori melange: 63% cotone organico 31% poliestere riciclato 6% viscosa<\/p>","protected":false},"excerpt":{"rendered":"<p>Die Community 2.0 Shorts kombinieren eine entspannte und dennoch athletische Passform im sportlichen Stil, ideal f\u00fcr entspannte Momente abseits des Spielfelds. Diese l\u00e4ssigen Shorts bestehen aus einer weichen Mischung aus recyceltem Polyester und Bio-Baumwolle und verf\u00fcgen \u00fcber eine geb\u00fcrstete Innenseite. Sie sorgen f\u00fcr ein geschmeidiges Tragegef\u00fchl sowie hohen Komfort und beleben den Teamgeist. Die Shorts [&hellip;]<\/p>\n","protected":false},"featured_media":481388,"template":"","meta":[],"product_brand":[],"product_cat":[4198],"product_tag":[],"class_list":{"0":"post-637770","1":"product","2":"type-product","3":"status-publish","4":"has-post-thumbnail","6":"product_cat-shorts","7":"pa_brand-craft-teamwear","8":"pa_brand-type-sportswear","9":"pa_filter-color-blau","10":"pa_filter-color-grau","11":"pa_filter-color-schwarz","13":"first","14":"instock","15":"sale","16":"taxable","17":"shipping-taxable","18":"purchasable","19":"product-type-variable","20":"add-to-wishlist-before_image"},"exclude_global_add_ons":[],"addons":[],"acf":[],"_links":{"self":[{"href":"https:\/\/shop.kustom.ch\/it\/wp-json\/wp\/v2\/product\/637770"}],"collection":[{"href":"https:\/\/shop.kustom.ch\/it\/wp-json\/wp\/v2\/product"}],"about":[{"href":"https:\/\/shop.kustom.ch\/it\/wp-json\/wp\/v2\/types\/product"}],"wp:featuredmedia":[{"embeddable":true,"href":"https:\/\/shop.kustom.ch\/it\/wp-json\/wp\/v2\/media\/481388"}],"wp:attachment":[{"href":"https:\/\/shop.kustom.ch\/it\/wp-json\/wp\/v2\/media?parent=637770"}],"wp:term":[{"taxonomy":"product_brand","embeddable":true,"href":"https:\/\/shop.kustom.ch\/it\/wp-json\/wp\/v2\/product_brand?post=637770"},{"taxonomy":"product_cat","embeddable":true,"href":"https:\/\/shop.kustom.ch\/it\/wp-json\/wp\/v2\/product_cat?post=637770"},{"taxonomy":"product_tag","embeddable":true,"href":"https:\/\/shop.kustom.ch\/it\/wp-json\/wp\/v2\/product_tag?post=637770"}],"curies":[{"name":"wp","href":"https:\/\/api.w.org\/{rel}","templated":true}]}}