{"id":637711,"date":"2025-03-22T03:44:33","date_gmt":"2025-03-22T02:44:33","guid":{"rendered":"https:\/\/shop.kustom.ch\/?post_type=product&#038;p=637711"},"modified":"2026-04-16T10:13:37","modified_gmt":"2026-04-16T09:13:37","slug":"community-2-0-r-neck-m","status":"publish","type":"product","link":"https:\/\/shop.kustom.ch\/it\/prodotto\/community-2-0-r-neck-m\/","title":{"rendered":"Comunit\u00e0 2.0 R Collo M"},"content":{"rendered":"<p>La Community 2.0 Roundneck \u00e8 una felpa moderna con una vestibilit\u00e0 regolare e un look sportivo per i momenti di relax fuori dal campo. Questa maglia casual \u00e8 realizzata in una morbida miscela di poliestere riciclato e cotone organico e presenta un interno spazzolato. Garantisce una sensazione di morbidezza e un elevato livello di comfort e ravviva lo spirito di squadra. Il capo \u00e8 caratterizzato da un design chiaro e offre ampio spazio per emblemi e loghi degli sponsor.<\/p>\n<p>- Morbido tessuto in poliestere riciclato e cotone biologico<br \/>\n- Interno spazzolato<br \/>\n- Scollo, polsini e orlo inferiore a costine<br \/>\n- Collo rotondo<br \/>\n- Design chiaro per stemmi e loghi<br \/>\n- Vestibilit\u00e0 normale<\/p>\n<p>Materiale: Tinta unita: 60% Cotone organico 40% Poliestere riciclato<br \/>\nColori melange: 63% cotone organico 31% poliestere riciclato 6% viscosa<\/p>","protected":false},"excerpt":{"rendered":"<p>Der Community 2.0 Roundneck ist ein modernes Sweatshirt mit normaler Passform und sportlichem Look f\u00fcr entspannte Momente abseits des Spielfelds. Dieser l\u00e4ssige Pullover besteht aus einer weichen Mischung aus recyceltem Polyester und Bio-Baumwolle und verf\u00fcgt \u00fcber eine geb\u00fcrstete Innenseite. Er sorgt f\u00fcr ein geschmeidiges Tragegef\u00fchl sowie hohen Komfort und belebt den Teamgeist. Das Kleidungsst\u00fcck zeichnet [&hellip;]<\/p>\n","protected":false},"featured_media":481062,"template":"","meta":[],"product_brand":[],"product_cat":[4191],"product_tag":[],"class_list":{"0":"post-637711","1":"product","2":"type-product","3":"status-publish","4":"has-post-thumbnail","6":"product_cat-longsleeves-sweatshirts","7":"pa_brand-craft-teamwear","8":"pa_brand-type-sportswear","9":"pa_filter-color-blau","10":"pa_filter-color-grau","11":"pa_filter-color-schwarz","13":"first","14":"instock","15":"sale","16":"taxable","17":"shipping-taxable","18":"purchasable","19":"product-type-variable","20":"add-to-wishlist-before_image"},"exclude_global_add_ons":[],"addons":[],"acf":[],"_links":{"self":[{"href":"https:\/\/shop.kustom.ch\/it\/wp-json\/wp\/v2\/product\/637711"}],"collection":[{"href":"https:\/\/shop.kustom.ch\/it\/wp-json\/wp\/v2\/product"}],"about":[{"href":"https:\/\/shop.kustom.ch\/it\/wp-json\/wp\/v2\/types\/product"}],"wp:featuredmedia":[{"embeddable":true,"href":"https:\/\/shop.kustom.ch\/it\/wp-json\/wp\/v2\/media\/481062"}],"wp:attachment":[{"href":"https:\/\/shop.kustom.ch\/it\/wp-json\/wp\/v2\/media?parent=637711"}],"wp:term":[{"taxonomy":"product_brand","embeddable":true,"href":"https:\/\/shop.kustom.ch\/it\/wp-json\/wp\/v2\/product_brand?post=637711"},{"taxonomy":"product_cat","embeddable":true,"href":"https:\/\/shop.kustom.ch\/it\/wp-json\/wp\/v2\/product_cat?post=637711"},{"taxonomy":"product_tag","embeddable":true,"href":"https:\/\/shop.kustom.ch\/it\/wp-json\/wp\/v2\/product_tag?post=637711"}],"curies":[{"name":"wp","href":"https:\/\/api.w.org\/{rel}","templated":true}]}}