{"id":637618,"date":"2025-03-22T03:44:02","date_gmt":"2025-03-22T02:44:02","guid":{"rendered":"https:\/\/shop.kustom.ch\/?post_type=product&#038;p=637618"},"modified":"2026-03-27T13:32:30","modified_gmt":"2026-03-27T12:32:30","slug":"community-2-0-logo-fz-hoodie-m","status":"publish","type":"product","link":"https:\/\/shop.kustom.ch\/it\/prodotto\/community-2-0-logo-fz-hoodie-m\/","title":{"rendered":"Felpa con cappuccio Community 2.0 Logo FZ M"},"content":{"rendered":"<p>La Community 2.0 Logo FZ Hoodie combina una vestibilit\u00e0 rilassata ma atletica con un'espressione sportiva, ideale per i momenti di relax fuori dal campo. Questa felpa casual con zip integrale \u00e8 realizzata in una morbida miscela di poliestere riciclato e cotone organico e presenta un interno spazzolato. Garantisce una sensazione di morbidezza e grande comfort e ravviva lo spirito di squadra. Il suo design pulito la rende perfetta per il branding con i loghi di club, sponsor o azienda.<\/p>\n<p>- Morbido tessuto in poliestere riciclato e cotone biologico<br \/>\n- Interno spazzolato<br \/>\n- Zip a tutta lunghezza<br \/>\n- Due tasche laterali<br \/>\n- Logo a contrasto sul petto<br \/>\n- Vestibilit\u00e0 normale<\/p>\n<p>Materiale: Tinta unita: 60% Cotone organico 40% Poliestere riciclato<br \/>\nColori melange: 63% cotone organico 31% poliestere riciclato 6% viscosa<\/p>","protected":false},"excerpt":{"rendered":"<p>Der Community 2.0 Logo FZ Hoodie kombiniert eine entspannte und dennoch athletische Passform mit einem sportlichen Ausdruck, ideal f\u00fcr entspannte Momente abseits des Spielfelds. Dieser l\u00e4ssige Kapuzenpullover mit durchgehendem Reissverschluss ist aus einer weichen Mischung aus recyceltem Polyester und Bio-Baumwolle gefertigt und verf\u00fcgt \u00fcber eine geb\u00fcrstete Innenseite. Er sorgt f\u00fcr ein geschmeidiges Tragegef\u00fchl sowie grossartigen [&hellip;]<\/p>\n","protected":false},"featured_media":480961,"template":"","meta":[],"product_brand":[],"product_cat":[4184],"product_tag":[],"class_list":{"0":"post-637618","1":"product","2":"type-product","3":"status-publish","4":"has-post-thumbnail","6":"product_cat-hoodies-pullover","7":"pa_brand-craft-teamwear","8":"pa_brand-type-sportswear","9":"pa_filter-color-blau","10":"pa_filter-color-grau","11":"pa_filter-color-rot","12":"pa_filter-color-schwarz","14":"first","15":"instock","16":"sale","17":"taxable","18":"shipping-taxable","19":"purchasable","20":"product-type-variable","21":"add-to-wishlist-before_image"},"exclude_global_add_ons":[],"addons":[],"acf":[],"_links":{"self":[{"href":"https:\/\/shop.kustom.ch\/it\/wp-json\/wp\/v2\/product\/637618"}],"collection":[{"href":"https:\/\/shop.kustom.ch\/it\/wp-json\/wp\/v2\/product"}],"about":[{"href":"https:\/\/shop.kustom.ch\/it\/wp-json\/wp\/v2\/types\/product"}],"wp:featuredmedia":[{"embeddable":true,"href":"https:\/\/shop.kustom.ch\/it\/wp-json\/wp\/v2\/media\/480961"}],"wp:attachment":[{"href":"https:\/\/shop.kustom.ch\/it\/wp-json\/wp\/v2\/media?parent=637618"}],"wp:term":[{"taxonomy":"product_brand","embeddable":true,"href":"https:\/\/shop.kustom.ch\/it\/wp-json\/wp\/v2\/product_brand?post=637618"},{"taxonomy":"product_cat","embeddable":true,"href":"https:\/\/shop.kustom.ch\/it\/wp-json\/wp\/v2\/product_cat?post=637618"},{"taxonomy":"product_tag","embeddable":true,"href":"https:\/\/shop.kustom.ch\/it\/wp-json\/wp\/v2\/product_tag?post=637618"}],"curies":[{"name":"wp","href":"https:\/\/api.w.org\/{rel}","templated":true}]}}