{"id":637502,"date":"2025-03-22T03:43:04","date_gmt":"2025-03-22T02:43:04","guid":{"rendered":"https:\/\/shop.kustom.ch\/?post_type=product&#038;p=637502"},"modified":"2026-03-27T14:16:36","modified_gmt":"2026-03-27T13:16:36","slug":"community-2-0-function-hoodie-m","status":"publish","type":"product","link":"https:\/\/shop.kustom.ch\/it\/prodotto\/community-2-0-function-hoodie-m\/","title":{"rendered":"Felpa con cappuccio Funzione Community 2.0 M"},"content":{"rendered":"<p>Trasferite lo spirito della squadra a tifosi e sostenitori con la Community 2.0 Function Hoodie, una felpa con cappuccio classica progettata per costruire e rafforzare la vostra comunit\u00e0. Questa felpa elegante e versatile \u00e8 realizzata in poliestere funzionale e riciclato e offre un'ottima vestibilit\u00e0 e un'eccezionale libert\u00e0 di movimento. Una combinazione perfetta tra abbigliamento della squadra e merchandising per i tifosi.<\/p>\n<p>- Realizzato in poliestere riciclato<br \/>\n- Polsini e orlo a coste<br \/>\n- Tasca a canguro sul davanti<br \/>\n- Vestibilit\u00e0 normale<\/p>\n<p>Materiale: poliestere riciclato 100%<\/p>","protected":false},"excerpt":{"rendered":"<p>\u00dcbertragen Sie den Teamgeist auf die Fans und Unterst\u00fctzer mit dem Community 2.0 Function Hoodie, einem klassischen Kapuzenpulli, der darauf ausgelegt ist, Ihre Community aufzubauen und zu st\u00e4rken. Dieser stylische und vielseitige Kapuzenpullover besteht aus funktionellem und recyceltem Polyester und bietet eine tolle Passform sowie aussergew\u00f6hnliche Bewegungsfreiheit. Eine perfekte Kombination aus Teamkleidung und Fanartikeln. \u2022 [&hellip;]<\/p>\n","protected":false},"featured_media":481422,"template":"","meta":[],"product_brand":[],"product_cat":[4184],"product_tag":[],"class_list":{"0":"post-637502","1":"product","2":"type-product","3":"status-publish","4":"has-post-thumbnail","6":"product_cat-hoodies-pullover","7":"pa_brand-craft-teamwear","8":"pa_brand-type-sportswear","9":"pa_filter-color-blau","10":"pa_filter-color-schwarz","12":"first","13":"instock","14":"sale","15":"taxable","16":"shipping-taxable","17":"purchasable","18":"product-type-variable","19":"add-to-wishlist-before_image"},"exclude_global_add_ons":[],"addons":[],"acf":[],"_links":{"self":[{"href":"https:\/\/shop.kustom.ch\/it\/wp-json\/wp\/v2\/product\/637502"}],"collection":[{"href":"https:\/\/shop.kustom.ch\/it\/wp-json\/wp\/v2\/product"}],"about":[{"href":"https:\/\/shop.kustom.ch\/it\/wp-json\/wp\/v2\/types\/product"}],"wp:featuredmedia":[{"embeddable":true,"href":"https:\/\/shop.kustom.ch\/it\/wp-json\/wp\/v2\/media\/481422"}],"wp:attachment":[{"href":"https:\/\/shop.kustom.ch\/it\/wp-json\/wp\/v2\/media?parent=637502"}],"wp:term":[{"taxonomy":"product_brand","embeddable":true,"href":"https:\/\/shop.kustom.ch\/it\/wp-json\/wp\/v2\/product_brand?post=637502"},{"taxonomy":"product_cat","embeddable":true,"href":"https:\/\/shop.kustom.ch\/it\/wp-json\/wp\/v2\/product_cat?post=637502"},{"taxonomy":"product_tag","embeddable":true,"href":"https:\/\/shop.kustom.ch\/it\/wp-json\/wp\/v2\/product_tag?post=637502"}],"curies":[{"name":"wp","href":"https:\/\/api.w.org\/{rel}","templated":true}]}}