{"id":637450,"date":"2025-03-22T03:42:28","date_gmt":"2025-03-22T02:42:28","guid":{"rendered":"https:\/\/shop.kustom.ch\/?post_type=product&#038;p=637450"},"modified":"2026-03-27T14:07:40","modified_gmt":"2026-03-27T13:07:40","slug":"collective-structure-shorts-m","status":"publish","type":"product","link":"https:\/\/shop.kustom.ch\/it\/prodotto\/collective-structure-shorts-m\/","title":{"rendered":"Pantaloncini struttura Collective M"},"content":{"rendered":"<p>I pantaloncini Collective Structure sono comodi pantaloncini da allenamento dal fascino senza tempo, che possono essere integrati senza problemi dall'uso sportivo alla vita quotidiana.<\/p>\n<p>Realizzati in tessuto di poliestere ad alta elasticit\u00e0 con finitura jacquard, questi pantaloncini casual offrono comfort, prestazioni e stile in egual misura. L'elastico in vita con cordoncino regolabile assicura una vestibilit\u00e0 perfetta, mentre le due tasche laterali e la tasca posteriore con zip offrono pratiche opzioni di stoccaggio. Un'espressione di alta artigianalit\u00e0 fin nei minimi dettagli.<\/p>\n<p>- Tessuto elasticizzato in poliestere riciclato ed elastane<br \/>\n- Superficie jacquard<br \/>\n- Coulisse regolabile in vita<br \/>\n- Due tasche laterali<br \/>\n- Tasca posteriore con zip<br \/>\n- Taglio normale<\/p>\n<p>Materiale: 89% poliestere riciclato, 11% elastan<\/p>","protected":false},"excerpt":{"rendered":"<p>Collective Structure Shorts sind bequeme Trainingsshorts mit zeitlosem Reiz, die sich nahtlos vom sportlichen Einsatz in den Alltag integrieren lassen. Diese l\u00e4ssigen Shorts bestehen aus einem gewebten Polyesterstoff mit hoher Elastizit\u00e4t und einer Oberfl\u00e4che mit Jacquardstruktur und bieten Komfort, Leistung und Stil gleichermassen. Ein elastischer Bund mit verstellbarem Kordelzug sorgt f\u00fcr eine perfekte Passform, w\u00e4hrend [&hellip;]<\/p>\n","protected":false},"featured_media":626620,"template":"","meta":[],"product_brand":[],"product_cat":[4198],"product_tag":[],"class_list":{"0":"post-637450","1":"product","2":"type-product","3":"status-publish","4":"has-post-thumbnail","6":"product_cat-shorts","7":"pa_brand-craft-retail-sportswear","8":"pa_brand-type-sportswear","9":"pa_filter-color-schwarz","11":"first","12":"instock","13":"sale","14":"taxable","15":"shipping-taxable","16":"purchasable","17":"product-type-variable","18":"add-to-wishlist-before_image"},"exclude_global_add_ons":[],"addons":[],"acf":[],"_links":{"self":[{"href":"https:\/\/shop.kustom.ch\/it\/wp-json\/wp\/v2\/product\/637450"}],"collection":[{"href":"https:\/\/shop.kustom.ch\/it\/wp-json\/wp\/v2\/product"}],"about":[{"href":"https:\/\/shop.kustom.ch\/it\/wp-json\/wp\/v2\/types\/product"}],"wp:featuredmedia":[{"embeddable":true,"href":"https:\/\/shop.kustom.ch\/it\/wp-json\/wp\/v2\/media\/626620"}],"wp:attachment":[{"href":"https:\/\/shop.kustom.ch\/it\/wp-json\/wp\/v2\/media?parent=637450"}],"wp:term":[{"taxonomy":"product_brand","embeddable":true,"href":"https:\/\/shop.kustom.ch\/it\/wp-json\/wp\/v2\/product_brand?post=637450"},{"taxonomy":"product_cat","embeddable":true,"href":"https:\/\/shop.kustom.ch\/it\/wp-json\/wp\/v2\/product_cat?post=637450"},{"taxonomy":"product_tag","embeddable":true,"href":"https:\/\/shop.kustom.ch\/it\/wp-json\/wp\/v2\/product_tag?post=637450"}],"curies":[{"name":"wp","href":"https:\/\/api.w.org\/{rel}","templated":true}]}}