{"id":637448,"date":"2025-03-22T03:42:27","date_gmt":"2025-03-22T02:42:27","guid":{"rendered":"https:\/\/shop.kustom.ch\/?post_type=product&#038;p=637448"},"modified":"2026-03-27T14:22:28","modified_gmt":"2026-03-27T13:22:28","slug":"collective-ss-tee-w","status":"publish","type":"product","link":"https:\/\/shop.kustom.ch\/it\/prodotto\/collective-ss-tee-w\/","title":{"rendered":"Tee Collective SS W"},"content":{"rendered":"<p>Collective Tee \u00e8 una t-shirt da allenamento eccezionalmente morbida con un design senza tempo che passa senza sforzo dall'allenamento all'abbigliamento quotidiano, offrendo comfort e stile per tutto il giorno.<\/p>\n<p>Progettata per garantire il massimo comfort, questa versatile T-shirt da allenamento \u00e8 realizzata in tessuto misto poliestere elasticizzato con superficie spazzolata, lussuosamente morbida e in grado di assicurare un'eccellente regolazione della temperatura corporea. Presenta inoltre maniche raglan e orlo arrotondato per una silhouette femminile ed \u00e8 sinonimo di squisita artigianalit\u00e0 in ogni dettaglio.<\/p>\n<p>- Tessuto elasticizzato molto morbido in poliestere riciclato ed elastane<br \/>\n- Superficie levigata<br \/>\n- Maniche raglan<br \/>\n- Base arrotondata<br \/>\n- Taglio normale<\/p>\n<p>Materiale: 90% poliestere riciclato, 10% elastan<\/p>","protected":false},"excerpt":{"rendered":"<p>Collective Tee ist ein aussergew\u00f6hnlich weiches Trainings-T-Shirt mit zeitlosem Design, das sich m\u00fchelos vom Training in den Alltag integrieren l\u00e4sst \u2013 und Ihnen den ganzen Tag \u00fcber Komfort und Stil bietet. Dieses vielseitige Trainings-T-Shirt wurde f\u00fcr ultimativen Komfort entworfen und besteht aus einem dehnbaren Polyester-Mischgewebe mit aufgerauter Oberfl\u00e4che, das sich luxuri\u00f6s weich anf\u00fchlt und eine [&hellip;]<\/p>\n","protected":false},"featured_media":626588,"template":"","meta":[],"product_brand":[],"product_cat":[4201],"product_tag":[],"class_list":{"0":"post-637448","1":"product","2":"type-product","3":"status-publish","4":"has-post-thumbnail","6":"product_cat-t-shirts","7":"pa_brand-craft-retail-sportswear","8":"pa_brand-type-sportswear","9":"pa_filter-color-braun","10":"pa_filter-color-grau","11":"pa_filter-color-schwarz","13":"first","14":"instock","15":"sale","16":"taxable","17":"shipping-taxable","18":"purchasable","19":"product-type-variable","20":"add-to-wishlist-before_image"},"exclude_global_add_ons":[],"addons":[],"acf":[],"_links":{"self":[{"href":"https:\/\/shop.kustom.ch\/it\/wp-json\/wp\/v2\/product\/637448"}],"collection":[{"href":"https:\/\/shop.kustom.ch\/it\/wp-json\/wp\/v2\/product"}],"about":[{"href":"https:\/\/shop.kustom.ch\/it\/wp-json\/wp\/v2\/types\/product"}],"wp:featuredmedia":[{"embeddable":true,"href":"https:\/\/shop.kustom.ch\/it\/wp-json\/wp\/v2\/media\/626588"}],"wp:attachment":[{"href":"https:\/\/shop.kustom.ch\/it\/wp-json\/wp\/v2\/media?parent=637448"}],"wp:term":[{"taxonomy":"product_brand","embeddable":true,"href":"https:\/\/shop.kustom.ch\/it\/wp-json\/wp\/v2\/product_brand?post=637448"},{"taxonomy":"product_cat","embeddable":true,"href":"https:\/\/shop.kustom.ch\/it\/wp-json\/wp\/v2\/product_cat?post=637448"},{"taxonomy":"product_tag","embeddable":true,"href":"https:\/\/shop.kustom.ch\/it\/wp-json\/wp\/v2\/product_tag?post=637448"}],"curies":[{"name":"wp","href":"https:\/\/api.w.org\/{rel}","templated":true}]}}