{"id":637389,"date":"2025-03-22T03:42:05","date_gmt":"2025-03-22T02:42:05","guid":{"rendered":"https:\/\/shop.kustom.ch\/?post_type=product&#038;p=637389"},"modified":"2026-04-20T12:08:02","modified_gmt":"2026-04-20T11:08:02","slug":"collective-singlet-w","status":"publish","type":"product","link":"https:\/\/shop.kustom.ch\/it\/prodotto\/collective-singlet-w\/","title":{"rendered":"Singoletto collettivo W"},"content":{"rendered":"<p>La Collective Singlet \u00e8 una tuta da allenamento eccezionalmente morbida con un design senza tempo che pu\u00f2 essere facilmente integrata dall'allenamento alla vita di tutti i giorni e che garantisce comfort e stile per tutto il giorno.<\/p>\n<p>Progettata per il massimo comfort, questa versatile canotta da allenamento \u00e8 realizzata in misto poliestere elasticizzato con finitura spazzolata per una sensazione di lussuosa morbidezza e un'eccellente regolazione della temperatura corporea. Presenta inoltre una schiena a giro e un orlo arrotondato per una silhouette femminile ed \u00e8 sinonimo di squisita artigianalit\u00e0 in ogni dettaglio.<\/p>\n<p>- Tessuto elasticizzato molto morbido in poliestere riciclato ed elastane<br \/>\n- Superficie levigata<br \/>\n- Racerback<br \/>\n- Base arrotondata<br \/>\n- Taglio normale<\/p>\n<p>Materiale: 90% poliestere riciclato, 10% elastan<\/p>","protected":false},"excerpt":{"rendered":"<p>Das Collective Singlet ist ein aussergew\u00f6hnlich weiches Trainings-Singlet mit zeitlosem Design, das sich problemlos vom Training in den Alltag integrieren l\u00e4sst und daf\u00fcr sorgt, dass Sie den ganzen Tag \u00fcber bequem und stilvoll unterwegs sind. Dieses vielseitige Trainingsunterhemd ist f\u00fcr ultimativen Komfort konzipiert und aus einer dehnbaren Polyestermischung mit aufgerauter Oberfl\u00e4che gefertigt, die sich luxuri\u00f6s [&hellip;]<\/p>\n","protected":false},"featured_media":626568,"template":"","meta":[],"product_brand":[],"product_cat":[4202],"product_tag":[],"class_list":{"0":"post-637389","1":"product","2":"type-product","3":"status-publish","4":"has-post-thumbnail","6":"product_cat-tank-tops","7":"pa_brand-craft-retail-sportswear","8":"pa_brand-type-sportswear","9":"pa_filter-color-blau","10":"pa_filter-color-grau","11":"pa_filter-color-schwarz","13":"first","14":"instock","15":"sale","16":"taxable","17":"shipping-taxable","18":"purchasable","19":"product-type-variable","20":"add-to-wishlist-before_image"},"exclude_global_add_ons":[],"addons":[],"acf":[],"_links":{"self":[{"href":"https:\/\/shop.kustom.ch\/it\/wp-json\/wp\/v2\/product\/637389"}],"collection":[{"href":"https:\/\/shop.kustom.ch\/it\/wp-json\/wp\/v2\/product"}],"about":[{"href":"https:\/\/shop.kustom.ch\/it\/wp-json\/wp\/v2\/types\/product"}],"wp:featuredmedia":[{"embeddable":true,"href":"https:\/\/shop.kustom.ch\/it\/wp-json\/wp\/v2\/media\/626568"}],"wp:attachment":[{"href":"https:\/\/shop.kustom.ch\/it\/wp-json\/wp\/v2\/media?parent=637389"}],"wp:term":[{"taxonomy":"product_brand","embeddable":true,"href":"https:\/\/shop.kustom.ch\/it\/wp-json\/wp\/v2\/product_brand?post=637389"},{"taxonomy":"product_cat","embeddable":true,"href":"https:\/\/shop.kustom.ch\/it\/wp-json\/wp\/v2\/product_cat?post=637389"},{"taxonomy":"product_tag","embeddable":true,"href":"https:\/\/shop.kustom.ch\/it\/wp-json\/wp\/v2\/product_tag?post=637389"}],"curies":[{"name":"wp","href":"https:\/\/api.w.org\/{rel}","templated":true}]}}