{"id":637331,"date":"2025-03-22T03:41:33","date_gmt":"2025-03-22T02:41:33","guid":{"rendered":"https:\/\/shop.kustom.ch\/?post_type=product&#038;p=637331"},"modified":"2026-03-27T14:19:31","modified_gmt":"2026-03-27T13:19:31","slug":"collective-relaxed-ss-tee-m","status":"publish","type":"product","link":"https:\/\/shop.kustom.ch\/it\/prodotto\/collective-relaxed-ss-tee-m\/","title":{"rendered":"Collective Tee SS rilassata M"},"content":{"rendered":"<p>La Collective Relaxed Tee \u00e8 una morbida maglietta da allenamento con un design senza tempo che si adatta perfettamente sia all'allenamento che al tempo libero. <\/p>\n<p>Questa T-shirt estremamente confortevole \u00e8 realizzata in morbido misto cotone e ha una vestibilit\u00e0 rilassata per un look versatile. Questa maglietta athleisure \u00e8 la scelta perfetta per chi esige funzionalit\u00e0 e stile nella vita di tutti i giorni. Un'espressione di alta artigianalit\u00e0 fin nei minimi dettagli.<\/p>\n<p>- Morbido tessuto elasticizzato in cotone organico ed elastan<br \/>\n- Vestibilit\u00e0 rilassata<\/p>\n<p>Materiale: 93% cotone organico, 7% elastan<\/p>","protected":false},"excerpt":{"rendered":"<p>Das Collective Relaxed Tee ist ein weiches Trainings-T-Shirt mit zeitlosem Design, das sich nahtlos sowohl f\u00fcrs Training als auch f\u00fcr die Freizeit eignet. Dieses \u00e4usserst bequeme T-Shirt besteht aus einem weichen Baumwollmischgewebe und hat eine entspannte Passform f\u00fcr einen vielseitigen Look. Dieses T-Shirt aus dem Bereich Athleisure ist die perfekte Wahl f\u00fcr alle, die in [&hellip;]<\/p>\n","protected":false},"featured_media":626509,"template":"","meta":[],"product_brand":[],"product_cat":[4201],"product_tag":[],"class_list":{"0":"post-637331","1":"product","2":"type-product","3":"status-publish","4":"has-post-thumbnail","6":"product_cat-t-shirts","7":"pa_brand-craft-retail-sportswear","8":"pa_brand-type-sportswear","9":"pa_filter-color-blau","10":"pa_filter-color-schwarz","11":"pa_filter-color-weiss","13":"first","14":"instock","15":"sale","16":"taxable","17":"shipping-taxable","18":"purchasable","19":"product-type-variable","20":"add-to-wishlist-before_image"},"exclude_global_add_ons":[],"addons":[],"acf":[],"_links":{"self":[{"href":"https:\/\/shop.kustom.ch\/it\/wp-json\/wp\/v2\/product\/637331"}],"collection":[{"href":"https:\/\/shop.kustom.ch\/it\/wp-json\/wp\/v2\/product"}],"about":[{"href":"https:\/\/shop.kustom.ch\/it\/wp-json\/wp\/v2\/types\/product"}],"wp:featuredmedia":[{"embeddable":true,"href":"https:\/\/shop.kustom.ch\/it\/wp-json\/wp\/v2\/media\/626509"}],"wp:attachment":[{"href":"https:\/\/shop.kustom.ch\/it\/wp-json\/wp\/v2\/media?parent=637331"}],"wp:term":[{"taxonomy":"product_brand","embeddable":true,"href":"https:\/\/shop.kustom.ch\/it\/wp-json\/wp\/v2\/product_brand?post=637331"},{"taxonomy":"product_cat","embeddable":true,"href":"https:\/\/shop.kustom.ch\/it\/wp-json\/wp\/v2\/product_cat?post=637331"},{"taxonomy":"product_tag","embeddable":true,"href":"https:\/\/shop.kustom.ch\/it\/wp-json\/wp\/v2\/product_tag?post=637331"}],"curies":[{"name":"wp","href":"https:\/\/api.w.org\/{rel}","templated":true}]}}