{"id":637329,"date":"2025-03-22T03:41:33","date_gmt":"2025-03-22T02:41:33","guid":{"rendered":"https:\/\/shop.kustom.ch\/?post_type=product&#038;p=637329"},"modified":"2026-04-16T09:49:58","modified_gmt":"2026-04-16T08:49:58","slug":"collective-padded-sports-bra-w","status":"publish","type":"product","link":"https:\/\/shop.kustom.ch\/it\/prodotto\/collective-padded-sports-bra-w\/","title":{"rendered":"Reggiseno sportivo imbottito Collective W"},"content":{"rendered":"<p>Il reggiseno sportivo imbottito di Collective \u00e8 un reggiseno sportivo eccezionalmente morbido ed elasticizzato che pu\u00f2 essere integrato senza problemi dall'allenamento alla vita di tutti i giorni e offre un comfort che dura tutto il giorno.<\/p>\n<p>Questo versatile reggiseno sportivo \u00e8 progettato per il massimo comfort e realizzato in misto poliestere elasticizzato con superficie spazzolata. Ha una sensazione di lussuosa morbidezza, un'eccellente regolazione della temperatura corporea e un'ottima vestibilit\u00e0. Il reggiseno sportivo presenta inoltre coppe imbottite cucite, una fodera funzionale sul davanti e cuciture incollate per una sensazione di morbidezza sulla pelle. Un'espressione di alta artigianalit\u00e0 fin nei minimi dettagli. <\/p>\n<p>- Tessuto molto morbido e altamente elasticizzato in poliestere riciclato ed elastane<br \/>\n- Superficie levigata<br \/>\n- Fodera interna funzionale sul davanti<br \/>\n- Coppe imbottite cucite<br \/>\n- Cuciture incollate<br \/>\n- Basso supporto<\/p>\n<p>Materiale: Corpo: 77% poliestere riciclato, 23% elastan. Fodera: 88% poliestere riciclato, 12% elastan<\/p>","protected":false},"excerpt":{"rendered":"<p>Der gepolsterte Sport-BH von Collective ist ein aussergew\u00f6hnlich weicher und dehnbarer Sport-BH, der sich m\u00fchelos vom Training in den Alltag integrieren l\u00e4sst und den ganzen Tag \u00fcber f\u00fcr Komfort sorgt. Dieser vielseitige Sport-BH ist f\u00fcr ultimativen Komfort konzipiert und aus einer dehnbaren Polyestermischung mit aufgerauter Oberfl\u00e4che gefertigt. Er f\u00fchlt sich luxuri\u00f6s weich an, reguliert die [&hellip;]<\/p>\n","protected":false},"featured_media":626471,"template":"","meta":[],"product_brand":[],"product_cat":[4206],"product_tag":[],"class_list":{"0":"post-637329","1":"product","2":"type-product","3":"status-publish","4":"has-post-thumbnail","6":"product_cat-underwear","7":"pa_brand-craft-retail-sportswear","8":"pa_brand-type-sportswear","9":"pa_filter-color-braun","10":"pa_filter-color-gruen","11":"pa_filter-color-schwarz","12":"pa_filter-color-violet","14":"first","15":"instock","16":"sale","17":"taxable","18":"shipping-taxable","19":"purchasable","20":"product-type-variable","21":"add-to-wishlist-before_image"},"exclude_global_add_ons":[],"addons":[],"acf":[],"_links":{"self":[{"href":"https:\/\/shop.kustom.ch\/it\/wp-json\/wp\/v2\/product\/637329"}],"collection":[{"href":"https:\/\/shop.kustom.ch\/it\/wp-json\/wp\/v2\/product"}],"about":[{"href":"https:\/\/shop.kustom.ch\/it\/wp-json\/wp\/v2\/types\/product"}],"wp:featuredmedia":[{"embeddable":true,"href":"https:\/\/shop.kustom.ch\/it\/wp-json\/wp\/v2\/media\/626471"}],"wp:attachment":[{"href":"https:\/\/shop.kustom.ch\/it\/wp-json\/wp\/v2\/media?parent=637329"}],"wp:term":[{"taxonomy":"product_brand","embeddable":true,"href":"https:\/\/shop.kustom.ch\/it\/wp-json\/wp\/v2\/product_brand?post=637329"},{"taxonomy":"product_cat","embeddable":true,"href":"https:\/\/shop.kustom.ch\/it\/wp-json\/wp\/v2\/product_cat?post=637329"},{"taxonomy":"product_tag","embeddable":true,"href":"https:\/\/shop.kustom.ch\/it\/wp-json\/wp\/v2\/product_tag?post=637329"}],"curies":[{"name":"wp","href":"https:\/\/api.w.org\/{rel}","templated":true}]}}