{"id":637328,"date":"2025-03-22T03:41:33","date_gmt":"2025-03-22T02:41:33","guid":{"rendered":"https:\/\/shop.kustom.ch\/?post_type=product&#038;p=637328"},"modified":"2026-04-24T07:59:54","modified_gmt":"2026-04-24T06:59:54","slug":"collective-cropped-singlet-w","status":"publish","type":"product","link":"https:\/\/shop.kustom.ch\/it\/prodotto\/collective-cropped-singlet-w\/","title":{"rendered":"Collective - Canotta con cappuccio W"},"content":{"rendered":"<p>La Collective Cropped Singlet \u00e8 una canotta da allenamento eccezionalmente morbida ed elastica, con un design senza tempo che si trasferisce senza sforzo dall'allenamento alla vita di tutti i giorni, mantenendo il comfort e lo stile per tutto il giorno.<\/p>\n<p>Progettato per il massimo comfort, questo versatile indumento da allenamento \u00e8 realizzato in misto poliestere elasticizzato con finitura spazzolata. Lussuosamente morbida al tatto, offre un'eccellente regolazione della temperatura corporea e un ottimo recupero. La canotta ha inoltre una vestibilit\u00e0 aderente e cinghie incrociate sulla schiena. Un'espressione di alta artigianalit\u00e0 fin nei minimi dettagli. <\/p>\n<p>- Tessuto molto morbido e altamente elasticizzato in poliestere riciclato ed elastane<br \/>\n- Superficie levigata<br \/>\n- Cinghie incrociate sulla schiena<br \/>\n- Accorciato, aderente<\/p>\n<p>Materiale: 77% poliestere riciclato, 23% elastan<\/p>","protected":false},"excerpt":{"rendered":"<p>Das Collective Cropped Singlet ist ein aussergew\u00f6hnlich weiches und dehnbares Trainings-Singlet mit zeitlosem Design, das sich m\u00fchelos vom Training in den Alltag \u00fcbertragen l\u00e4sst \u2013 und daf\u00fcr sorgt, dass Sie den ganzen Tag \u00fcber bequem und stilvoll bleiben. Dieses vielseitige Trainingskleidungsst\u00fcck ist f\u00fcr ultimativen Komfort konzipiert und aus einer dehnbaren Polyestermischung mit aufgerauter Oberfl\u00e4che gefertigt. [&hellip;]<\/p>\n","protected":false},"featured_media":626450,"template":"","meta":[],"product_brand":[],"product_cat":[4202],"product_tag":[],"class_list":{"0":"post-637328","1":"product","2":"type-product","3":"status-publish","4":"has-post-thumbnail","6":"product_cat-tank-tops","7":"pa_brand-craft-retail-sportswear","8":"pa_brand-type-sportswear","9":"pa_filter-color-gruen","10":"pa_filter-color-schwarz","11":"pa_filter-color-violet","13":"first","14":"instock","15":"sale","16":"taxable","17":"shipping-taxable","18":"purchasable","19":"product-type-variable","20":"add-to-wishlist-before_image"},"exclude_global_add_ons":[],"addons":[],"acf":[],"_links":{"self":[{"href":"https:\/\/shop.kustom.ch\/it\/wp-json\/wp\/v2\/product\/637328"}],"collection":[{"href":"https:\/\/shop.kustom.ch\/it\/wp-json\/wp\/v2\/product"}],"about":[{"href":"https:\/\/shop.kustom.ch\/it\/wp-json\/wp\/v2\/types\/product"}],"wp:featuredmedia":[{"embeddable":true,"href":"https:\/\/shop.kustom.ch\/it\/wp-json\/wp\/v2\/media\/626450"}],"wp:attachment":[{"href":"https:\/\/shop.kustom.ch\/it\/wp-json\/wp\/v2\/media?parent=637328"}],"wp:term":[{"taxonomy":"product_brand","embeddable":true,"href":"https:\/\/shop.kustom.ch\/it\/wp-json\/wp\/v2\/product_brand?post=637328"},{"taxonomy":"product_cat","embeddable":true,"href":"https:\/\/shop.kustom.ch\/it\/wp-json\/wp\/v2\/product_cat?post=637328"},{"taxonomy":"product_tag","embeddable":true,"href":"https:\/\/shop.kustom.ch\/it\/wp-json\/wp\/v2\/product_tag?post=637328"}],"curies":[{"name":"wp","href":"https:\/\/api.w.org\/{rel}","templated":true}]}}