{"id":637300,"date":"2025-03-22T03:41:17","date_gmt":"2025-03-22T02:41:17","guid":{"rendered":"https:\/\/shop.kustom.ch\/?post_type=product&#038;p=637300"},"modified":"2026-04-16T10:06:34","modified_gmt":"2026-04-16T09:06:34","slug":"collective-7-8-tights-w","status":"publish","type":"product","link":"https:\/\/shop.kustom.ch\/it\/prodotto\/collective-7-8-tights-w\/","title":{"rendered":"Collective 7\/8 Collant W"},"content":{"rendered":"<p>I Collective 7\/8 Tights sono collant da allenamento eccezionalmente morbidi ed elastici, dal design senza tempo, che passano facilmente dall'allenamento all'abbigliamento quotidiano, mantenendo il comfort e lo stile per tutto il giorno.<\/p>\n<p>Progettato per il massimo comfort, questo versatile indumento da allenamento \u00e8 realizzato in misto poliestere elasticizzato con finitura spazzolata. Lussuosamente morbida al tatto, offre un'eccellente regolazione della temperatura corporea e un ottimo recupero. La calzamaglia \u00e8 inoltre dotata di una lunghezza della gamba di 7\/8 e di una fascia alta in vita per un maggiore comfort. Un'espressione di alta artigianalit\u00e0 fin nei minimi dettagli. <\/p>\n<p>- Tessuto molto morbido e altamente elasticizzato in poliestere riciclato ed elastane<br \/>\n- Superficie levigata<br \/>\n- Vita alta<br \/>\n- 7\/8 di lunghezza della gamba<\/p>\n<p>Materiale: 77% poliestere riciclato, 23% elastan<\/p>","protected":false},"excerpt":{"rendered":"<p>Collective 7\/8 Tights sind aussergew\u00f6hnlich weiche und dehnbare Trainingstights mit zeitlosem Design, die sich problemlos vom Training in den Alltag integrieren lassen \u2013 und daf\u00fcr sorgen, dass Sie den ganzen Tag \u00fcber bequem und stilvoll aussehen. Dieses vielseitige Trainingskleidungsst\u00fcck ist f\u00fcr ultimativen Komfort konzipiert und aus einer dehnbaren Polyestermischung mit aufgerauter Oberfl\u00e4che gefertigt. Es f\u00fchlt [&hellip;]<\/p>\n","protected":false},"featured_media":626415,"template":"","meta":[],"product_brand":[],"product_cat":[4190],"product_tag":[],"class_list":{"0":"post-637300","1":"product","2":"type-product","3":"status-publish","4":"has-post-thumbnail","6":"product_cat-leggings","7":"pa_brand-craft-retail-sportswear","8":"pa_brand-type-sportswear","9":"pa_filter-color-braun","10":"pa_filter-color-gruen","11":"pa_filter-color-schwarz","12":"pa_filter-color-violet","14":"first","15":"instock","16":"sale","17":"taxable","18":"shipping-taxable","19":"purchasable","20":"product-type-variable","21":"add-to-wishlist-before_image"},"exclude_global_add_ons":[],"addons":[],"acf":[],"_links":{"self":[{"href":"https:\/\/shop.kustom.ch\/it\/wp-json\/wp\/v2\/product\/637300"}],"collection":[{"href":"https:\/\/shop.kustom.ch\/it\/wp-json\/wp\/v2\/product"}],"about":[{"href":"https:\/\/shop.kustom.ch\/it\/wp-json\/wp\/v2\/types\/product"}],"wp:featuredmedia":[{"embeddable":true,"href":"https:\/\/shop.kustom.ch\/it\/wp-json\/wp\/v2\/media\/626415"}],"wp:attachment":[{"href":"https:\/\/shop.kustom.ch\/it\/wp-json\/wp\/v2\/media?parent=637300"}],"wp:term":[{"taxonomy":"product_brand","embeddable":true,"href":"https:\/\/shop.kustom.ch\/it\/wp-json\/wp\/v2\/product_brand?post=637300"},{"taxonomy":"product_cat","embeddable":true,"href":"https:\/\/shop.kustom.ch\/it\/wp-json\/wp\/v2\/product_cat?post=637300"},{"taxonomy":"product_tag","embeddable":true,"href":"https:\/\/shop.kustom.ch\/it\/wp-json\/wp\/v2\/product_tag?post=637300"}],"curies":[{"name":"wp","href":"https:\/\/api.w.org\/{rel}","templated":true}]}}