{"id":637252,"date":"2025-03-22T03:40:15","date_gmt":"2025-03-22T02:40:15","guid":{"rendered":"https:\/\/shop.kustom.ch\/?post_type=product&#038;p=637252"},"modified":"2026-03-27T14:41:26","modified_gmt":"2026-03-27T13:41:26","slug":"adv-trail-wool-wind-ls-tee-w","status":"publish","type":"product","link":"https:\/\/shop.kustom.ch\/it\/prodotto\/adv-trail-wool-wind-ls-tee-w\/","title":{"rendered":"ADV Trail Lana Vento LS Tee W"},"content":{"rendered":"<p>Questo capo avanzato \u00e8 realizzato in una morbida e funzionale maglia di poliestere e lana merino e presenta un tessuto ripstop antivento sul davanti. La lana merino mantiene il calore, mentre il poliestere assicura un efficiente trasporto dell'umidit\u00e0 per mantenervi asciutti. La maglia presenta inoltre maniche raglan e spacchetti laterali per una maggiore libert\u00e0 di movimento, nonch\u00e9 uno scollo incollato per un comfort ottimale. La maglia da running a maniche lunghe \u00e8 dotata anche di stampa in silicone sulle spalle per garantire una vestibilit\u00e0 sicura quando si trasporta uno zaino o un sistema di idratazione durante le lunghe corse.<\/p>\n<p>- Maglia morbida e calda realizzata in poliestere riciclato e lana merino<br \/>\n- Tessuto ripstop antivento ed elasticizzato sul davanti<br \/>\n- Maniche raglan<br \/>\n- Stampa in silicone sulle spalle<br \/>\n- Spacchi laterali<br \/>\n- Scollo incollato<br \/>\n- Vestibilit\u00e0 regolare<\/p>\n<p>Materiale: 80% poliestere riciclato, 20% lana merino. Parte anteriore: 90% poliestere riciclato, 10% elastan<\/p>","protected":false},"excerpt":{"rendered":"<p>Dieses fortschrittliche Kleidungsst\u00fcck besteht aus einem weichen und funktionalen Jersey aus Polyester und Merinowolle und verf\u00fcgt \u00fcber ein winddichtes Ripstop-Gewebe an der Vorderseite. Die Merinowolle h\u00e4lt warm, w\u00e4hrend das Polyester f\u00fcr einen effizienten Feuchtigkeitstransport sorgt, um trocken zu bleiben. Zudem bietet das Shirt Raglan\u00e4rmel und seitliche Schlitze f\u00fcr mehr Bewegungsfreiheit sowie einen verklebten Halsausschnitt f\u00fcr [&hellip;]<\/p>\n","protected":false},"featured_media":626296,"template":"","meta":[],"product_brand":[],"product_cat":[4201],"product_tag":[],"class_list":{"0":"post-637252","1":"product","2":"type-product","3":"status-publish","4":"has-post-thumbnail","6":"product_cat-t-shirts","7":"pa_brand-craft-retail-sportswear","8":"pa_brand-type-sportswear","9":"pa_filter-color-rot","11":"first","12":"instock","13":"sale","14":"taxable","15":"shipping-taxable","16":"purchasable","17":"product-type-variable","18":"add-to-wishlist-before_image"},"exclude_global_add_ons":[],"addons":[],"acf":[],"_links":{"self":[{"href":"https:\/\/shop.kustom.ch\/it\/wp-json\/wp\/v2\/product\/637252"}],"collection":[{"href":"https:\/\/shop.kustom.ch\/it\/wp-json\/wp\/v2\/product"}],"about":[{"href":"https:\/\/shop.kustom.ch\/it\/wp-json\/wp\/v2\/types\/product"}],"wp:featuredmedia":[{"embeddable":true,"href":"https:\/\/shop.kustom.ch\/it\/wp-json\/wp\/v2\/media\/626296"}],"wp:attachment":[{"href":"https:\/\/shop.kustom.ch\/it\/wp-json\/wp\/v2\/media?parent=637252"}],"wp:term":[{"taxonomy":"product_brand","embeddable":true,"href":"https:\/\/shop.kustom.ch\/it\/wp-json\/wp\/v2\/product_brand?post=637252"},{"taxonomy":"product_cat","embeddable":true,"href":"https:\/\/shop.kustom.ch\/it\/wp-json\/wp\/v2\/product_cat?post=637252"},{"taxonomy":"product_tag","embeddable":true,"href":"https:\/\/shop.kustom.ch\/it\/wp-json\/wp\/v2\/product_tag?post=637252"}],"curies":[{"name":"wp","href":"https:\/\/api.w.org\/{rel}","templated":true}]}}