{"id":637213,"date":"2025-03-22T03:39:50","date_gmt":"2025-03-22T02:39:50","guid":{"rendered":"https:\/\/shop.kustom.ch\/?post_type=product&#038;p=637213"},"modified":"2026-03-27T14:20:29","modified_gmt":"2026-03-27T13:20:29","slug":"adv-tone-seamless-tights-w","status":"publish","type":"product","link":"https:\/\/shop.kustom.ch\/it\/prodotto\/adv-tone-seamless-tights-w\/","title":{"rendered":"Collant senza cuciture ADV Tone W"},"content":{"rendered":"<p>Calzamaglia da allenamento morbida e dal taglio alto per atleti esperti, con finitura senza cuciture per un comfort ottimale durante gli allenamenti intensivi. Vita alta a costine plissettate per un'ottima vestibilit\u00e0 e un maggiore comfort. Dettagli con motivo jacquard lavorato a maglia.<br \/>\n- Vestibilit\u00e0 stretta<br \/>\n- Finitura senza cuciture per una vestibilit\u00e0 e un comfort ottimali<br \/>\n- Vita alta e plissettata a costine per una vestibilit\u00e0 e un comfort ottimali<br \/>\n- Confortevole maglia in poliammide, poliestere ed elastan riciclato<br \/>\n- Dettagli con motivo jacquard lavorato a maglia<\/p>\n<p>Materiale: 35% poliammide riciclata 51% poliammide 14% elastan<\/p>","protected":false},"excerpt":{"rendered":"<p>Weiche, hochgeschnittene Trainingstights f\u00fcr Fortgeschrittene mit nahtloser Verarbeitung f\u00fcr optimalen Komfort bei intensivem Training. Hoher, gefalteter Rippbund f\u00fcr einen hervorragenden Sitz und zus\u00e4tzlichen Komfort. Details mit gestrickter Jacquardmusterung. \u2022 Enge Passform \u2022 Nahtlose Verarbeitung f\u00fcr einen optimalen Sitz und Komfort \u2022 Hoher, gefalteter Rippbund f\u00fcr einen optimalen Sitz und Komfort \u2022 Angenehmer, recycelter Polyamid-, Polyester- [&hellip;]<\/p>\n","protected":false},"featured_media":626241,"template":"","meta":[],"product_brand":[],"product_cat":[4190],"product_tag":[],"class_list":{"0":"post-637213","1":"product","2":"type-product","3":"status-publish","4":"has-post-thumbnail","6":"product_cat-leggings","7":"pa_brand-craft-retail-sportswear","8":"pa_brand-type-sportswear","9":"pa_filter-color-gruen","10":"pa_filter-color-schwarz","12":"first","13":"instock","14":"sale","15":"taxable","16":"shipping-taxable","17":"purchasable","18":"product-type-variable","19":"add-to-wishlist-before_image"},"exclude_global_add_ons":[],"addons":[],"acf":[],"_links":{"self":[{"href":"https:\/\/shop.kustom.ch\/it\/wp-json\/wp\/v2\/product\/637213"}],"collection":[{"href":"https:\/\/shop.kustom.ch\/it\/wp-json\/wp\/v2\/product"}],"about":[{"href":"https:\/\/shop.kustom.ch\/it\/wp-json\/wp\/v2\/types\/product"}],"wp:featuredmedia":[{"embeddable":true,"href":"https:\/\/shop.kustom.ch\/it\/wp-json\/wp\/v2\/media\/626241"}],"wp:attachment":[{"href":"https:\/\/shop.kustom.ch\/it\/wp-json\/wp\/v2\/media?parent=637213"}],"wp:term":[{"taxonomy":"product_brand","embeddable":true,"href":"https:\/\/shop.kustom.ch\/it\/wp-json\/wp\/v2\/product_brand?post=637213"},{"taxonomy":"product_cat","embeddable":true,"href":"https:\/\/shop.kustom.ch\/it\/wp-json\/wp\/v2\/product_cat?post=637213"},{"taxonomy":"product_tag","embeddable":true,"href":"https:\/\/shop.kustom.ch\/it\/wp-json\/wp\/v2\/product_tag?post=637213"}],"curies":[{"name":"wp","href":"https:\/\/api.w.org\/{rel}","templated":true}]}}