{"id":637169,"date":"2025-03-22T03:39:22","date_gmt":"2025-03-22T02:39:22","guid":{"rendered":"https:\/\/shop.kustom.ch\/?post_type=product&#038;p=637169"},"modified":"2026-03-27T14:02:46","modified_gmt":"2026-03-27T13:02:46","slug":"adv-subz-lumen-jacket-4-w","status":"publish","type":"product","link":"https:\/\/shop.kustom.ch\/it\/prodotto\/adv-subz-lumen-jacket-4-w\/","title":{"rendered":"Giacca ADV SubZ Lumen 4 W"},"content":{"rendered":"<p>La ADV SubZ Lumen Jacket 4 \u00e8 una giacca da running isolata con stampa riflettente che mantiene caldi e asciutti durante gli allenamenti intensi nelle fredde condizioni invernali.<\/p>\n<p>Questa giacca da running tecnicamente avanzata \u00e8 realizzata in tessuto Ventair\u00ae antivento e isolamento leggero in una struttura a 3 strati incollata sul davanti. Le maniche e la schiena sono realizzate in jersey spazzolato di poliestere riciclato per un efficace controllo dell'umidit\u00e0, un maggiore calore e un comfort ottimale. Sono inoltre presenti fori per i pollici all'estremit\u00e0 delle maniche e tasche con zip nascoste.<\/p>\n<p>- Tessuto Ventair\u00ae protetto dal vento e isolamento leggero in una struttura a 3 strati incollata sul davanti<br \/>\n- Maglia spazzolata in poliestere riciclato sulle maniche e sulla schiena<br \/>\n- Dettagli riflettenti a 360 gradi<br \/>\n- Fori per i pollici all'estremit\u00e0 delle maniche<br \/>\n- Orlo inferiore sigillato<br \/>\n- Tasche con zip nascoste<br \/>\n- Vestibilit\u00e0 regolare<\/p>\n<p>Materiale: Corpo anteriore: poliestere riciclato 100%. Corpo anteriore: poliuretano termoplastico 100%. Corpo anteriore: 100% poliestere. Corpo posteriore: poliestere riciclato 88%, elastan 12%.<\/p>","protected":false},"excerpt":{"rendered":"<p>Die ADV SubZ Lumen Jacket 4 ist eine isolierte Laufjacke mit reflektierendem Druck, die Sie w\u00e4hrend intensiver Workouts bei kalten Winterbedingungen warm und trocken h\u00e4lt. Diese technisch fortschrittliche Laufjacke besteht aus windgesch\u00fctztem Ventair\u00ae-Gewebe und leichter Isolierung in einer verklebten 3-lagigen Konstruktion auf der Vorderseite. Die \u00c4rmel und der R\u00fccken bestehen aus geb\u00fcrstetem Jersey, der aus [&hellip;]<\/p>\n","protected":false},"featured_media":480254,"template":"","meta":[],"product_brand":[],"product_cat":[4202],"product_tag":[],"class_list":{"0":"post-637169","1":"product","2":"type-product","3":"status-publish","4":"has-post-thumbnail","6":"product_cat-tank-tops","7":"pa_brand-craft-retail-sportswear","8":"pa_brand-type-sportswear","9":"pa_filter-color-schwarz","11":"first","12":"instock","13":"sale","14":"taxable","15":"shipping-taxable","16":"purchasable","17":"product-type-variable","18":"add-to-wishlist-before_image"},"exclude_global_add_ons":[],"addons":[],"acf":[],"_links":{"self":[{"href":"https:\/\/shop.kustom.ch\/it\/wp-json\/wp\/v2\/product\/637169"}],"collection":[{"href":"https:\/\/shop.kustom.ch\/it\/wp-json\/wp\/v2\/product"}],"about":[{"href":"https:\/\/shop.kustom.ch\/it\/wp-json\/wp\/v2\/types\/product"}],"wp:featuredmedia":[{"embeddable":true,"href":"https:\/\/shop.kustom.ch\/it\/wp-json\/wp\/v2\/media\/480254"}],"wp:attachment":[{"href":"https:\/\/shop.kustom.ch\/it\/wp-json\/wp\/v2\/media?parent=637169"}],"wp:term":[{"taxonomy":"product_brand","embeddable":true,"href":"https:\/\/shop.kustom.ch\/it\/wp-json\/wp\/v2\/product_brand?post=637169"},{"taxonomy":"product_cat","embeddable":true,"href":"https:\/\/shop.kustom.ch\/it\/wp-json\/wp\/v2\/product_cat?post=637169"},{"taxonomy":"product_tag","embeddable":true,"href":"https:\/\/shop.kustom.ch\/it\/wp-json\/wp\/v2\/product_tag?post=637169"}],"curies":[{"name":"wp","href":"https:\/\/api.w.org\/{rel}","templated":true}]}}