{"id":637149,"date":"2025-03-22T03:39:05","date_gmt":"2025-03-22T02:39:05","guid":{"rendered":"https:\/\/shop.kustom.ch\/?post_type=product&#038;p=637149"},"modified":"2026-03-27T14:12:22","modified_gmt":"2026-03-27T13:12:22","slug":"adv-nordic-training-speed-vest-m","status":"publish","type":"product","link":"https:\/\/shop.kustom.ch\/it\/prodotto\/adv-nordic-training-speed-vest-m\/","title":{"rendered":"Adv Nordic Training Speed Vest M"},"content":{"rendered":"<p>L'ADV Nordic Training Speed Vest 2 \u00e8 progettato per l'allenamento intensivo dello sci di fondo in condizioni di freddo.<\/p>\n<p>Questo gilet da sci di fondo tecnicamente avanzato \u00e8 realizzato in tessuto antivento e impermeabile con un isolamento superleggero nella parte anteriore e un tessuto jersey spazzolato nella parte posteriore per un'efficace regolazione della temperatura corporea. Inoltre, la parte anteriore \u00e8 foderata con un pile a griglia traspirante per un maggiore isolamento e funzionalit\u00e0. Una scelta eccellente per gli allenamenti ad alta intensit\u00e0 nelle fredde giornate invernali.<\/p>\n<p>- Tessuto a 2 strati antivento e impermeabile con isolamento superleggero sul davanti e sulle spalle<br \/>\n- Fodera in pile a griglia riscaldante e funzionale sul davanti<br \/>\n- Tessuto in jersey leggermente spazzolato sul retro<br \/>\n- Fodera in pile sul colletto interno per garantire calore e comfort<br \/>\n- Ventilazione tagliata al laser sul carr\u00e9 posteriore<br \/>\n- Zip inversa sul davanti<br \/>\n- Due tasche anteriori con zip<br \/>\n- Vestibilit\u00e0 stretta<\/p>\n<p>Materiale: Corpo anteriore: poliestere 100%. Inserto anteriore: 100% poliestere riciclato. Corpo posteriore: 88% poliestere riciclato, 12% elastan. Fodera interna: 100% poliestere riciclato.<\/p>","protected":false},"excerpt":{"rendered":"<p>Der ADV Nordic Training Speed Vest 2 ist f\u00fcr intensives Skilanglauftraining bei kalten Bedingungen konzipiert. Dieses technisch fortschrittliche Skilanglaufweste besteht aus einem wind- und wasserdichten Stoff mit superleichter Isolierung an der Vorderseite und einem geb\u00fcrsteten Jersey-Stoff an der R\u00fcckseite f\u00fcr eine effiziente Regulierung der K\u00f6rpertemperatur. Zus\u00e4tzlich ist die Vorderseite mit feuchtigkeitstransportierendem Gitterfleece gef\u00fcttert, um zus\u00e4tzliche [&hellip;]<\/p>\n","protected":false},"featured_media":480371,"template":"","meta":[],"product_brand":[],"product_cat":[4202],"product_tag":[],"class_list":{"0":"post-637149","1":"product","2":"type-product","3":"status-publish","4":"has-post-thumbnail","6":"product_cat-tank-tops","7":"pa_brand-craft-retail-sportswear","8":"pa_brand-type-sportswear","9":"pa_filter-color-schwarz","11":"first","12":"instock","13":"sale","14":"taxable","15":"shipping-taxable","16":"purchasable","17":"product-type-variable","18":"add-to-wishlist-before_image"},"exclude_global_add_ons":[],"addons":[],"acf":[],"_links":{"self":[{"href":"https:\/\/shop.kustom.ch\/it\/wp-json\/wp\/v2\/product\/637149"}],"collection":[{"href":"https:\/\/shop.kustom.ch\/it\/wp-json\/wp\/v2\/product"}],"about":[{"href":"https:\/\/shop.kustom.ch\/it\/wp-json\/wp\/v2\/types\/product"}],"wp:featuredmedia":[{"embeddable":true,"href":"https:\/\/shop.kustom.ch\/it\/wp-json\/wp\/v2\/media\/480371"}],"wp:attachment":[{"href":"https:\/\/shop.kustom.ch\/it\/wp-json\/wp\/v2\/media?parent=637149"}],"wp:term":[{"taxonomy":"product_brand","embeddable":true,"href":"https:\/\/shop.kustom.ch\/it\/wp-json\/wp\/v2\/product_brand?post=637149"},{"taxonomy":"product_cat","embeddable":true,"href":"https:\/\/shop.kustom.ch\/it\/wp-json\/wp\/v2\/product_cat?post=637149"},{"taxonomy":"product_tag","embeddable":true,"href":"https:\/\/shop.kustom.ch\/it\/wp-json\/wp\/v2\/product_tag?post=637149"}],"curies":[{"name":"wp","href":"https:\/\/api.w.org\/{rel}","templated":true}]}}