{"id":637130,"date":"2025-03-22T03:38:50","date_gmt":"2025-03-22T02:38:50","guid":{"rendered":"https:\/\/shop.kustom.ch\/?post_type=product&#038;p=637130"},"modified":"2026-03-27T13:29:01","modified_gmt":"2026-03-27T12:29:01","slug":"adv-nordic-training-speed-jacket-2-w","status":"publish","type":"product","link":"https:\/\/shop.kustom.ch\/it\/prodotto\/adv-nordic-training-speed-jacket-2-w\/","title":{"rendered":"Giacca Adv Nordic Training Speed 2 W"},"content":{"rendered":"<p>La ADV Nordic Training Speed Jacket 2 \u00e8 progettata per l'allenamento intensivo dello sci di fondo in condizioni di freddo.<\/p>\n<p>Questa giacca da sci di fondo tecnicamente avanzata \u00e8 caratterizzata da un tessuto antivento e impermeabile con un isolamento superleggero nella parte superiore della parte anteriore e sulle spalle, nonch\u00e9 da un tessuto jersey spazzolato sulla schiena e sotto le maniche per un'efficace regolazione della temperatura corporea. Inoltre, la parte anteriore \u00e8 foderata in pile a griglia antiumidit\u00e0 per un maggiore isolamento e funzionalit\u00e0. Una scelta eccellente per gli allenamenti ad alta intensit\u00e0 nelle fredde giornate invernali.<\/p>\n<p>- Tessuto a 2 strati antivento e impermeabile con isolamento superleggero nella parte superiore del corpo e sulle spalle<br \/>\n- Tessuto antivento e impermeabile a 3 strati sulle maniche e nella parte inferiore del davanti<br \/>\n- Fodera in pile a griglia riscaldante e funzionale sul davanti<br \/>\n- Tessuto jersey leggermente spazzolato sulla schiena e sotto le maniche<br \/>\n- Fodera in pile sul colletto interno per garantire calore e comfort<br \/>\n- Ventilazione tagliata al laser sul carr\u00e9 posteriore<br \/>\n- Zip inversa sul davanti<br \/>\n- Due tasche anteriori con zip<br \/>\n- Vestibilit\u00e0 stretta<\/p>\n<p>Materiale: Corpo anteriore: poliestere 100%. Maniche: 100% poliestere riciclato. Corpo posteriore: 88% poliestere riciclato, 12% elastan. Fodera: 100% poliestere riciclato.<\/p>","protected":false},"excerpt":{"rendered":"<p>Die ADV Nordic Training Speed Jacket 2 ist f\u00fcr intensives Skilanglauftraining bei kalten Bedingungen konzipiert. Diese technisch fortschrittliche Skilanglaufjacke verf\u00fcgt \u00fcber einen wind- und wasserdichten Stoff mit superleichter Isolierung im oberen vorderen Bereich und an den Schultern, sowie geb\u00fcrsteten Jersey-Stoff auf der R\u00fcckseite und unter den \u00c4rmeln f\u00fcr eine effiziente Regulierung der K\u00f6rpertemperatur. Zus\u00e4tzlich ist [&hellip;]<\/p>\n","protected":false},"featured_media":481457,"template":"","meta":[],"product_brand":[],"product_cat":[4186],"product_tag":[],"class_list":{"0":"post-637130","1":"product","2":"type-product","3":"status-publish","4":"has-post-thumbnail","6":"product_cat-jacken","7":"pa_brand-craft-retail-sportswear","8":"pa_brand-type-sportswear","9":"pa_filter-color-gruen","11":"first","12":"instock","13":"sale","14":"taxable","15":"shipping-taxable","16":"purchasable","17":"product-type-variable","18":"add-to-wishlist-before_image"},"exclude_global_add_ons":[],"addons":[],"acf":[],"_links":{"self":[{"href":"https:\/\/shop.kustom.ch\/it\/wp-json\/wp\/v2\/product\/637130"}],"collection":[{"href":"https:\/\/shop.kustom.ch\/it\/wp-json\/wp\/v2\/product"}],"about":[{"href":"https:\/\/shop.kustom.ch\/it\/wp-json\/wp\/v2\/types\/product"}],"wp:featuredmedia":[{"embeddable":true,"href":"https:\/\/shop.kustom.ch\/it\/wp-json\/wp\/v2\/media\/481457"}],"wp:attachment":[{"href":"https:\/\/shop.kustom.ch\/it\/wp-json\/wp\/v2\/media?parent=637130"}],"wp:term":[{"taxonomy":"product_brand","embeddable":true,"href":"https:\/\/shop.kustom.ch\/it\/wp-json\/wp\/v2\/product_brand?post=637130"},{"taxonomy":"product_cat","embeddable":true,"href":"https:\/\/shop.kustom.ch\/it\/wp-json\/wp\/v2\/product_cat?post=637130"},{"taxonomy":"product_tag","embeddable":true,"href":"https:\/\/shop.kustom.ch\/it\/wp-json\/wp\/v2\/product_tag?post=637130"}],"curies":[{"name":"wp","href":"https:\/\/api.w.org\/{rel}","templated":true}]}}