{"id":636893,"date":"2025-03-22T03:37:06","date_gmt":"2025-03-22T02:37:06","guid":{"rendered":"https:\/\/shop.kustom.ch\/?post_type=product&#038;p=636893"},"modified":"2026-03-27T14:55:41","modified_gmt":"2026-03-27T13:55:41","slug":"adv-join-long-hoodie-w","status":"publish","type":"product","link":"https:\/\/shop.kustom.ch\/it\/prodotto\/adv-join-long-hoodie-w\/","title":{"rendered":"ADV Join Felpa con cappuccio lunga W"},"content":{"rendered":"<p>Felpa con cappuccio da donna con vestibilit\u00e0 pi\u00f9 lunga e spalle leggermente pi\u00f9 lunghe.<\/p>\n<p>- Maglia morbida e fitta in cotone e poliestere (320 g\/m\u00b2)<br \/>\n- Cotone all'esterno e poliestere all'interno<br \/>\n- Leggermente sovradimensionato<br \/>\n- Spalle overcut<br \/>\n- Bocchette laterali lunghe da 8 pollici<br \/>\n- Tasca a canguro con tasca interna in rete per il cellulare<br \/>\n- Logo ricamato sulla manica sinistra<br \/>\n- Vestibilit\u00e0 lunga e rilassata<\/p>\n<p>Materiale: monocolore: 49% poliestere riciclato, 46% cotone, 5% elastan. Colori melange: 44% poliestere riciclato, 53% cotone, 3% elastane<\/p>","protected":false},"excerpt":{"rendered":"<p>Damen-Kapuzensweat mit l\u00e4ngerer Passform und leicht \u00fcberlanger Schulterpartie. \u2022 Weicher und dicht gestrickter Jersey aus Baumwolle und Polyester (320 g\/m\u00b2) \u2022 Aussen Baumwolle und innen Polyester \u2022 Leicht \u00fcberdimensioniert \u2022 \u00dcberschnittene Schultern \u2022 Lange, 8-Zoll-Seitenschlitze \u2022 K\u00e4ngurutasche mit Netzinnentasche f\u00fcr Handy \u2022 Gesticktes Logo auf dem linken \u00c4rmel \u2022 Entspannte, lange Passform Material: Einfarbig: 49% [&hellip;]<\/p>\n","protected":false},"featured_media":479039,"template":"","meta":[],"product_brand":[],"product_cat":[4184],"product_tag":[],"class_list":{"0":"post-636893","1":"product","2":"type-product","3":"status-publish","4":"has-post-thumbnail","6":"product_cat-hoodies-pullover","7":"pa_brand-craft-retail-sportswear","8":"pa_brand-type-sportswear","9":"pa_filter-color-blau","10":"pa_filter-color-grau","11":"pa_filter-color-gruen","12":"pa_filter-color-schwarz","13":"pa_filter-color-violet","15":"first","16":"instock","17":"sale","18":"taxable","19":"shipping-taxable","20":"purchasable","21":"product-type-variable","22":"add-to-wishlist-before_image"},"exclude_global_add_ons":[],"addons":[],"acf":[],"_links":{"self":[{"href":"https:\/\/shop.kustom.ch\/it\/wp-json\/wp\/v2\/product\/636893"}],"collection":[{"href":"https:\/\/shop.kustom.ch\/it\/wp-json\/wp\/v2\/product"}],"about":[{"href":"https:\/\/shop.kustom.ch\/it\/wp-json\/wp\/v2\/types\/product"}],"wp:featuredmedia":[{"embeddable":true,"href":"https:\/\/shop.kustom.ch\/it\/wp-json\/wp\/v2\/media\/479039"}],"wp:attachment":[{"href":"https:\/\/shop.kustom.ch\/it\/wp-json\/wp\/v2\/media?parent=636893"}],"wp:term":[{"taxonomy":"product_brand","embeddable":true,"href":"https:\/\/shop.kustom.ch\/it\/wp-json\/wp\/v2\/product_brand?post=636893"},{"taxonomy":"product_cat","embeddable":true,"href":"https:\/\/shop.kustom.ch\/it\/wp-json\/wp\/v2\/product_cat?post=636893"},{"taxonomy":"product_tag","embeddable":true,"href":"https:\/\/shop.kustom.ch\/it\/wp-json\/wp\/v2\/product_tag?post=636893"}],"curies":[{"name":"wp","href":"https:\/\/api.w.org\/{rel}","templated":true}]}}