{"id":636757,"date":"2025-03-22T03:36:18","date_gmt":"2025-03-22T02:36:18","guid":{"rendered":"https:\/\/shop.kustom.ch\/?post_type=product&#038;p=636757"},"modified":"2026-03-27T13:59:57","modified_gmt":"2026-03-27T12:59:57","slug":"adv-explore-softshell-2-0-jkt-w","status":"publish","type":"product","link":"https:\/\/shop.kustom.ch\/it\/prodotto\/adv-explore-softshell-2-0-jkt-w\/","title":{"rendered":"ADV Explore Softshell 2.0 Jkt W"},"content":{"rendered":"<p>La ADV Explore Softshell Jacket 2 \u00e8 una giacca softshell avanzata progettata per una variet\u00e0 di attivit\u00e0 all'aperto e per l'uso quotidiano. Questa versatile giacca outdoor \u00e8 realizzata in tessuto softshell antivento e idrorepellente con un elevato contenuto di elasticizzazione e un interno spazzolato che offre protezione da pioggia leggera, vento e neve. La giacca \u00e8 dotata di un cappuccio regolabile, di una tasca sul petto con cerniera e di due tasche laterali con cerniera per riporre in modo sicuro il dispositivo GPS, le chiavi, il telefono, la barretta energetica, ecc. La resistenza alle intemperie, la traspirabilit\u00e0, la flessibilit\u00e0 e la versatilit\u00e0 ne fanno un capo essenziale dell'equipaggiamento outdoor che migliorer\u00e0 le vostre esperienze all'aria aperta e vi far\u00e0 sentire a vostro agio in un'ampia gamma di condizioni. La giacca outdoor pu\u00f2 essere indossata come strato esterno indipendente in condizioni pi\u00f9 miti o come parte di un sistema di stratificazione in condizioni pi\u00f9 fredde. <\/p>\n<p>- Antivento e idrorepellente, tessuto morbido ed elasticizzato con interno spazzolato<br \/>\n- Materiale realizzato in poliestere riciclato ed elastan<br \/>\n- Il cappuccio pu\u00f2 essere regolato sul davanti e sul retro.<br \/>\n- Schiena leggermente inclinata<br \/>\n- Due tasche laterali con zip<br \/>\n- Tasca sul petto con zip<br \/>\n- Vestibilit\u00e0 normale<\/p>\n<p>Materiale: Corpo: 92% poliestere riciclato, 8% elastan. Inserti laterali: 100% poliestere riciclato<\/p>","protected":false},"excerpt":{"rendered":"<p>Das ADV Explore Softshell Jacket 2 ist eine fortschrittliche Softshell-Jacke, die f\u00fcr eine Vielzahl von Outdoor-Aktivit\u00e4ten sowie f\u00fcr den t\u00e4glichen Gebrauch entwickelt wurde. Diese vielseitige Outdoor-Jacke besteht aus einem winddichten und wasserabweisenden Softshell-Gewebe mit hohem Stretchanteil sowie geb\u00fcrsteter Innenseite, das Schutz vor leichtem Regen, Wind und Schnee bietet. Die Jacke verf\u00fcgt \u00fcber eine verstellbare Kapuze, [&hellip;]<\/p>\n","protected":false},"featured_media":625632,"template":"","meta":[],"product_brand":[],"product_cat":[4186],"product_tag":[],"class_list":{"0":"post-636757","1":"product","2":"type-product","3":"status-publish","4":"has-post-thumbnail","6":"product_cat-jacken","7":"pa_brand-craft-retail-sportswear","8":"pa_brand-type-sportswear","9":"pa_filter-color-beige","10":"pa_filter-color-blau","11":"pa_filter-color-schwarz","13":"first","14":"instock","15":"sale","16":"taxable","17":"shipping-taxable","18":"purchasable","19":"product-type-variable","20":"add-to-wishlist-before_image"},"exclude_global_add_ons":[],"addons":[],"acf":[],"_links":{"self":[{"href":"https:\/\/shop.kustom.ch\/it\/wp-json\/wp\/v2\/product\/636757"}],"collection":[{"href":"https:\/\/shop.kustom.ch\/it\/wp-json\/wp\/v2\/product"}],"about":[{"href":"https:\/\/shop.kustom.ch\/it\/wp-json\/wp\/v2\/types\/product"}],"wp:featuredmedia":[{"embeddable":true,"href":"https:\/\/shop.kustom.ch\/it\/wp-json\/wp\/v2\/media\/625632"}],"wp:attachment":[{"href":"https:\/\/shop.kustom.ch\/it\/wp-json\/wp\/v2\/media?parent=636757"}],"wp:term":[{"taxonomy":"product_brand","embeddable":true,"href":"https:\/\/shop.kustom.ch\/it\/wp-json\/wp\/v2\/product_brand?post=636757"},{"taxonomy":"product_cat","embeddable":true,"href":"https:\/\/shop.kustom.ch\/it\/wp-json\/wp\/v2\/product_cat?post=636757"},{"taxonomy":"product_tag","embeddable":true,"href":"https:\/\/shop.kustom.ch\/it\/wp-json\/wp\/v2\/product_tag?post=636757"}],"curies":[{"name":"wp","href":"https:\/\/api.w.org\/{rel}","templated":true}]}}