{"id":636676,"date":"2025-03-22T03:35:47","date_gmt":"2025-03-22T02:35:47","guid":{"rendered":"https:\/\/shop.kustom.ch\/?post_type=product&#038;p=636676"},"modified":"2026-03-27T14:44:00","modified_gmt":"2026-03-27T13:44:00","slug":"adv-explore-power-fleece-jkt-w","status":"publish","type":"product","link":"https:\/\/shop.kustom.ch\/it\/prodotto\/adv-explore-power-fleece-jkt-w\/","title":{"rendered":"ADV Explore Power Fleece Jkt W"},"content":{"rendered":"<p>La ADV Explore Power Fleece Jacket \u00e8 una giacca in pile elastica e altamente funzionale che rappresenta un'aggiunta versatile ed essenziale al guardaroba di ogni appassionato di outdoor. Questa giacca avanzata \u00e8 realizzata in un materiale in pile elastico con eccezionali propriet\u00e0 di ritenzione del calore e di traspirazione. Il materiale in pile mantiene il calore vicino al corpo e permette all'umidit\u00e0 e al sudore di fuoriuscire, mantenendovi caldi, asciutti e comodi durante le attivit\u00e0 all'aperto in condizioni di freddo. Il materiale elasticizzato garantisce inoltre un'eccellente libert\u00e0 di movimento. Che si tratti di escursioni, sci o altre attivit\u00e0 all'aria aperta, la giacca \u00e8 in grado di soddisfare tutte le esigenze, garantendo la possibilit\u00e0 di piegarsi, torcersi e allungarsi senza essere limitati. La giacca \u00e8 inoltre dotata di due tasche con cerniera in cui \u00e8 possibile riporre comodamente oggetti importanti come chiavi, telefono e snack. La giacca \u00e8 la scelta perfetta per un'ampia gamma di attivit\u00e0 - dall'escursionismo allo sci, fino all'uso quotidiano nella stagione fredda - e pu\u00f2 essere indossata come strato intermedio o esterno. <\/p>\n<p>- Materiale in pile super morbido ed elastico con interno spazzolato (250 g\/m\u00b2)<br \/>\n- Maniche raglan per una maggiore libert\u00e0 di movimento<br \/>\n- Due tasche laterali con zip e sacchetti in rete<br \/>\n- Foro per il pollice sui polsini<br \/>\n- Vestibilit\u00e0 normale<\/p>\n<p>Materiale: 94% poliestere riciclato, 6% elastan<\/p>","protected":false},"excerpt":{"rendered":"<p>Das ADV Explore Power Fleece Jacket ist eine dehnbare und hochfunktionelle Fleecejacke, die eine vielseitige und unverzichtbare Erg\u00e4nzung f\u00fcr die Garderobe aller Outdoor-Fans darstellt. Diese fortschrittliche Jacke besteht aus einem dehnbaren Fleecematerial mit aussergew\u00f6hnlichen W\u00e4rmer\u00fcckhalte- und Atmungseigenschaften. Das Fleecematerial h\u00e4lt die W\u00e4rme dicht am K\u00f6rper und l\u00e4sst Feuchtigkeit sowie Schweiss entweichen, damit Sie bei Outdoor-Aktivit\u00e4ten [&hellip;]<\/p>\n","protected":false},"featured_media":480564,"template":"","meta":[],"product_brand":[],"product_cat":[4184],"product_tag":[],"class_list":{"0":"post-636676","1":"product","2":"type-product","3":"status-publish","4":"has-post-thumbnail","6":"product_cat-hoodies-pullover","7":"pa_brand-craft-retail-sportswear","8":"pa_brand-type-sportswear","9":"pa_filter-color-blau","10":"pa_filter-color-gruen","11":"pa_filter-color-schwarz","13":"first","14":"instock","15":"sale","16":"taxable","17":"shipping-taxable","18":"purchasable","19":"product-type-variable","20":"add-to-wishlist-before_image"},"exclude_global_add_ons":[],"addons":[],"acf":[],"_links":{"self":[{"href":"https:\/\/shop.kustom.ch\/it\/wp-json\/wp\/v2\/product\/636676"}],"collection":[{"href":"https:\/\/shop.kustom.ch\/it\/wp-json\/wp\/v2\/product"}],"about":[{"href":"https:\/\/shop.kustom.ch\/it\/wp-json\/wp\/v2\/types\/product"}],"wp:featuredmedia":[{"embeddable":true,"href":"https:\/\/shop.kustom.ch\/it\/wp-json\/wp\/v2\/media\/480564"}],"wp:attachment":[{"href":"https:\/\/shop.kustom.ch\/it\/wp-json\/wp\/v2\/media?parent=636676"}],"wp:term":[{"taxonomy":"product_brand","embeddable":true,"href":"https:\/\/shop.kustom.ch\/it\/wp-json\/wp\/v2\/product_brand?post=636676"},{"taxonomy":"product_cat","embeddable":true,"href":"https:\/\/shop.kustom.ch\/it\/wp-json\/wp\/v2\/product_cat?post=636676"},{"taxonomy":"product_tag","embeddable":true,"href":"https:\/\/shop.kustom.ch\/it\/wp-json\/wp\/v2\/product_tag?post=636676"}],"curies":[{"name":"wp","href":"https:\/\/api.w.org\/{rel}","templated":true}]}}