{"id":636600,"date":"2025-03-22T03:35:17","date_gmt":"2025-03-22T02:35:17","guid":{"rendered":"https:\/\/shop.kustom.ch\/?post_type=product&#038;p=636600"},"modified":"2026-03-27T13:54:21","modified_gmt":"2026-03-27T12:54:21","slug":"adv-explore-lt-down-vest-w","status":"publish","type":"product","link":"https:\/\/shop.kustom.ch\/it\/prodotto\/adv-explore-lt-down-vest-w\/","title":{"rendered":"Gilet ADV Explore Lt. Down W"},"content":{"rendered":"<p>L'ADV Explore Light Down Vest \u00e8 un gilet in piuma d'oca leggero e altamente trasportabile che offre un eccellente isolamento nelle giornate fredde. Progettato per una variet\u00e0 di avventure all'aperto, dall'escursionismo al campeggio, dallo sci all'arrampicata.<\/p>\n<p>Questo versatile gilet in piuma d'oca \u00e8 dotato di un leggero isolamento in piuma 90\/10 che offre un eccellente rapporto calore-peso. Sia che stiate affrontando una fredda mattina d'inverno o un'escursione su terreni innevati, questo gilet offre l'isolamento necessario per rimanere caldi e comodi. Inoltre, il gilet \u00e8 dotato di un tessuto esterno ripstop idrorepellente che garantisce un'eccellente funzionalit\u00e0 e durata. Il gilet \u00e8 dotato anche di due tasche laterali con cerniera per riporre in modo sicuro gli oggetti personali. Pu\u00f2 essere facilmente riposto nella sua tasca laterale, in una borsa o in uno zaino ed \u00e8 perfetto come strato esterno o come strato intermedio in condizioni di freddo intenso. <\/p>\n<p>- Materiale esterno in ripstop idrorepellente realizzato in poliestere riciclato<br \/>\n- Isolamento sottile e leggero in piuma 90\/10<br \/>\n- Design trapuntato<br \/>\n- Mentoniera in maglia<br \/>\n- Due tasche laterali con zip<br \/>\n- Imballaggio particolarmente salvaspazio<br \/>\n- Vestibilit\u00e0 normale<\/p>\n<p>Materiale: Corpo: 100% poliammide riciclata. Imbottitura: 10% piume, 90% piuma d'oca<\/p>","protected":false},"excerpt":{"rendered":"<p>Die ADV Explore Light Down Vest ist eine leichte und besonders raumsparend verpackbare Daunenweste, die an kalten Tagen eine hervorragende Isolierung bietet. Entwickelt f\u00fcr eine Vielzahl von Outdoor-Abenteuern, von Wandern und Camping bis hin zum Skifahren und Klettern. Diese vielseitige Daunenweste verf\u00fcgt \u00fcber eine leichte 90\/10-Daunenisolierung, die ein hervorragendes W\u00e4rme-Gewichts-Verh\u00e4ltnis bietet. Egal, ob Sie einem [&hellip;]<\/p>\n","protected":false},"featured_media":480730,"template":"","meta":[],"product_brand":[],"product_cat":[4208],"product_tag":[],"class_list":{"0":"post-636600","1":"product","2":"type-product","3":"status-publish","4":"has-post-thumbnail","6":"product_cat-westen","7":"pa_brand-craft-retail-sportswear","8":"pa_brand-type-sportswear","9":"pa_filter-color-schwarz","11":"first","12":"instock","13":"sale","14":"taxable","15":"shipping-taxable","16":"purchasable","17":"product-type-variable","18":"add-to-wishlist-before_image"},"exclude_global_add_ons":[],"addons":[],"acf":[],"_links":{"self":[{"href":"https:\/\/shop.kustom.ch\/it\/wp-json\/wp\/v2\/product\/636600"}],"collection":[{"href":"https:\/\/shop.kustom.ch\/it\/wp-json\/wp\/v2\/product"}],"about":[{"href":"https:\/\/shop.kustom.ch\/it\/wp-json\/wp\/v2\/types\/product"}],"wp:featuredmedia":[{"embeddable":true,"href":"https:\/\/shop.kustom.ch\/it\/wp-json\/wp\/v2\/media\/480730"}],"wp:attachment":[{"href":"https:\/\/shop.kustom.ch\/it\/wp-json\/wp\/v2\/media?parent=636600"}],"wp:term":[{"taxonomy":"product_brand","embeddable":true,"href":"https:\/\/shop.kustom.ch\/it\/wp-json\/wp\/v2\/product_brand?post=636600"},{"taxonomy":"product_cat","embeddable":true,"href":"https:\/\/shop.kustom.ch\/it\/wp-json\/wp\/v2\/product_cat?post=636600"},{"taxonomy":"product_tag","embeddable":true,"href":"https:\/\/shop.kustom.ch\/it\/wp-json\/wp\/v2\/product_tag?post=636600"}],"curies":[{"name":"wp","href":"https:\/\/api.w.org\/{rel}","templated":true}]}}