{"id":636541,"date":"2025-03-22T03:34:53","date_gmt":"2025-03-22T02:34:53","guid":{"rendered":"https:\/\/shop.kustom.ch\/?post_type=product&#038;p=636541"},"modified":"2026-04-16T10:05:57","modified_gmt":"2026-04-16T09:05:57","slug":"adv-explore-lt-down-jkt-w","status":"publish","type":"product","link":"https:\/\/shop.kustom.ch\/it\/prodotto\/adv-explore-lt-down-jkt-w\/","title":{"rendered":"ADV Explore Lt. Down Jkt W"},"content":{"rendered":"<p>Il piumino ADV Explore Light \u00e8 un piumino leggero e altamente trasportabile che offre un eccellente isolamento nelle giornate fresche. Progettato per una variet\u00e0 di avventure all'aperto, dall'escursionismo al campeggio, dallo sci all'arrampicata.<\/p>\n<p>Questo versatile piumino \u00e8 dotato di un leggero isolamento in piuma 90\/10 che offre un eccellente rapporto calore-peso. Sia che stiate affrontando una fredda mattina d'inverno o un'escursione su terreni innevati, questa giacca offre l'isolamento necessario per rimanere caldi e comodi. Inoltre, la giacca \u00e8 dotata di un materiale esterno ripstop idrorepellente che garantisce un'eccellente funzionalit\u00e0 e durata. La giacca \u00e8 dotata anche di un cappuccio aderente, due tasche laterali con cerniera e una tasca interna con cerniera per riporre in modo sicuro gli oggetti personali. Si ripone facilmente nella tasca laterale, nella borsa o nello zaino ed \u00e8 perfetta come strato esterno o come strato intermedio in condizioni di freddo intenso. <\/p>\n<p>- Materiale esterno in ripstop idrorepellente realizzato in poliestere riciclato<br \/>\n- Isolamento sottile e leggero in piuma 90\/10<br \/>\n- Design con cuciture a canale<br \/>\n- Cappuccio aderente e sagomato foderato in jersey di poliestere spazzolato<br \/>\n- Mentoniera foderata in jersey di poliestere spazzolato<br \/>\n- Due tasche laterali con zip<br \/>\n- Pu\u00f2 essere riposto nella tasca laterale sinistra per risparmiare spazio<br \/>\n- Tasca interna con zip<br \/>\n- Vestibilit\u00e0 normale<\/p>\n<p>Materiale: Corpo: 100% poliammide riciclata. Imbottitura: 10% piume, 90% piuma d'oca<\/p>","protected":false},"excerpt":{"rendered":"<p>Das ADV Explore Light Down Jacket ist eine leichte und besonders raumsparend verpackbare Daunenjacke, die an k\u00fchlen Tagen eine hervorragende Isolierung bietet. Entwickelt f\u00fcr eine Vielzahl von Outdoor-Abenteuern, von Wandern und Camping bis hin zu Skifahren und Klettern. Diese vielseitige Daunenjacke verf\u00fcgt \u00fcber eine leichte 90\/10-Daunenisolierung, die ein hervorragendes W\u00e4rme-Gewichts-Verh\u00e4ltnis bietet. Ganz gleich, ob Sie [&hellip;]<\/p>\n","protected":false},"featured_media":480707,"template":"","meta":[],"product_brand":[],"product_cat":[4186],"product_tag":[],"class_list":{"0":"post-636541","1":"product","2":"type-product","3":"status-publish","4":"has-post-thumbnail","6":"product_cat-jacken","7":"pa_brand-craft-retail-sportswear","8":"pa_brand-type-sportswear","9":"pa_filter-color-blau","10":"pa_filter-color-gruen","11":"pa_filter-color-schwarz","12":"pa_filter-color-violet","14":"first","15":"instock","16":"sale","17":"taxable","18":"shipping-taxable","19":"purchasable","20":"product-type-variable","21":"add-to-wishlist-before_image"},"exclude_global_add_ons":[],"addons":[],"acf":[],"_links":{"self":[{"href":"https:\/\/shop.kustom.ch\/it\/wp-json\/wp\/v2\/product\/636541"}],"collection":[{"href":"https:\/\/shop.kustom.ch\/it\/wp-json\/wp\/v2\/product"}],"about":[{"href":"https:\/\/shop.kustom.ch\/it\/wp-json\/wp\/v2\/types\/product"}],"wp:featuredmedia":[{"embeddable":true,"href":"https:\/\/shop.kustom.ch\/it\/wp-json\/wp\/v2\/media\/480707"}],"wp:attachment":[{"href":"https:\/\/shop.kustom.ch\/it\/wp-json\/wp\/v2\/media?parent=636541"}],"wp:term":[{"taxonomy":"product_brand","embeddable":true,"href":"https:\/\/shop.kustom.ch\/it\/wp-json\/wp\/v2\/product_brand?post=636541"},{"taxonomy":"product_cat","embeddable":true,"href":"https:\/\/shop.kustom.ch\/it\/wp-json\/wp\/v2\/product_cat?post=636541"},{"taxonomy":"product_tag","embeddable":true,"href":"https:\/\/shop.kustom.ch\/it\/wp-json\/wp\/v2\/product_tag?post=636541"}],"curies":[{"name":"wp","href":"https:\/\/api.w.org\/{rel}","templated":true}]}}