{"id":636539,"date":"2025-03-22T03:34:49","date_gmt":"2025-03-22T02:34:49","guid":{"rendered":"https:\/\/shop.kustom.ch\/produkt\/adv-explore-lt-down-hybrid-jkt-w\/"},"modified":"2026-03-27T13:51:43","modified_gmt":"2026-03-27T12:51:43","slug":"adv-explore-lt-down-hybrid-jkt-w","status":"publish","type":"product","link":"https:\/\/shop.kustom.ch\/it\/prodotto\/adv-explore-lt-down-hybrid-jkt-w\/","title":{"rendered":"ADV Explore Lt. Down Hybrid Jkt W"},"content":{"rendered":"<p>La ADV Explore Light Down Hybrid Jacket \u00e8 una giacca ibrida calda e versatile, perfetta come strato esterno per le temperature pi\u00f9 miti o come strato intermedio sotto una giacca shell in condizioni pi\u00f9 fredde. <\/p>\n<p>Questa giacca isolante ibrida combina un leggero isolamento in piuma 90\/10 sulla parte superiore del corpo con un power fleece spazzolato su maniche, fianchi e parte inferiore del corpo. Il risultato \u00e8 una giacca versatile che offre un calore eccellente, un efficiente trasporto dell'umidit\u00e0 e una libert\u00e0 di movimento ottimale durante l'attivit\u00e0 fisica intensa in condizioni di freddo. La giacca ibrida presenta anche una schiena leggermente pi\u00f9 lunga per una maggiore protezione e due tasche laterali con zip per riporre in modo pratico e sicuro chiavi, telefono, barrette energetiche, ecc.<\/p>\n<p>- Materiale esterno ripstop idrorepellente in poliestere riciclato sulla parte superiore del corpo e sul cappuccio<br \/>\n- Isolamento sottile e leggero in piuma 90\/10 sulla parte superiore del corpo e sul cappuccio<br \/>\n- Materiale power fleece spazzolato su maniche, fianchi e parte inferiore del corpo<br \/>\n- Schiena leggermente inclinata<br \/>\n- Due tasche laterali con zip<br \/>\n- Vestibilit\u00e0 normale<\/p>\n<p>Materiale: Corpo superiore: 100% poliammide riciclata. Parte inferiore: 94% poliestere riciclato, 6% elastan. Imbottitura: 10% piume, 90% piuma.<\/p>","protected":false},"excerpt":{"rendered":"<p>Das ADV Explore Light Down Hybrid Jacket ist eine warme und vielseitige Hybridjacke, die sich perfekt als Aussenschicht bei milderen Temperaturen oder als mittlere Schicht unter einer Shell-Jacke bei k\u00e4lteren Bedingungen eignet. Diese isolierende Hybridjacke kombiniert eine leichte 90\/10-Daunenisolierung am Oberk\u00f6rper mit geb\u00fcrstetem Powerfleece an \u00c4rmeln, Seiten und Unterk\u00f6rper. Das Ergebnis ist eine vielseitige Jacke, [&hellip;]<\/p>\n","protected":false},"featured_media":480762,"template":"","meta":[],"product_brand":[],"product_cat":[4186],"product_tag":[],"class_list":{"0":"post-636539","1":"product","2":"type-product","3":"status-publish","4":"has-post-thumbnail","6":"product_cat-jacken","7":"pa_brand-craft-retail-sportswear","8":"pa_brand-type-sportswear","9":"pa_filter-color-gruen","10":"pa_filter-color-schwarz","12":"first","13":"instock","14":"sale","15":"taxable","16":"shipping-taxable","17":"purchasable","18":"product-type-variable","19":"add-to-wishlist-before_image"},"exclude_global_add_ons":[],"addons":[],"acf":[],"_links":{"self":[{"href":"https:\/\/shop.kustom.ch\/it\/wp-json\/wp\/v2\/product\/636539"}],"collection":[{"href":"https:\/\/shop.kustom.ch\/it\/wp-json\/wp\/v2\/product"}],"about":[{"href":"https:\/\/shop.kustom.ch\/it\/wp-json\/wp\/v2\/types\/product"}],"wp:featuredmedia":[{"embeddable":true,"href":"https:\/\/shop.kustom.ch\/it\/wp-json\/wp\/v2\/media\/480762"}],"wp:attachment":[{"href":"https:\/\/shop.kustom.ch\/it\/wp-json\/wp\/v2\/media?parent=636539"}],"wp:term":[{"taxonomy":"product_brand","embeddable":true,"href":"https:\/\/shop.kustom.ch\/it\/wp-json\/wp\/v2\/product_brand?post=636539"},{"taxonomy":"product_cat","embeddable":true,"href":"https:\/\/shop.kustom.ch\/it\/wp-json\/wp\/v2\/product_cat?post=636539"},{"taxonomy":"product_tag","embeddable":true,"href":"https:\/\/shop.kustom.ch\/it\/wp-json\/wp\/v2\/product_tag?post=636539"}],"curies":[{"name":"wp","href":"https:\/\/api.w.org\/{rel}","templated":true}]}}