{"id":636525,"date":"2025-03-22T03:34:30","date_gmt":"2025-03-22T02:34:30","guid":{"rendered":"https:\/\/shop.kustom.ch\/?post_type=product&#038;p=636525"},"modified":"2026-03-27T14:37:01","modified_gmt":"2026-03-27T13:37:01","slug":"adv-exlore-power-fleece-vest-m","status":"publish","type":"product","link":"https:\/\/shop.kustom.ch\/it\/prodotto\/adv-exlore-power-fleece-vest-m\/","title":{"rendered":"ADV Exlore Power Fleece Vest M"},"content":{"rendered":"<p>L'ADV Explore Power Fleece Vest \u00e8 un gilet in pile elastico e altamente funzionale che rappresenta un'aggiunta versatile ed essenziale al guardaroba di ogni appassionato di outdoor.<\/p>\n<p>Questo innovativo gilet \u00e8 realizzato in un materiale elastico in pile con eccezionali propriet\u00e0 di ritenzione del calore e di traspirazione. Il materiale in pile mantiene il calore vicino al corpo e permette all'umidit\u00e0 e al sudore di fuoriuscire, in modo da rimanere caldi, asciutti e comodi durante le attivit\u00e0 all'aperto in condizioni di freddo. Il materiale elasticizzato garantisce inoltre un'eccellente libert\u00e0 di movimento. Che si tratti di escursioni, sci o altre attivit\u00e0 all'aria aperta, il gilet fa tutto ci\u00f2 che serve e garantisce la possibilit\u00e0 di piegarsi, torcersi e allungarsi senza essere limitati. Il gilet \u00e8 inoltre dotato di due tasche con cerniera in cui \u00e8 possibile riporre comodamente oggetti importanti come chiavi, telefono e snack. Il gilet \u00e8 la scelta perfetta per diverse attivit\u00e0 - dall'escursionismo allo sci, fino all'uso quotidiano nella stagione fredda - e pu\u00f2 essere indossato come strato intermedio o esterno.<\/p>\n<p>- Materiale in pile super morbido ed elastico con interno spazzolato (250 g\/m\u00b2)<br \/>\n- Due tasche laterali con zip e sacchetti in rete<br \/>\n- Vestibilit\u00e0 normale<\/p>\n<p>Materiale: 94% poliestere riciclato, 6% elastan<\/p>","protected":false},"excerpt":{"rendered":"<p>Die ADV Explore Power Fleece Vest ist eine dehnbare und hochfunktionelle Fleece-Weste, die eine vielseitige und unverzichtbare Erg\u00e4nzung f\u00fcr die Garderobe aller Outdoor-Fans darstellt. Diese innovative Weste besteht aus einem dehnbaren Fleecematerial mit aussergew\u00f6hnlichen W\u00e4rmer\u00fcckhalte- und Atmungseigenschaften. Das Fleecematerial h\u00e4lt die W\u00e4rme dicht am K\u00f6rper und l\u00e4sst Feuchtigkeit sowie Schweiss entweichen, damit Sie bei Outdoor-Aktivit\u00e4ten [&hellip;]<\/p>\n","protected":false},"featured_media":480572,"template":"","meta":[],"product_brand":[],"product_cat":[4208],"product_tag":[],"class_list":{"0":"post-636525","1":"product","2":"type-product","3":"status-publish","4":"has-post-thumbnail","6":"product_cat-westen","7":"pa_brand-craft-retail-sportswear","8":"pa_brand-type-sportswear","9":"pa_filter-color-schwarz","11":"first","12":"instock","13":"sale","14":"taxable","15":"shipping-taxable","16":"purchasable","17":"product-type-variable","18":"add-to-wishlist-before_image"},"exclude_global_add_ons":[],"addons":[],"acf":[],"_links":{"self":[{"href":"https:\/\/shop.kustom.ch\/it\/wp-json\/wp\/v2\/product\/636525"}],"collection":[{"href":"https:\/\/shop.kustom.ch\/it\/wp-json\/wp\/v2\/product"}],"about":[{"href":"https:\/\/shop.kustom.ch\/it\/wp-json\/wp\/v2\/types\/product"}],"wp:featuredmedia":[{"embeddable":true,"href":"https:\/\/shop.kustom.ch\/it\/wp-json\/wp\/v2\/media\/480572"}],"wp:attachment":[{"href":"https:\/\/shop.kustom.ch\/it\/wp-json\/wp\/v2\/media?parent=636525"}],"wp:term":[{"taxonomy":"product_brand","embeddable":true,"href":"https:\/\/shop.kustom.ch\/it\/wp-json\/wp\/v2\/product_brand?post=636525"},{"taxonomy":"product_cat","embeddable":true,"href":"https:\/\/shop.kustom.ch\/it\/wp-json\/wp\/v2\/product_cat?post=636525"},{"taxonomy":"product_tag","embeddable":true,"href":"https:\/\/shop.kustom.ch\/it\/wp-json\/wp\/v2\/product_tag?post=636525"}],"curies":[{"name":"wp","href":"https:\/\/api.w.org\/{rel}","templated":true}]}}