{"id":636518,"date":"2025-03-22T03:34:16","date_gmt":"2025-03-22T02:34:16","guid":{"rendered":"https:\/\/shop.kustom.ch\/produkt\/adv-essence-warm-tights-w-2\/"},"modified":"2026-03-27T14:23:52","modified_gmt":"2026-03-27T13:23:52","slug":"adv-essence-warm-tights-w-2","status":"publish","type":"product","link":"https:\/\/shop.kustom.ch\/it\/prodotto\/adv-essence-warm-tights-w-2\/","title":{"rendered":"ADV Essence Collant caldo W"},"content":{"rendered":"<p>La calzamaglia ADV Essence Warm Tights 2 \u00e8 una calzamaglia da allenamento altamente funzionale che vi terr\u00e0 al caldo durante gli allenamenti intensi in condizioni di freddo. Questa calzamaglia avanzata \u00e8 realizzata in un tessuto jersey morbido e funzionale con un interno leggermente spazzolato per un maggiore calore e comfort. La calzamaglia \u00e8 inoltre dotata di un elastico in vita con cordoncino regolabile per una vestibilit\u00e0 ottimale e di una piccola tasca con zip sul carr\u00e8 posteriore per riporre le chiavi in modo sicuro.<\/p>\n<p>- Tessuto in jersey morbido, elasticizzato e funzionale, realizzato in poliestere riciclato ed elastan<br \/>\n- Interno leggermente spazzolato per un maggiore calore e comfort<br \/>\n- Vita con coulisse interna regolabile<br \/>\n- Tasca per cellulare con cerniera sul retro della cintura<br \/>\n- Stampa riflettente sul polpaccio<\/p>\n<p>Materiale: corpo: 77% poliestere riciclato, 23% elastan<\/p>","protected":false},"excerpt":{"rendered":"<p>Die ADV Essence Warm Tights 2 sind hochfunktionelle Trainingstights, die dich bei intensiven Workouts bei kalten Bedingungen warm halten. Diese fortschrittlichen Tights bestehen aus einem weichen und funktionalen Jerseystoff mit leicht geb\u00fcrsteter Innenseite f\u00fcr zus\u00e4tzliche W\u00e4rme und Komfort. Die Tights verf\u00fcgen ausserdem \u00fcber einen elastischen Bund mit verstellbarem Kordelzug f\u00fcr eine optimale Passform und eine [&hellip;]<\/p>\n","protected":false},"featured_media":480929,"template":"","meta":[],"product_brand":[],"product_cat":[4190],"product_tag":[],"class_list":{"0":"post-636518","1":"product","2":"type-product","3":"status-publish","4":"has-post-thumbnail","6":"product_cat-leggings","7":"pa_brand-craft-retail-sportswear","8":"pa_brand-type-sportswear","9":"pa_filter-color-schwarz","11":"first","12":"instock","13":"sale","14":"taxable","15":"shipping-taxable","16":"purchasable","17":"product-type-variable","18":"add-to-wishlist-before_image"},"exclude_global_add_ons":[],"addons":[],"acf":[],"_links":{"self":[{"href":"https:\/\/shop.kustom.ch\/it\/wp-json\/wp\/v2\/product\/636518"}],"collection":[{"href":"https:\/\/shop.kustom.ch\/it\/wp-json\/wp\/v2\/product"}],"about":[{"href":"https:\/\/shop.kustom.ch\/it\/wp-json\/wp\/v2\/types\/product"}],"wp:featuredmedia":[{"embeddable":true,"href":"https:\/\/shop.kustom.ch\/it\/wp-json\/wp\/v2\/media\/480929"}],"wp:attachment":[{"href":"https:\/\/shop.kustom.ch\/it\/wp-json\/wp\/v2\/media?parent=636518"}],"wp:term":[{"taxonomy":"product_brand","embeddable":true,"href":"https:\/\/shop.kustom.ch\/it\/wp-json\/wp\/v2\/product_brand?post=636518"},{"taxonomy":"product_cat","embeddable":true,"href":"https:\/\/shop.kustom.ch\/it\/wp-json\/wp\/v2\/product_cat?post=636518"},{"taxonomy":"product_tag","embeddable":true,"href":"https:\/\/shop.kustom.ch\/it\/wp-json\/wp\/v2\/product_tag?post=636518"}],"curies":[{"name":"wp","href":"https:\/\/api.w.org\/{rel}","templated":true}]}}