{"id":636504,"date":"2025-03-22T03:34:08","date_gmt":"2025-03-22T02:34:08","guid":{"rendered":"https:\/\/shop.kustom.ch\/?post_type=product&#038;p=636504"},"modified":"2026-03-27T14:03:03","modified_gmt":"2026-03-27T13:03:03","slug":"adv-essence-training-pants-2-m","status":"publish","type":"product","link":"https:\/\/shop.kustom.ch\/it\/prodotto\/adv-essence-training-pants-2-m\/","title":{"rendered":"Pantaloni da allenamento ADV Essence 2 M"},"content":{"rendered":"<p>Questi pantaloni da allenamento avanzati sono realizzati in poliestere riciclato, che offre un'elevata elasticit\u00e0 e funzionalit\u00e0 durante le sessioni di allenamento ad alta intensit\u00e0. Le gambe affusolate e il tessuto traforato sui polpacci garantiscono un'ottima vestibilit\u00e0 e un'efficiente ventilazione. I pantaloni da allenamento sono inoltre dotati di due tasche laterali nascoste con chiusura a zip per riporre in modo sicuro chiavi, barrette energetiche, ecc.<\/p>\n<p>- Tessuto elasticizzato in poliestere riciclato<br \/>\n- Maglia elastica a fondo gamba<br \/>\n- Gambe affusolate<br \/>\n- Vita elastica<br \/>\n- Due tasche laterali nascoste con chiusura a zip<\/p>\n<p>Materiale: Corpo: 88% poliammide riciclata, 12% elastan. Schiena : 92% poliestere riciclato, 8% elastan<\/p>","protected":false},"excerpt":{"rendered":"<p>Diese fortschrittliche Trainingshose besteht aus recyceltem Polyester, das bei hochintensiven Trainingseinheiten eine hohe Dehnbarkeit und Funktionalit\u00e4t bietet. Die spitz zulaufenden Beine und der perforierte Stoff an den Waden sorgen f\u00fcr eine hervorragende Passform und effiziente Bel\u00fcftung. Ausserdem verf\u00fcgt die Trainingshose \u00fcber zwei verdeckte Seitentaschen mit Reissverschluss zur sicheren Aufbewahrung von Schl\u00fcsseln, Energieriegeln usw. \u2022 Gewebter [&hellip;]<\/p>\n","protected":false},"featured_media":625331,"template":"","meta":[],"product_brand":[],"product_cat":[4185],"product_tag":[],"class_list":{"0":"post-636504","1":"product","2":"type-product","3":"status-publish","4":"has-post-thumbnail","6":"product_cat-hosen","7":"pa_brand-craft-retail-sportswear","8":"pa_brand-type-sportswear","9":"pa_filter-color-schwarz","11":"first","12":"instock","13":"sale","14":"taxable","15":"shipping-taxable","16":"purchasable","17":"product-type-variable","18":"add-to-wishlist-before_image"},"exclude_global_add_ons":[],"addons":[],"acf":[],"_links":{"self":[{"href":"https:\/\/shop.kustom.ch\/it\/wp-json\/wp\/v2\/product\/636504"}],"collection":[{"href":"https:\/\/shop.kustom.ch\/it\/wp-json\/wp\/v2\/product"}],"about":[{"href":"https:\/\/shop.kustom.ch\/it\/wp-json\/wp\/v2\/types\/product"}],"wp:featuredmedia":[{"embeddable":true,"href":"https:\/\/shop.kustom.ch\/it\/wp-json\/wp\/v2\/media\/625331"}],"wp:attachment":[{"href":"https:\/\/shop.kustom.ch\/it\/wp-json\/wp\/v2\/media?parent=636504"}],"wp:term":[{"taxonomy":"product_brand","embeddable":true,"href":"https:\/\/shop.kustom.ch\/it\/wp-json\/wp\/v2\/product_brand?post=636504"},{"taxonomy":"product_cat","embeddable":true,"href":"https:\/\/shop.kustom.ch\/it\/wp-json\/wp\/v2\/product_cat?post=636504"},{"taxonomy":"product_tag","embeddable":true,"href":"https:\/\/shop.kustom.ch\/it\/wp-json\/wp\/v2\/product_tag?post=636504"}],"curies":[{"name":"wp","href":"https:\/\/api.w.org\/{rel}","templated":true}]}}