{"id":636384,"date":"2025-03-22T03:33:18","date_gmt":"2025-03-22T02:33:18","guid":{"rendered":"https:\/\/shop.kustom.ch\/?post_type=product&#038;p=636384"},"modified":"2026-03-27T14:27:25","modified_gmt":"2026-03-27T13:27:25","slug":"adv-essence-singlet-2-m","status":"publish","type":"product","link":"https:\/\/shop.kustom.ch\/it\/prodotto\/adv-essence-singlet-2-m\/","title":{"rendered":"Canotta ADV Essence 2 M"},"content":{"rendered":"<p>La ADV Essence Singlet 2 \u00e8 una maglia da allenamento morbida e funzionale progettata per la maggior parte degli allenamenti ad alta intensit\u00e0. <\/p>\n<p>Questa versatile canotta \u00e8 realizzata in poliestere riciclato ed elastan e presenta inserti in rete e dettagli traforati per una migliore ventilazione. Inoltre, questo capo da allenamento avanzato ha un design ergonomico e sagomato per una vestibilit\u00e0 ottimale e libert\u00e0 di movimento.<\/p>\n<p>- Poliestere riciclato ed elastan<br \/>\n- Inserti in rete e dettagli traforati<br \/>\n- Forma ergonomica<br \/>\n- Vestibilit\u00e0 normale<\/p>\n<p>Materiale: Corpo: 91% poliestere riciclato, 9% elastan. Inserti: 84% poliestere riciclato, 6% poliestere, 10% spandex<\/p>","protected":false},"excerpt":{"rendered":"<p>Das ADV Essence Singlet 2 ist ein weiches und funktionelles Trainingsshirt, das f\u00fcr die meisten Arten von hochintensiven Workouts entwickelt wurde. Dieses vielseitige Unterhemd besteht aus Recycling-Polyester und Elasthan und verf\u00fcgt \u00fcber Mesh-Eins\u00e4tze sowie perforierte Details f\u00fcr verbesserte Bel\u00fcftung. Dar\u00fcber hinaus verf\u00fcgt dieses fortschrittliche Trainingskleidungsst\u00fcck \u00fcber ein geformtes, ergonomisches Design f\u00fcr optimale Passform und Bewegungsfreiheit. [&hellip;]<\/p>\n","protected":false},"featured_media":479336,"template":"","meta":[],"product_brand":[],"product_cat":[4202],"product_tag":[],"class_list":{"0":"post-636384","1":"product","2":"type-product","3":"status-publish","4":"has-post-thumbnail","6":"product_cat-tank-tops","7":"pa_brand-craft-retail-sportswear","8":"pa_brand-type-sportswear","9":"pa_filter-color-schwarz","10":"pa_filter-color-weiss","12":"first","13":"instock","14":"sale","15":"taxable","16":"shipping-taxable","17":"purchasable","18":"product-type-variable","19":"add-to-wishlist-before_image"},"exclude_global_add_ons":[],"addons":[],"acf":[],"_links":{"self":[{"href":"https:\/\/shop.kustom.ch\/it\/wp-json\/wp\/v2\/product\/636384"}],"collection":[{"href":"https:\/\/shop.kustom.ch\/it\/wp-json\/wp\/v2\/product"}],"about":[{"href":"https:\/\/shop.kustom.ch\/it\/wp-json\/wp\/v2\/types\/product"}],"wp:featuredmedia":[{"embeddable":true,"href":"https:\/\/shop.kustom.ch\/it\/wp-json\/wp\/v2\/media\/479336"}],"wp:attachment":[{"href":"https:\/\/shop.kustom.ch\/it\/wp-json\/wp\/v2\/media?parent=636384"}],"wp:term":[{"taxonomy":"product_brand","embeddable":true,"href":"https:\/\/shop.kustom.ch\/it\/wp-json\/wp\/v2\/product_brand?post=636384"},{"taxonomy":"product_cat","embeddable":true,"href":"https:\/\/shop.kustom.ch\/it\/wp-json\/wp\/v2\/product_cat?post=636384"},{"taxonomy":"product_tag","embeddable":true,"href":"https:\/\/shop.kustom.ch\/it\/wp-json\/wp\/v2\/product_tag?post=636384"}],"curies":[{"name":"wp","href":"https:\/\/api.w.org\/{rel}","templated":true}]}}