{"id":636383,"date":"2025-03-22T03:33:08","date_gmt":"2025-03-22T02:33:08","guid":{"rendered":"https:\/\/shop.kustom.ch\/produkt\/adv-essence-shorts-m\/"},"modified":"2026-03-27T15:08:44","modified_gmt":"2026-03-27T14:08:44","slug":"adv-essence-shorts-m","status":"publish","type":"product","link":"https:\/\/shop.kustom.ch\/it\/prodotto\/adv-essence-shorts-m\/","title":{"rendered":"Pantaloncini ADV Essence M"},"content":{"rendered":"<p>Gli ADV Essence Shorts 2 sono pantaloncini da allenamento altamente funzionali per allenamenti intensivi. I pantaloncini sono realizzati in un tessuto leggero di poliestere riciclato ed elastan, che garantisce un eccellente trasporto dell'umidit\u00e0 e libert\u00e0 di movimento. I pantaloncini presentano inoltre dettagli traforati per una migliore ventilazione, una coulisse in vita per una vestibilit\u00e0 ottimale e due tasche laterali con spazio per due palline da tennis.<\/p>\n<p>- Tessuto elastico funzionale in poliestere riciclato ed elastan<br \/>\n- Dettagli traforati<br \/>\n- Due spaziose tasche laterali<br \/>\n- Coulisse in vita<br \/>\n- Larghezza del cavallo circa 17 cm per la taglia M<br \/>\n- Taglio normale<\/p>\n<p>Materiale: 88% poliestere riciclato12% elastan<\/p>","protected":false},"excerpt":{"rendered":"<p>ADV Essence Shorts 2 sind hochfunktionelle Trainingsshorts f\u00fcr intensive Workouts. Die Shorts bestehen aus einem leichten Stoff aus recyceltem Polyester und Elastan, der f\u00fcr hervorragenden Feuchtigkeitstransport und Bewegungsfreiheit sorgt. Die Shorts verf\u00fcgen ausserdem \u00fcber perforierte Details f\u00fcr eine bessere Bel\u00fcftung, einen Kordelzug in der Taille f\u00fcr eine optimale Passform und zwei Seitentaschen mit Platz f\u00fcr [&hellip;]<\/p>\n","protected":false},"featured_media":625188,"template":"","meta":[],"product_brand":[],"product_cat":[4198],"product_tag":[],"class_list":{"0":"post-636383","1":"product","2":"type-product","3":"status-publish","4":"has-post-thumbnail","6":"product_cat-shorts","7":"pa_brand-craft-retail-sportswear","8":"pa_brand-type-sportswear","9":"pa_filter-color-schwarz","11":"first","12":"instock","13":"sale","14":"taxable","15":"shipping-taxable","16":"purchasable","17":"product-type-variable","18":"add-to-wishlist-before_image"},"exclude_global_add_ons":[],"addons":[],"acf":[],"_links":{"self":[{"href":"https:\/\/shop.kustom.ch\/it\/wp-json\/wp\/v2\/product\/636383"}],"collection":[{"href":"https:\/\/shop.kustom.ch\/it\/wp-json\/wp\/v2\/product"}],"about":[{"href":"https:\/\/shop.kustom.ch\/it\/wp-json\/wp\/v2\/types\/product"}],"wp:featuredmedia":[{"embeddable":true,"href":"https:\/\/shop.kustom.ch\/it\/wp-json\/wp\/v2\/media\/625188"}],"wp:attachment":[{"href":"https:\/\/shop.kustom.ch\/it\/wp-json\/wp\/v2\/media?parent=636383"}],"wp:term":[{"taxonomy":"product_brand","embeddable":true,"href":"https:\/\/shop.kustom.ch\/it\/wp-json\/wp\/v2\/product_brand?post=636383"},{"taxonomy":"product_cat","embeddable":true,"href":"https:\/\/shop.kustom.ch\/it\/wp-json\/wp\/v2\/product_cat?post=636383"},{"taxonomy":"product_tag","embeddable":true,"href":"https:\/\/shop.kustom.ch\/it\/wp-json\/wp\/v2\/product_tag?post=636383"}],"curies":[{"name":"wp","href":"https:\/\/api.w.org\/{rel}","templated":true}]}}