{"id":636301,"date":"2025-03-22T03:32:20","date_gmt":"2025-03-22T02:32:20","guid":{"rendered":"https:\/\/shop.kustom.ch\/?post_type=product&#038;p=636301"},"modified":"2026-03-27T14:09:08","modified_gmt":"2026-03-27T13:09:08","slug":"adv-essence-knickers-2-m","status":"publish","type":"product","link":"https:\/\/shop.kustom.ch\/it\/prodotto\/adv-essence-knickers-2-m\/","title":{"rendered":"ADV Essence Knickers 2 M"},"content":{"rendered":"<p>Gli ADV Essence Knickers 2 sono calzamaglie da allenamento avanzate progettate per allenamenti ad alta intensit\u00e0.<\/p>\n<p>Questa calzamaglia da allenamento lunga fino al ginocchio offre una vestibilit\u00e0 eccezionale e un'ottima funzionalit\u00e0 durante le sessioni di allenamento ad alta intensit\u00e0. La calzamaglia \u00e8 realizzata in jersey di poliestere riciclato ed elastan e presenta un elastico in vita con coulisse, una tasca per le chiavi sulla cintura e un'ampia tasca per il cellulare.<\/p>\n<p>- Maglia realizzata in poliestere riciclato ed elastan<br \/>\n- Vita elastica con coulisse<br \/>\n- Tasca per cellulare sulla gamba destra<br \/>\n- Tasca portachiavi in vita<\/p>\n<p>Materiale: Corpo: 72% poliestere riciclato, 28% elastan. Fodera: 90% poliestere riciclato, 10% elastan<\/p>","protected":false},"excerpt":{"rendered":"<p>Die ADV Essence Knickers 2 sind fortschrittliche Trainingstights, die f\u00fcr hochintensive Workouts entwickelt wurden. Diese knielangen Trainingstights bieten eine hervorragende Passform und exzellente Funktion bei hochintensiven Trainingseinheiten. Die Tights bestehen aus recyceltem Polyester- sowie Elastan-Jersey und verf\u00fcgen \u00fcber einen elastischen Bund mit Kordelzug, eine Schl\u00fcsseltasche am Bund und eine grosse Handytasche. \u2022 Trikot aus recyceltem [&hellip;]<\/p>\n","protected":false},"featured_media":480922,"template":"","meta":[],"product_brand":[],"product_cat":[4190],"product_tag":[],"class_list":{"0":"post-636301","1":"product","2":"type-product","3":"status-publish","4":"has-post-thumbnail","6":"product_cat-leggings","7":"pa_brand-craft-retail-sportswear","8":"pa_brand-type-sportswear","9":"pa_filter-color-schwarz","11":"first","12":"instock","13":"sale","14":"taxable","15":"shipping-taxable","16":"purchasable","17":"product-type-variable","18":"add-to-wishlist-before_image"},"exclude_global_add_ons":[],"addons":[],"acf":[],"_links":{"self":[{"href":"https:\/\/shop.kustom.ch\/it\/wp-json\/wp\/v2\/product\/636301"}],"collection":[{"href":"https:\/\/shop.kustom.ch\/it\/wp-json\/wp\/v2\/product"}],"about":[{"href":"https:\/\/shop.kustom.ch\/it\/wp-json\/wp\/v2\/types\/product"}],"wp:featuredmedia":[{"embeddable":true,"href":"https:\/\/shop.kustom.ch\/it\/wp-json\/wp\/v2\/media\/480922"}],"wp:attachment":[{"href":"https:\/\/shop.kustom.ch\/it\/wp-json\/wp\/v2\/media?parent=636301"}],"wp:term":[{"taxonomy":"product_brand","embeddable":true,"href":"https:\/\/shop.kustom.ch\/it\/wp-json\/wp\/v2\/product_brand?post=636301"},{"taxonomy":"product_cat","embeddable":true,"href":"https:\/\/shop.kustom.ch\/it\/wp-json\/wp\/v2\/product_cat?post=636301"},{"taxonomy":"product_tag","embeddable":true,"href":"https:\/\/shop.kustom.ch\/it\/wp-json\/wp\/v2\/product_tag?post=636301"}],"curies":[{"name":"wp","href":"https:\/\/api.w.org\/{rel}","templated":true}]}}