{"id":636300,"date":"2025-03-22T03:32:20","date_gmt":"2025-03-22T02:32:20","guid":{"rendered":"https:\/\/shop.kustom.ch\/?post_type=product&#038;p=636300"},"modified":"2026-03-27T15:22:07","modified_gmt":"2026-03-27T14:22:07","slug":"adv-essence-jersey-hood-jkt-2-m","status":"publish","type":"product","link":"https:\/\/shop.kustom.ch\/it\/prodotto\/adv-essence-jersey-hood-jkt-2-m\/","title":{"rendered":"ADV Essence Maglia con cappuccio Jkt 2 M"},"content":{"rendered":"<p>Questa giacca da allenamento avanzata \u00e8 realizzata in un tessuto jersey morbido, caldo e riciclato e presenta un tessuto antivento sul petto. Il capo \u00e8 inoltre dotato di due tasche laterali con zip e di un cappuccio antivento completamente foderato.<\/p>\n<p>- Corpo realizzato in morbido e caldo tessuto jersey di poliestere riciclato<br \/>\n- Tessuto antivento sul petto in poliestere riciclato<br \/>\n- Cappuccio completamente foderato e antivento<br \/>\n- Due tasche laterali con zip<br \/>\n- Vestibilit\u00e0 normale<\/p>\n<p>Materiale: Corpo: 88% poliestere riciclato, 12% elastan. Corpo superiore: 60% poliestere riciclato, 40% poliestere<\/p>","protected":false},"excerpt":{"rendered":"<p>Diese avancierte Trainingsjacke besteht aus einem weichen, warmen und recycelten Jersey-Stoff und ist mit einem windsch\u00fctzenden Stoff auf der Brust ausgestattet. Dar\u00fcber hinaus verf\u00fcgt das Kleidungsst\u00fcck \u00fcber zwei seitliche Reissverschlusstaschen und eine vollst\u00e4ndig gef\u00fctterte, windsch\u00fctzende Kapuze. \u2022 Body aus weichem und warmem Jersey-Stoff aus recyceltem Polyester \u2022 Windsch\u00fctzender Stoff auf der Brust aus recyceltem Polyester [&hellip;]<\/p>\n","protected":false},"featured_media":625105,"template":"","meta":[],"product_brand":[],"product_cat":[4184],"product_tag":[],"class_list":{"0":"post-636300","1":"product","2":"type-product","3":"status-publish","4":"has-post-thumbnail","6":"product_cat-hoodies-pullover","7":"pa_brand-craft-retail-sportswear","8":"pa_brand-type-sportswear","9":"pa_filter-color-blau","11":"first","12":"instock","13":"sale","14":"taxable","15":"shipping-taxable","16":"purchasable","17":"product-type-variable","18":"add-to-wishlist-before_image"},"exclude_global_add_ons":[],"addons":[],"acf":[],"_links":{"self":[{"href":"https:\/\/shop.kustom.ch\/it\/wp-json\/wp\/v2\/product\/636300"}],"collection":[{"href":"https:\/\/shop.kustom.ch\/it\/wp-json\/wp\/v2\/product"}],"about":[{"href":"https:\/\/shop.kustom.ch\/it\/wp-json\/wp\/v2\/types\/product"}],"wp:featuredmedia":[{"embeddable":true,"href":"https:\/\/shop.kustom.ch\/it\/wp-json\/wp\/v2\/media\/625105"}],"wp:attachment":[{"href":"https:\/\/shop.kustom.ch\/it\/wp-json\/wp\/v2\/media?parent=636300"}],"wp:term":[{"taxonomy":"product_brand","embeddable":true,"href":"https:\/\/shop.kustom.ch\/it\/wp-json\/wp\/v2\/product_brand?post=636300"},{"taxonomy":"product_cat","embeddable":true,"href":"https:\/\/shop.kustom.ch\/it\/wp-json\/wp\/v2\/product_cat?post=636300"},{"taxonomy":"product_tag","embeddable":true,"href":"https:\/\/shop.kustom.ch\/it\/wp-json\/wp\/v2\/product_tag?post=636300"}],"curies":[{"name":"wp","href":"https:\/\/api.w.org\/{rel}","templated":true}]}}