{"id":636292,"date":"2025-03-22T03:32:14","date_gmt":"2025-03-22T02:32:14","guid":{"rendered":"https:\/\/shop.kustom.ch\/?post_type=product&#038;p=636292"},"modified":"2026-03-27T15:05:40","modified_gmt":"2026-03-27T14:05:40","slug":"adv-essence-2-shorts-2-m","status":"publish","type":"product","link":"https:\/\/shop.kustom.ch\/it\/prodotto\/adv-essence-2-shorts-2-m\/","title":{"rendered":"Pantaloncini ADV Essence 2\u2033 2 M"},"content":{"rendered":"<p>Gli ADV Essence 2\" Stretch Shorts 2 sono pantaloncini da allenamento immediatamente preferiti, con grande vestibilit\u00e0 e funzionalit\u00e0. Questi pantaloncini da allenamento avanzati sono realizzati in poliestere riciclato ad alta elasticit\u00e0 e presentano prese d'aria laterali per una maggiore mobilit\u00e0, rendendoli l'indumento ideale per la maggior parte dei tipi di attivit\u00e0 fisica intensa.<\/p>\n<p>- Tessuto elastico funzionale in poliestere riciclato ed elastan<br \/>\n- Pantaloni interni elasticizzati<br \/>\n- Stampe riflettenti per una migliore visibilit\u00e0<br \/>\n- Coulisse regolabile in vita<br \/>\n- Tasca nascosta in vita<br \/>\n- Lunghezza cavallo circa 5,5 cm per la taglia M<\/p>\n<p>Materiale: Corpo: 90% poliestere riciclato, 10% elastan. Fodera corpo: 100% poliestere<\/p>","protected":false},"excerpt":{"rendered":"<p>ADV Essence 2\u201d Stretch Shorts 2 sind sofort beliebte Trainingsshorts mit toller Passform und hervorragender Funktion. Diese fortschrittlichen Trainingsshorts bestehen aus recyceltem Polyester mit hoher Dehnbarkeit und verf\u00fcgen \u00fcber Seitenschlitze f\u00fcr mehr Beweglichkeit, was sie zum idealen Kleidungsst\u00fcck f\u00fcr die meisten Arten intensiver k\u00f6rperlicher Aktivit\u00e4ten macht. \u2022 Funktionelles Stretchgewebe aus recyceltem Polyester und Elasthan \u2022 [&hellip;]<\/p>\n","protected":false},"featured_media":625088,"template":"","meta":[],"product_brand":[],"product_cat":[4198],"product_tag":[],"class_list":{"0":"post-636292","1":"product","2":"type-product","3":"status-publish","4":"has-post-thumbnail","6":"product_cat-shorts","7":"pa_brand-craft-retail-sportswear","8":"pa_brand-type-sportswear","9":"pa_filter-color-schwarz","11":"first","12":"instock","13":"sale","14":"taxable","15":"shipping-taxable","16":"purchasable","17":"product-type-variable","18":"add-to-wishlist-before_image"},"exclude_global_add_ons":[],"addons":[],"acf":[],"_links":{"self":[{"href":"https:\/\/shop.kustom.ch\/it\/wp-json\/wp\/v2\/product\/636292"}],"collection":[{"href":"https:\/\/shop.kustom.ch\/it\/wp-json\/wp\/v2\/product"}],"about":[{"href":"https:\/\/shop.kustom.ch\/it\/wp-json\/wp\/v2\/types\/product"}],"wp:featuredmedia":[{"embeddable":true,"href":"https:\/\/shop.kustom.ch\/it\/wp-json\/wp\/v2\/media\/625088"}],"wp:attachment":[{"href":"https:\/\/shop.kustom.ch\/it\/wp-json\/wp\/v2\/media?parent=636292"}],"wp:term":[{"taxonomy":"product_brand","embeddable":true,"href":"https:\/\/shop.kustom.ch\/it\/wp-json\/wp\/v2\/product_brand?post=636292"},{"taxonomy":"product_cat","embeddable":true,"href":"https:\/\/shop.kustom.ch\/it\/wp-json\/wp\/v2\/product_cat?post=636292"},{"taxonomy":"product_tag","embeddable":true,"href":"https:\/\/shop.kustom.ch\/it\/wp-json\/wp\/v2\/product_tag?post=636292"}],"curies":[{"name":"wp","href":"https:\/\/api.w.org\/{rel}","templated":true}]}}