{"id":636269,"date":"2025-03-22T03:31:47","date_gmt":"2025-03-22T02:31:47","guid":{"rendered":"https:\/\/shop.kustom.ch\/?post_type=product&#038;p=636269"},"modified":"2026-03-27T14:00:19","modified_gmt":"2026-03-27T13:00:19","slug":"adv-essence-2-in-1-shorts-2-w","status":"publish","type":"product","link":"https:\/\/shop.kustom.ch\/it\/prodotto\/adv-essence-2-in-1-shorts-2-w\/","title":{"rendered":"Pantaloncini ADV Essence 2-in-1 2 W"},"content":{"rendered":"<p>Gli ADV Essence 2-in-1 Shorts 2 sono pantaloncini da allenamento avanzati realizzati in tessuto elasticizzato e progettati per la maggior parte delle attivit\u00e0 fisiche intense. Questi pantaloncini altamente funzionali sono dotati di un pantaloncino interno, un'ampia cintura in jersey con coulisse, una tasca per il telefono e una piccola tasca per le chiavi. <\/p>\n<p>- Tessuto elastico funzionale in poliestere riciclato ed elastan<br \/>\n- Collant interno per un sostegno ottimale<br \/>\n- Ampio girovita in jersey elasticizzato<br \/>\n- Coulisse regolabile in vita<br \/>\n- Tasca porta telefono sul pantalone interno<br \/>\n- Tasca portachiavi<br \/>\n- Stampe riflettenti<br \/>\n- Cavallo di cavallo di circa 9 cm per la taglia M<\/p>\n<p>Materiale: Corpo: 100% poliestere riciclato.  Fodera: 77% poliestere riciclato, 23% elastane<\/p>","protected":false},"excerpt":{"rendered":"<p>ADV Essence 2-in-1 Shorts 2 sind fortschrittliche Trainingsshorts aus gewebtem Stretchmaterial, die f\u00fcr die meisten Arten intensiver k\u00f6rperlicher Aktivit\u00e4ten entwickelt wurden. Diese hochfunktionellen Shorts verf\u00fcgen \u00fcber eine Innenhose, einen breiten Jersey-Bund mit Kordelzug, eine Telefontasche und eine kleine Schl\u00fcsseltasche. \u2022 Funktionelles Stretchgewebe aus recyceltem Polyester und Elasthan \u2022 Innentights f\u00fcr optimalen Halt \u2022 Breiter elastischer [&hellip;]<\/p>\n","protected":false},"featured_media":625080,"template":"","meta":[],"product_brand":[],"product_cat":[4198],"product_tag":[],"class_list":{"0":"post-636269","1":"product","2":"type-product","3":"status-publish","4":"has-post-thumbnail","6":"product_cat-shorts","7":"pa_brand-craft-retail-sportswear","8":"pa_brand-type-sportswear","9":"pa_filter-color-schwarz","11":"first","12":"instock","13":"sale","14":"taxable","15":"shipping-taxable","16":"purchasable","17":"product-type-variable","18":"add-to-wishlist-before_image"},"exclude_global_add_ons":[],"addons":[],"acf":[],"_links":{"self":[{"href":"https:\/\/shop.kustom.ch\/it\/wp-json\/wp\/v2\/product\/636269"}],"collection":[{"href":"https:\/\/shop.kustom.ch\/it\/wp-json\/wp\/v2\/product"}],"about":[{"href":"https:\/\/shop.kustom.ch\/it\/wp-json\/wp\/v2\/types\/product"}],"wp:featuredmedia":[{"embeddable":true,"href":"https:\/\/shop.kustom.ch\/it\/wp-json\/wp\/v2\/media\/625080"}],"wp:attachment":[{"href":"https:\/\/shop.kustom.ch\/it\/wp-json\/wp\/v2\/media?parent=636269"}],"wp:term":[{"taxonomy":"product_brand","embeddable":true,"href":"https:\/\/shop.kustom.ch\/it\/wp-json\/wp\/v2\/product_brand?post=636269"},{"taxonomy":"product_cat","embeddable":true,"href":"https:\/\/shop.kustom.ch\/it\/wp-json\/wp\/v2\/product_cat?post=636269"},{"taxonomy":"product_tag","embeddable":true,"href":"https:\/\/shop.kustom.ch\/it\/wp-json\/wp\/v2\/product_tag?post=636269"}],"curies":[{"name":"wp","href":"https:\/\/api.w.org\/{rel}","templated":true}]}}