{"id":636246,"date":"2025-03-22T03:31:26","date_gmt":"2025-03-22T02:31:26","guid":{"rendered":"https:\/\/shop.kustom.ch\/?post_type=product&#038;p=636246"},"modified":"2026-03-27T14:18:26","modified_gmt":"2026-03-27T13:18:26","slug":"adv-endur-shorts-m","status":"publish","type":"product","link":"https:\/\/shop.kustom.ch\/it\/prodotto\/adv-endur-shorts-m\/","title":{"rendered":"Pantaloncini ADV Endur M"},"content":{"rendered":"<p>I pantaloncini ADV Endurance sono pantaloncini da ciclismo altamente funzionali per atleti impegnati che pedalano pi\u00f9 volte alla settimana con determinazione.<\/p>\n<p>Questi moderni pantaloncini da ciclismo sono realizzati in un tessuto di poliammide riciclata che offre un eccellente controllo del corpo e trasporto dell'umidit\u00e0. Inoltre, questi pantaloncini da ciclismo hanno una vestibilit\u00e0 ergonomica per una corretta posizione di guida e un fondello C2 per un elevato comfort anche nelle lunghe uscite.<\/p>\n<p>Infinity C2 - pad altamente funzionale per i ciclisti pi\u00f9 esigenti<br \/>\nInfinity C2 offre un'eccellente funzionalit\u00e0 ed \u00e8 un'ottima scelta per i cavalieri che si allenano duramente tutto l'anno. Il fondello \u00e8 composto da tre strati. Il secondo e il terzo strato sono costituiti da schiume a media e alta densit\u00e0. Questi due strati formano una combinazione perfetta che ammortizza e assorbe l'energia per poi dissiparla come un sistema anti-shock. Lo strato adiacente alla pelle \u00e8 realizzato in tessuto di poliestere di alta qualit\u00e0, caratterizzato da ottime propriet\u00e0 elastiche a 4 vie e da un eccellente trasporto dell'umidit\u00e0.<\/p>\n<p>Grazie all'elasticit\u00e0 a 4 vie del tessuto, l'imbottitura segue i movimenti del corpo e garantisce cos\u00ec un comfort e una funzionalit\u00e0 ottimali.<br \/>\n- Tessuto in poliammide riciclata<br \/>\n- Design ergonomico per una perfetta aderenza alla posizione di guida<br \/>\n- I polsini elasticizzati con stampa in silicone mantengono la salopette in posizione - Fondello Infinity C2 da uomo<\/p>\n<p>Materiale: Corpo: 78% poliammide riciclata, 22% elastan. Fodera della parte superiore del corpo: 95% poliestere riciclato, 5% elastan<\/p>","protected":false},"excerpt":{"rendered":"<p>ADV Endurance Shorts sind hochfunktionelle Fahrradshorts f\u00fcr engagierte Sportler, die mehrmals pro Woche zielstrebig fahren. Diese modernen Fahrradshorts bestehen aus einem recycelten Polyamidgewebe, das eine hervorragende K\u00f6rperkontrolle und Feuchtigkeitstransport bietet. Dar\u00fcber hinaus verf\u00fcgen die Fahrradshorts \u00fcber eine ergonomische Passform f\u00fcr die richtige Sitzposition und ein C2-Polster f\u00fcr hohen Komfort auch bei langen Fahrten. Infinity C2 [&hellip;]<\/p>\n","protected":false},"featured_media":625030,"template":"","meta":[],"product_brand":[],"product_cat":[4198],"product_tag":[],"class_list":{"0":"post-636246","1":"product","2":"type-product","3":"status-publish","4":"has-post-thumbnail","6":"product_cat-shorts","7":"pa_brand-craft-retail-sportswear","8":"pa_brand-type-sportswear","9":"pa_filter-color-schwarz","11":"first","12":"instock","13":"sale","14":"taxable","15":"shipping-taxable","16":"purchasable","17":"product-type-variable","18":"add-to-wishlist-before_image"},"exclude_global_add_ons":[],"addons":[],"acf":[],"_links":{"self":[{"href":"https:\/\/shop.kustom.ch\/it\/wp-json\/wp\/v2\/product\/636246"}],"collection":[{"href":"https:\/\/shop.kustom.ch\/it\/wp-json\/wp\/v2\/product"}],"about":[{"href":"https:\/\/shop.kustom.ch\/it\/wp-json\/wp\/v2\/types\/product"}],"wp:featuredmedia":[{"embeddable":true,"href":"https:\/\/shop.kustom.ch\/it\/wp-json\/wp\/v2\/media\/625030"}],"wp:attachment":[{"href":"https:\/\/shop.kustom.ch\/it\/wp-json\/wp\/v2\/media?parent=636246"}],"wp:term":[{"taxonomy":"product_brand","embeddable":true,"href":"https:\/\/shop.kustom.ch\/it\/wp-json\/wp\/v2\/product_brand?post=636246"},{"taxonomy":"product_cat","embeddable":true,"href":"https:\/\/shop.kustom.ch\/it\/wp-json\/wp\/v2\/product_cat?post=636246"},{"taxonomy":"product_tag","embeddable":true,"href":"https:\/\/shop.kustom.ch\/it\/wp-json\/wp\/v2\/product_tag?post=636246"}],"curies":[{"name":"wp","href":"https:\/\/api.w.org\/{rel}","templated":true}]}}