{"id":636222,"date":"2025-03-22T03:31:06","date_gmt":"2025-03-22T02:31:06","guid":{"rendered":"https:\/\/shop.kustom.ch\/?post_type=product&#038;p=636222"},"modified":"2026-03-27T13:58:25","modified_gmt":"2026-03-27T12:58:25","slug":"adv-endur-hydro-lumen-jacket-m","status":"publish","type":"product","link":"https:\/\/shop.kustom.ch\/it\/prodotto\/adv-endur-hydro-lumen-jacket-m\/","title":{"rendered":"Adv Endur Hydro Lumen Giacca M"},"content":{"rendered":"<p>ADV Hydro Lumen Jacket 2 \u00e8 una giacca da ciclismo antivento e impermeabile con un look riflettente e accattivante, progettata per una guida intensa in condizioni di bagnato. Questa giacca da ciclismo tecnicamente avanzata \u00e8 realizzata in tessuto cangiante, elasticizzato, antivento e impermeabile e presenta cuciture nastrate per una protezione ottimale dalle intemperie. Il tessuto esterno iridescente della giacca \u00e8 in grado di catturare e riflettere la luce, garantendo una maggiore sicurezza durante le pedalate, soprattutto in condizioni di scarsa illuminazione. Il capo presenta inoltre aperture di ventilazione sulle ascelle e sulla schiena per garantire un'efficiente regolazione della temperatura corporea. Si ripone facilmente nella tasca della maglia.<\/p>\n<p>- Tessuto esterno iridescente e riflettente<br \/>\n- Tessuto elasticizzato, antivento e impermeabile a 2 strati<br \/>\n- Realizzato in poliestere riciclato<br \/>\n- Cuciture sigillate<br \/>\n- Zip anteriore impermeabile in Vislon con patta interna antibufera<br \/>\n- Maniche e spalle preformate<br \/>\n- Aperture di ventilazione sovrapposte sulle ascelle e sulla schiena<br \/>\n- Due tasche posteriori con zip<br \/>\n- Vestibilit\u00e0 normale<\/p>\n<p>Materiale: Corpo: 100% poliestere riciclato. Fodera: 87% poliestere riciclato, 13% elastane<\/p>","protected":false},"excerpt":{"rendered":"<p>ADV Hydro Lumen Jacket 2 ist eine wind- und wasserdichte Fahrradjacke mit einem reflektierenden, auff\u00e4lligen Aussehen, das f\u00fcr intensive Fahrten bei nassen Bedingungen ausgelegt ist. Diese technisch fortschrittliche Fahrradjacke besteht aus einem irisierenden, dehnbaren, wind- und wasserdichten Stoff und verf\u00fcgt \u00fcber versiegelte N\u00e4hte f\u00fcr optimalen Wetterschutz. Der irisierende Aussenstoff der Jacke kann Licht einfangen und [&hellip;]<\/p>\n","protected":false},"featured_media":480324,"template":"","meta":[],"product_brand":[],"product_cat":[4186],"product_tag":[],"class_list":{"0":"post-636222","1":"product","2":"type-product","3":"status-publish","4":"has-post-thumbnail","6":"product_cat-jacken","7":"pa_brand-craft-retail-sportswear","8":"pa_brand-type-sportswear","9":"pa_filter-color-grau","11":"first","12":"instock","13":"sale","14":"taxable","15":"shipping-taxable","16":"purchasable","17":"product-type-variable","18":"add-to-wishlist-before_image"},"exclude_global_add_ons":[],"addons":[],"acf":[],"_links":{"self":[{"href":"https:\/\/shop.kustom.ch\/it\/wp-json\/wp\/v2\/product\/636222"}],"collection":[{"href":"https:\/\/shop.kustom.ch\/it\/wp-json\/wp\/v2\/product"}],"about":[{"href":"https:\/\/shop.kustom.ch\/it\/wp-json\/wp\/v2\/types\/product"}],"wp:featuredmedia":[{"embeddable":true,"href":"https:\/\/shop.kustom.ch\/it\/wp-json\/wp\/v2\/media\/480324"}],"wp:attachment":[{"href":"https:\/\/shop.kustom.ch\/it\/wp-json\/wp\/v2\/media?parent=636222"}],"wp:term":[{"taxonomy":"product_brand","embeddable":true,"href":"https:\/\/shop.kustom.ch\/it\/wp-json\/wp\/v2\/product_brand?post=636222"},{"taxonomy":"product_cat","embeddable":true,"href":"https:\/\/shop.kustom.ch\/it\/wp-json\/wp\/v2\/product_cat?post=636222"},{"taxonomy":"product_tag","embeddable":true,"href":"https:\/\/shop.kustom.ch\/it\/wp-json\/wp\/v2\/product_tag?post=636222"}],"curies":[{"name":"wp","href":"https:\/\/api.w.org\/{rel}","templated":true}]}}